{"id":55,"date":"2025-03-19T18:16:34","date_gmt":"2025-03-19T18:16:34","guid":{"rendered":"https:\/\/2theroot.at\/?page_id=55"},"modified":"2026-02-06T21:27:58","modified_gmt":"2026-02-06T21:27:58","slug":"startseite","status":"publish","type":"page","link":"https:\/\/2theroot.at\/","title":{"rendered":"Startseite"},"content":{"rendered":"\t\t<div data-elementor-type=\"wp-page\" data-elementor-id=\"55\" class=\"elementor elementor-55\">\n\t\t\t\t<div class=\"elementor-element elementor-element-359ec22 e-con-full e-flex e-con e-parent\" data-id=\"359ec22\" data-element_type=\"container\" data-e-type=\"container\" data-settings=\"{&quot;background_background&quot;:&quot;classic&quot;}\">\n\t\t\t\t<div class=\"elementor-element elementor-element-319cf3a elementor-widget__width-initial elementor-absolute e-transform elementor-widget elementor-widget-image\" data-id=\"319cf3a\" data-element_type=\"widget\" data-e-type=\"widget\" data-settings=\"{&quot;_position&quot;:&quot;absolute&quot;,&quot;_transform_translateX_effect&quot;:{&quot;unit&quot;:&quot;px&quot;,&quot;size&quot;:0,&quot;sizes&quot;:[]},&quot;_transform_translateX_effect_tablet&quot;:{&quot;unit&quot;:&quot;px&quot;,&quot;size&quot;:&quot;&quot;,&quot;sizes&quot;:[]},&quot;_transform_translateX_effect_mobile&quot;:{&quot;unit&quot;:&quot;px&quot;,&quot;size&quot;:&quot;&quot;,&quot;sizes&quot;:[]},&quot;_transform_translateY_effect&quot;:{&quot;unit&quot;:&quot;px&quot;,&quot;size&quot;:&quot;&quot;,&quot;sizes&quot;:[]},&quot;_transform_translateY_effect_tablet&quot;:{&quot;unit&quot;:&quot;px&quot;,&quot;size&quot;:&quot;&quot;,&quot;sizes&quot;:[]},&quot;_transform_translateY_effect_mobile&quot;:{&quot;unit&quot;:&quot;px&quot;,&quot;size&quot;:&quot;&quot;,&quot;sizes&quot;:[]}}\" data-widget_type=\"image.default\">\n\t\t\t\t<div class=\"elementor-widget-container\">\n\t\t\t\t\t\t\t\t\t\t\t\t\t\t\t<img fetchpriority=\"high\" decoding=\"async\" width=\"692\" height=\"1748\" src=\"https:\/\/2theroot.at\/wp-content\/uploads\/2025\/03\/3144014c-bfc8-4355-8266-cec55e217992.png\" class=\"attachment-full size-full wp-image-19\" alt=\"\" srcset=\"https:\/\/2theroot.at\/wp-content\/uploads\/2025\/03\/3144014c-bfc8-4355-8266-cec55e217992.png 692w, https:\/\/2theroot.at\/wp-content\/uploads\/2025\/03\/3144014c-bfc8-4355-8266-cec55e217992-119x300.png 119w, https:\/\/2theroot.at\/wp-content\/uploads\/2025\/03\/3144014c-bfc8-4355-8266-cec55e217992-405x1024.png 405w, https:\/\/2theroot.at\/wp-content\/uploads\/2025\/03\/3144014c-bfc8-4355-8266-cec55e217992-608x1536.png 608w\" sizes=\"(max-width: 692px) 100vw, 692px\" \/>\t\t\t\t\t\t\t\t\t\t\t\t\t\t\t<\/div>\n\t\t\t\t<\/div>\n\t\t\t\t<\/div>\n\t\t<div class=\"elementor-element elementor-element-1e87314 e-con-full e-flex e-con e-parent\" data-id=\"1e87314\" data-element_type=\"container\" data-e-type=\"container\">\n\t\t\t\t<div class=\"elementor-element elementor-element-c1bc089 elementor-widget elementor-widget-spacer\" data-id=\"c1bc089\" data-element_type=\"widget\" data-e-type=\"widget\" data-widget_type=\"spacer.default\">\n\t\t\t\t<div class=\"elementor-widget-container\">\n\t\t\t\t\t\t\t<div class=\"elementor-spacer\">\n\t\t\t<div class=\"elementor-spacer-inner\"><\/div>\n\t\t<\/div>\n\t\t\t\t\t\t<\/div>\n\t\t\t\t<\/div>\n\t\t\t\t<div class=\"elementor-element elementor-element-e79921b elementor-widget elementor-widget-heading\" data-id=\"e79921b\" data-element_type=\"widget\" data-e-type=\"widget\" data-widget_type=\"heading.default\">\n\t\t\t\t<div class=\"elementor-widget-container\">\n\t\t\t\t\t<h1 class=\"elementor-heading-title elementor-size-default\">To the Root\n- Shiatsu &amp; K\u00f6rperwissen in Linz<\/h1>\t\t\t\t<\/div>\n\t\t\t\t<\/div>\n\t\t\t\t<\/div>\n\t\t<div class=\"elementor-element elementor-element-79530ad e-con-full e-flex e-con e-parent\" data-id=\"79530ad\" data-element_type=\"container\" data-e-type=\"container\">\n\t\t\t\t<div class=\"elementor-element elementor-element-144b66a elementor-widget elementor-widget-spacer\" data-id=\"144b66a\" data-element_type=\"widget\" data-e-type=\"widget\" data-widget_type=\"spacer.default\">\n\t\t\t\t<div class=\"elementor-widget-container\">\n\t\t\t\t\t\t\t<div class=\"elementor-spacer\">\n\t\t\t<div class=\"elementor-spacer-inner\"><\/div>\n\t\t<\/div>\n\t\t\t\t\t\t<\/div>\n\t\t\t\t<\/div>\n\t\t\t\t<div class=\"elementor-element elementor-element-5527d0a elementor-widget elementor-widget-text-editor\" data-id=\"5527d0a\" data-element_type=\"widget\" data-e-type=\"widget\" data-widget_type=\"text-editor.default\">\n\t\t\t\t<div class=\"elementor-widget-container\">\n\t\t\t\t\t\t\t\t\t<blockquote><p style=\"text-align: center;\"><span style=\"font-size: 23px;\">\u201eWirkliche Ver\u00e4nderung entsteht dort, wo wir bereit sind, hinzusehen.\u201c \u00a0 &#8211; Carl Rogers &#8211;\u00a0<\/span><\/p><\/blockquote><p style=\"text-align: center;\"><span style=\"font-size: 21px;\">Als Shiatsu Praktikerin und Biologin verbinde ich k\u00f6rperorientierte Arbeit mit einem fundierten Verst\u00e4ndnis f\u00fcr die Prozesse, die im menschlichen K\u00f6rper wirken. In meiner Praxis in Linz Urfahr begleite ich Menschen, die Klarheit \u00fcber das Zusammenspiel von K\u00f6rper, Emotionen und den Mustern ihres Nervensystems suchen.<\/span><\/p><p style=\"text-align: center;\"><span style=\"font-size: 21px;\">Mein Schwerpunkt liegt auf Themen, die viele Menschen durch unterschiedliche Lebensphasen begleiten: Frauengesundheit in ihrem gesamten Spektrum, Stress und seine Auswirkungen auf den K\u00f6rper sowie Fragen rund um Haltung, Spannung und k\u00f6rperliche Balance. Diese Bereiche greifen ineinander und zeigen sich oft in wiederkehrenden Mustern. Shiatsu bietet hier einen Zugang, der den K\u00f6rper ernst nimmt und Zusammenh\u00e4nge sichtbar macht.<\/span><\/p><p style=\"text-align: center;\"><span style=\"font-size: 21px;\">To the Root richtet sich an Menschen, die nicht nur Entlastung, sondern ein tieferes Verst\u00e4ndnis f\u00fcr sich selbst suchen. Menschen, die wissen m\u00f6chten, warum ihr K\u00f6rper reagiert, wie er reagiert \u2013 und wie sie selbst Einfluss darauf nehmen k\u00f6nnen. In meiner Praxis entsteht Raum f\u00fcr dieses genaue Hinsehen, f\u00fcr Ver\u00e4nderung und f\u00fcr ein neues, vertrauensvolles Verst\u00e4ndnis des eigenen K\u00f6rpers.\u00a0<\/span><\/p>\t\t\t\t\t\t\t\t<\/div>\n\t\t\t\t<\/div>\n\t\t\t\t<\/div>\n\t\t<div class=\"elementor-element elementor-element-a3aa168 e-flex e-con-boxed e-con e-parent\" data-id=\"a3aa168\" data-element_type=\"container\" data-e-type=\"container\">\n\t\t\t\t\t<div class=\"e-con-inner\">\n\t\t\t\t<div class=\"elementor-element elementor-element-538e053 elementor-align-center elementor-widget elementor-widget-button\" data-id=\"538e053\" data-element_type=\"widget\" data-e-type=\"widget\" data-widget_type=\"button.default\">\n\t\t\t\t<div class=\"elementor-widget-container\">\n\t\t\t\t\t\t\t\t\t<div class=\"elementor-button-wrapper\">\n\t\t\t\t\t<a class=\"elementor-button elementor-button-link elementor-size-sm\" href=\"https:\/\/2theroot.at\/?page_id=574\">\n\t\t\t\t\t\t<span class=\"elementor-button-content-wrapper\">\n\t\t\t\t\t\t\t\t\t<span class=\"elementor-button-text\">Termin buchen<\/span>\n\t\t\t\t\t<\/span>\n\t\t\t\t\t<\/a>\n\t\t\t\t<\/div>\n\t\t\t\t\t\t\t\t<\/div>\n\t\t\t\t<\/div>\n\t\t\t\t\t<\/div>\n\t\t\t\t<\/div>\n\t\t\t\t<\/div>\n\t\t","protected":false},"excerpt":{"rendered":"<p>To the Root &#8211; Shiatsu &amp; K\u00f6rperwissen in Linz \u201eWirkliche Ver\u00e4nderung entsteht dort, wo wir bereit sind, hinzusehen.\u201c \u00a0 &#8211; [&hellip;]<\/p>\n","protected":false},"author":1,"featured_media":0,"parent":0,"menu_order":0,"comment_status":"closed","ping_status":"closed","template":"","meta":{"site-sidebar-layout":"no-sidebar","site-content-layout":"","ast-site-content-layout":"full-width-container","site-content-style":"default","site-sidebar-style":"default","ast-global-header-display":"","ast-banner-title-visibility":"","ast-main-header-display":"","ast-hfb-above-header-display":"","ast-hfb-below-header-display":"","ast-hfb-mobile-header-display":"","site-post-title":"disabled","ast-breadcrumbs-content":"","ast-featured-img":"disabled","footer-sml-layout":"","ast-disable-related-posts":"","theme-transparent-header-meta":"","adv-header-id-meta":"","stick-header-meta":"","header-above-stick-meta":"","header-main-stick-meta":"","header-below-stick-meta":"","astra-migrate-meta-layouts":"default","ast-page-background-enabled":"default","ast-page-background-meta":{"desktop":{"background-color":"var(--ast-global-color-5)","background-image":"","background-repeat":"repeat","background-position":"center center","background-size":"auto","background-attachment":"scroll","background-type":"","background-media":"","overlay-type":"","overlay-color":"","overlay-opacity":"","overlay-gradient":""},"tablet":{"background-color":"","background-image":"","background-repeat":"repeat","background-position":"center center","background-size":"auto","background-attachment":"scroll","background-type":"","background-media":"","overlay-type":"","overlay-color":"","overlay-opacity":"","overlay-gradient":""},"mobile":{"background-color":"","background-image":"","background-repeat":"repeat","background-position":"center center","background-size":"auto","background-attachment":"scroll","background-type":"","background-media":"","overlay-type":"","overlay-color":"","overlay-opacity":"","overlay-gradient":""}},"ast-content-background-meta":{"desktop":{"background-color":"var(--ast-global-color-4)","background-image":"","background-repeat":"repeat","background-position":"center center","background-size":"auto","background-attachment":"scroll","background-type":"","background-media":"","overlay-type":"","overlay-color":"","overlay-opacity":"","overlay-gradient":""},"tablet":{"background-color":"var(--ast-global-color-4)","background-image":"","background-repeat":"repeat","background-position":"center center","background-size":"auto","background-attachment":"scroll","background-type":"","background-media":"","overlay-type":"","overlay-color":"","overlay-opacity":"","overlay-gradient":""},"mobile":{"background-color":"var(--ast-global-color-4)","background-image":"","background-repeat":"repeat","background-position":"center center","background-size":"auto","background-attachment":"scroll","background-type":"","background-media":"","overlay-type":"","overlay-color":"","overlay-opacity":"","overlay-gradient":""}},"_kadence_starter_templates_imported_post":false,"footnotes":""},"class_list":["post-55","page","type-page","status-publish","hentry"],"yoast_head":"<!-- This site is optimized with the Yoast SEO plugin v27.4 - https:\/\/yoast.com\/product\/yoast-seo-wordpress\/ -->\n<title>Startseite -<\/title>\n<meta name=\"robots\" content=\"index, follow, max-snippet:-1, max-image-preview:large, max-video-preview:-1\" \/>\n<link rel=\"canonical\" href=\"https:\/\/2theroot.at\/\" \/>\n<meta property=\"og:locale\" content=\"de_DE\" \/>\n<meta property=\"og:type\" content=\"article\" \/>\n<meta property=\"og:title\" content=\"Startseite -\" \/>\n<meta property=\"og:description\" content=\"To the Root &#8211; Shiatsu &amp; K\u00f6rperwissen in Linz \u201eWirkliche Ver\u00e4nderung entsteht dort, wo wir bereit sind, hinzusehen.\u201c \u00a0 &#8211; [&hellip;]\" \/>\n<meta property=\"og:url\" content=\"https:\/\/2theroot.at\/\" \/>\n<meta property=\"article:modified_time\" content=\"2026-02-06T21:27:58+00:00\" \/>\n<meta property=\"og:image\" content=\"https:\/\/2theroot.at\/wp-content\/uploads\/2025\/03\/3144014c-bfc8-4355-8266-cec55e217992.png\" \/>\n\t<meta property=\"og:image:width\" content=\"692\" \/>\n\t<meta property=\"og:image:height\" content=\"1748\" \/>\n\t<meta property=\"og:image:type\" content=\"image\/png\" \/>\n<meta name=\"twitter:card\" content=\"summary_large_image\" \/>\n<meta name=\"twitter:label1\" content=\"Gesch\u00e4tzte Lesezeit\" \/>\n\t<meta name=\"twitter:data1\" content=\"2\u00a0Minuten\" \/>\n<script type=\"application\/ld+json\" class=\"yoast-schema-graph\">{\"@context\":\"https:\\\/\\\/schema.org\",\"@graph\":[{\"@type\":\"WebPage\",\"@id\":\"https:\\\/\\\/2theroot.at\\\/\",\"url\":\"https:\\\/\\\/2theroot.at\\\/\",\"name\":\"Startseite -\",\"isPartOf\":{\"@id\":\"https:\\\/\\\/2theroot.at\\\/#website\"},\"primaryImageOfPage\":{\"@id\":\"https:\\\/\\\/2theroot.at\\\/#primaryimage\"},\"image\":{\"@id\":\"https:\\\/\\\/2theroot.at\\\/#primaryimage\"},\"thumbnailUrl\":\"https:\\\/\\\/2theroot.at\\\/wp-content\\\/uploads\\\/2025\\\/03\\\/3144014c-bfc8-4355-8266-cec55e217992.png\",\"datePublished\":\"2025-03-19T18:16:34+00:00\",\"dateModified\":\"2026-02-06T21:27:58+00:00\",\"breadcrumb\":{\"@id\":\"https:\\\/\\\/2theroot.at\\\/#breadcrumb\"},\"inLanguage\":\"de\",\"potentialAction\":[{\"@type\":\"ReadAction\",\"target\":[\"https:\\\/\\\/2theroot.at\\\/\"]}]},{\"@type\":\"ImageObject\",\"inLanguage\":\"de\",\"@id\":\"https:\\\/\\\/2theroot.at\\\/#primaryimage\",\"url\":\"https:\\\/\\\/2theroot.at\\\/wp-content\\\/uploads\\\/2025\\\/03\\\/3144014c-bfc8-4355-8266-cec55e217992.png\",\"contentUrl\":\"https:\\\/\\\/2theroot.at\\\/wp-content\\\/uploads\\\/2025\\\/03\\\/3144014c-bfc8-4355-8266-cec55e217992.png\",\"width\":692,\"height\":1748},{\"@type\":\"BreadcrumbList\",\"@id\":\"https:\\\/\\\/2theroot.at\\\/#breadcrumb\",\"itemListElement\":[{\"@type\":\"ListItem\",\"position\":1,\"name\":\"Startseite\",\"item\":\"https:\\\/\\\/2theroot.at\\\/\"},{\"@type\":\"ListItem\",\"position\":2,\"name\":\"Startseite\"}]},{\"@type\":\"WebSite\",\"@id\":\"https:\\\/\\\/2theroot.at\\\/#website\",\"url\":\"https:\\\/\\\/2theroot.at\\\/\",\"name\":\"\",\"description\":\"Just another WordPress site\",\"potentialAction\":[{\"@type\":\"SearchAction\",\"target\":{\"@type\":\"EntryPoint\",\"urlTemplate\":\"https:\\\/\\\/2theroot.at\\\/?s={search_term_string}\"},\"query-input\":{\"@type\":\"PropertyValueSpecification\",\"valueRequired\":true,\"valueName\":\"search_term_string\"}}],\"inLanguage\":\"de\"}]}<\/script>\n<!-- \/ Yoast SEO plugin. -->","yoast_head_json":{"title":"Startseite -","robots":{"index":"index","follow":"follow","max-snippet":"max-snippet:-1","max-image-preview":"max-image-preview:large","max-video-preview":"max-video-preview:-1"},"canonical":"https:\/\/2theroot.at\/","og_locale":"de_DE","og_type":"article","og_title":"Startseite -","og_description":"To the Root &#8211; Shiatsu &amp; K\u00f6rperwissen in Linz \u201eWirkliche Ver\u00e4nderung entsteht dort, wo wir bereit sind, hinzusehen.\u201c \u00a0 &#8211; [&hellip;]","og_url":"https:\/\/2theroot.at\/","article_modified_time":"2026-02-06T21:27:58+00:00","og_image":[{"width":692,"height":1748,"url":"https:\/\/2theroot.at\/wp-content\/uploads\/2025\/03\/3144014c-bfc8-4355-8266-cec55e217992.png","type":"image\/png"}],"twitter_card":"summary_large_image","twitter_misc":{"Gesch\u00e4tzte Lesezeit":"2\u00a0Minuten"},"schema":{"@context":"https:\/\/schema.org","@graph":[{"@type":"WebPage","@id":"https:\/\/2theroot.at\/","url":"https:\/\/2theroot.at\/","name":"Startseite -","isPartOf":{"@id":"https:\/\/2theroot.at\/#website"},"primaryImageOfPage":{"@id":"https:\/\/2theroot.at\/#primaryimage"},"image":{"@id":"https:\/\/2theroot.at\/#primaryimage"},"thumbnailUrl":"https:\/\/2theroot.at\/wp-content\/uploads\/2025\/03\/3144014c-bfc8-4355-8266-cec55e217992.png","datePublished":"2025-03-19T18:16:34+00:00","dateModified":"2026-02-06T21:27:58+00:00","breadcrumb":{"@id":"https:\/\/2theroot.at\/#breadcrumb"},"inLanguage":"de","potentialAction":[{"@type":"ReadAction","target":["https:\/\/2theroot.at\/"]}]},{"@type":"ImageObject","inLanguage":"de","@id":"https:\/\/2theroot.at\/#primaryimage","url":"https:\/\/2theroot.at\/wp-content\/uploads\/2025\/03\/3144014c-bfc8-4355-8266-cec55e217992.png","contentUrl":"https:\/\/2theroot.at\/wp-content\/uploads\/2025\/03\/3144014c-bfc8-4355-8266-cec55e217992.png","width":692,"height":1748},{"@type":"BreadcrumbList","@id":"https:\/\/2theroot.at\/#breadcrumb","itemListElement":[{"@type":"ListItem","position":1,"name":"Startseite","item":"https:\/\/2theroot.at\/"},{"@type":"ListItem","position":2,"name":"Startseite"}]},{"@type":"WebSite","@id":"https:\/\/2theroot.at\/#website","url":"https:\/\/2theroot.at\/","name":"","description":"Just another WordPress site","potentialAction":[{"@type":"SearchAction","target":{"@type":"EntryPoint","urlTemplate":"https:\/\/2theroot.at\/?s={search_term_string}"},"query-input":{"@type":"PropertyValueSpecification","valueRequired":true,"valueName":"search_term_string"}}],"inLanguage":"de"}]}},"_links":{"self":[{"href":"https:\/\/2theroot.at\/index.php?rest_route=\/wp\/v2\/pages\/55","targetHints":{"allow":["GET"]}}],"collection":[{"href":"https:\/\/2theroot.at\/index.php?rest_route=\/wp\/v2\/pages"}],"about":[{"href":"https:\/\/2theroot.at\/index.php?rest_route=\/wp\/v2\/types\/page"}],"author":[{"embeddable":true,"href":"https:\/\/2theroot.at\/index.php?rest_route=\/wp\/v2\/users\/1"}],"replies":[{"embeddable":true,"href":"https:\/\/2theroot.at\/index.php?rest_route=%2Fwp%2Fv2%2Fcomments&post=55"}],"version-history":[{"count":115,"href":"https:\/\/2theroot.at\/index.php?rest_route=\/wp\/v2\/pages\/55\/revisions"}],"predecessor-version":[{"id":1843,"href":"https:\/\/2theroot.at\/index.php?rest_route=\/wp\/v2\/pages\/55\/revisions\/1843"}],"wp:attachment":[{"href":"https:\/\/2theroot.at\/index.php?rest_route=%2Fwp%2Fv2%2Fmedia&parent=55"}],"curies":[{"name":"wp","href":"https:\/\/api.w.org\/{rel}","templated":true}]}}