{"id":1741,"date":"2026-02-06T14:46:25","date_gmt":"2026-02-06T14:46:25","guid":{"rendered":"https:\/\/2theroot.at\/?page_id=1741"},"modified":"2026-02-06T15:21:24","modified_gmt":"2026-02-06T15:21:24","slug":"shiatsu-bei-menstruationsbeschwerden","status":"publish","type":"page","link":"https:\/\/2theroot.at\/?page_id=1741","title":{"rendered":"Shiatsu bei Menstruationsbeschwerden"},"content":{"rendered":"\t\t<div data-elementor-type=\"wp-page\" data-elementor-id=\"1741\" class=\"elementor elementor-1741\">\n\t\t\t\t<div class=\"elementor-element elementor-element-4e4ab5d e-con-full e-flex e-con e-parent\" data-id=\"4e4ab5d\" data-element_type=\"container\" data-e-type=\"container\">\n\t\t\t\t<div class=\"elementor-element elementor-element-50bf5be elementor-widget elementor-widget-spacer\" data-id=\"50bf5be\" data-element_type=\"widget\" data-e-type=\"widget\" data-widget_type=\"spacer.default\">\n\t\t\t\t<div class=\"elementor-widget-container\">\n\t\t\t\t\t\t\t<div class=\"elementor-spacer\">\n\t\t\t<div class=\"elementor-spacer-inner\"><\/div>\n\t\t<\/div>\n\t\t\t\t\t\t<\/div>\n\t\t\t\t<\/div>\n\t\t\t\t<div class=\"elementor-element elementor-element-29784c0 elementor-widget elementor-widget-heading\" data-id=\"29784c0\" data-element_type=\"widget\" data-e-type=\"widget\" data-widget_type=\"heading.default\">\n\t\t\t\t<div class=\"elementor-widget-container\">\n\t\t\t\t\t<h1 class=\"elementor-heading-title elementor-size-default\">Shiatsu bei Menstruationsbeschwerden \u2013 nat\u00fcrliche Unterst\u00fctzung f\u00fcr dein zyklisches Wohlbefinden<\/h1>\t\t\t\t<\/div>\n\t\t\t\t<\/div>\n\t\t\t\t<\/div>\n\t\t<div class=\"elementor-element elementor-element-23ba0d7 e-con-full e-flex e-con e-parent\" data-id=\"23ba0d7\" data-element_type=\"container\" data-e-type=\"container\">\n\t\t\t\t<div class=\"elementor-element elementor-element-64fa32f elementor-widget elementor-widget-spacer\" data-id=\"64fa32f\" data-element_type=\"widget\" data-e-type=\"widget\" data-widget_type=\"spacer.default\">\n\t\t\t\t<div class=\"elementor-widget-container\">\n\t\t\t\t\t\t\t<div class=\"elementor-spacer\">\n\t\t\t<div class=\"elementor-spacer-inner\"><\/div>\n\t\t<\/div>\n\t\t\t\t\t\t<\/div>\n\t\t\t\t<\/div>\n\t\t\t\t<div class=\"elementor-element elementor-element-3f22bce elementor-widget elementor-widget-image\" data-id=\"3f22bce\" data-element_type=\"widget\" data-e-type=\"widget\" data-widget_type=\"image.default\">\n\t\t\t\t<div class=\"elementor-widget-container\">\n\t\t\t\t\t\t\t\t\t\t\t\t\t\t\t<img fetchpriority=\"high\" decoding=\"async\" width=\"768\" height=\"512\" src=\"https:\/\/2theroot.at\/wp-content\/uploads\/2025\/12\/2149703436-768x512.jpg\" class=\"attachment-medium_large size-medium_large wp-image-1298\" alt=\"Schematische Darstellung einer Geb\u00e4rmutter mit markierter Blutung zur Illustration des Menstruationszyklus.\" srcset=\"https:\/\/2theroot.at\/wp-content\/uploads\/2025\/12\/2149703436-768x512.jpg 768w, https:\/\/2theroot.at\/wp-content\/uploads\/2025\/12\/2149703436-300x200.jpg 300w, https:\/\/2theroot.at\/wp-content\/uploads\/2025\/12\/2149703436-1024x683.jpg 1024w, https:\/\/2theroot.at\/wp-content\/uploads\/2025\/12\/2149703436.jpg 1280w\" sizes=\"(max-width: 768px) 100vw, 768px\" \/>\t\t\t\t\t\t\t\t\t\t\t\t\t\t\t<\/div>\n\t\t\t\t<\/div>\n\t\t\t\t<div class=\"elementor-element elementor-element-ff6ea0d elementor-widget elementor-widget-spacer\" data-id=\"ff6ea0d\" data-element_type=\"widget\" data-e-type=\"widget\" data-widget_type=\"spacer.default\">\n\t\t\t\t<div class=\"elementor-widget-container\">\n\t\t\t\t\t\t\t<div class=\"elementor-spacer\">\n\t\t\t<div class=\"elementor-spacer-inner\"><\/div>\n\t\t<\/div>\n\t\t\t\t\t\t<\/div>\n\t\t\t\t<\/div>\n\t\t\t\t<\/div>\n\t\t<div class=\"elementor-element elementor-element-ad74984 e-con-full e-flex e-con e-parent\" data-id=\"ad74984\" data-element_type=\"container\" data-e-type=\"container\">\n\t\t\t\t<div class=\"elementor-element elementor-element-f4f81ab elementor-widget elementor-widget-heading\" data-id=\"f4f81ab\" data-element_type=\"widget\" data-e-type=\"widget\" data-widget_type=\"heading.default\">\n\t\t\t\t<div class=\"elementor-widget-container\">\n\t\t\t\t\t<h2 class=\"elementor-heading-title elementor-size-default\">Wenn der Zyklus aus dem Gleichgewicht ger\u00e4t<\/h2>\t\t\t\t<\/div>\n\t\t\t\t<\/div>\n\t\t\t\t<\/div>\n\t\t<div class=\"elementor-element elementor-element-1686d2e e-con-full e-flex e-con e-parent\" data-id=\"1686d2e\" data-element_type=\"container\" data-e-type=\"container\">\n\t\t\t\t<div class=\"elementor-element elementor-element-8f19aa2 elementor-widget elementor-widget-text-editor\" data-id=\"8f19aa2\" data-element_type=\"widget\" data-e-type=\"widget\" data-widget_type=\"text-editor.default\">\n\t\t\t\t<div class=\"elementor-widget-container\">\n\t\t\t\t\t\t\t\t\t<p><span style=\"font-size: 21px;\">Viele Frauen erleben ihren Menstruationszyklus nicht als harmonischen Rhythmus, sondern als monatliche Herausforderung. Schmerzen im Unterbauch, R\u00fcckenschmerzen, Stimmungsschwankungen, M\u00fcdigkeit oder ein Gef\u00fchl von innerer Unruhe k\u00f6nnen den Alltag stark beeinflussen. Shiatsu bietet hier eine sanfte, ganzheitliche M\u00f6glichkeit, den K\u00f6rper zu unterst\u00fctzen und wieder in Balance zu bringen.<\/span><\/p><p><span style=\"font-size: 21px;\">Durch achtsame Ber\u00fchrung, sanften Druck entlang der Meridiane und gezielte Dehnungen entsteht Raum, in dem dein K\u00f6rper entspannen und regulieren kann. Shiatsu wirkt dabei nicht symptomorientiert, sondern st\u00e4rkt das gesamte energetische System.<\/span><\/p>\t\t\t\t\t\t\t\t<\/div>\n\t\t\t\t<\/div>\n\t\t\t\t<\/div>\n\t\t<div class=\"elementor-element elementor-element-a673150 e-con-full e-flex e-con e-parent\" data-id=\"a673150\" data-element_type=\"container\" data-e-type=\"container\">\n\t\t\t\t<div class=\"elementor-element elementor-element-bdf0bb6 elementor-widget elementor-widget-heading\" data-id=\"bdf0bb6\" data-element_type=\"widget\" data-e-type=\"widget\" data-widget_type=\"heading.default\">\n\t\t\t\t<div class=\"elementor-widget-container\">\n\t\t\t\t\t<h2 class=\"elementor-heading-title elementor-size-default\">Wie Shiatsu bei Menstruationsbeschwerden unterst\u00fctzen kann<\/h2>\t\t\t\t<\/div>\n\t\t\t\t<\/div>\n\t\t\t\t<\/div>\n\t\t<div class=\"elementor-element elementor-element-93fcb7c e-con-full e-flex e-con e-parent\" data-id=\"93fcb7c\" data-element_type=\"container\" data-e-type=\"container\">\n\t\t\t\t<div class=\"elementor-element elementor-element-f08099c elementor-widget elementor-widget-text-editor\" data-id=\"f08099c\" data-element_type=\"widget\" data-e-type=\"widget\" data-widget_type=\"text-editor.default\">\n\t\t\t\t<div class=\"elementor-widget-container\">\n\t\t\t\t\t\t\t\t\t<p><span style=\"font-size: 21px;\">Shiatsu kann helfen, die nat\u00fcrlichen Prozesse des K\u00f6rpers zu harmonisieren und Beschwerden zu lindern, die h\u00e4ufig im Zusammenhang mit dem Zyklus auftreten. Dazu geh\u00f6ren unter anderem:<\/span><\/p><ul><li><p><span style=\"font-size: 21px;\">Kr\u00e4mpfe und Schmerzen im Unterbauch<\/span><\/p><\/li><li><p><span style=\"font-size: 21px;\">R\u00fcckenschmerzen und Verspannungen<\/span><\/p><\/li><li><p><span style=\"font-size: 21px;\">PMS\u2011Symptome wie Reizbarkeit, Stimmungsschwankungen oder innere Unruhe<\/span><\/p><\/li><li><p><span style=\"font-size: 21px;\">M\u00fcdigkeit und Ersch\u00f6pfung<\/span><\/p><\/li><li><p><span style=\"font-size: 21px;\">Kopfschmerzen<\/span><\/p><\/li><li><p><span style=\"font-size: 21px;\">ein Gef\u00fchl von \u201eStagnation\u201c oder Schwere im K\u00f6rper<\/span><\/p><\/li><\/ul><p><span style=\"font-size: 21px;\">Durch die Arbeit an Meridianen, die eng mit dem hormonellen System, der Beckenregion und dem emotionalen Gleichgewicht verbunden sind, kann Shiatsu den Energiefluss f\u00f6rdern und den K\u00f6rper darin unterst\u00fctzen, wieder in seinen nat\u00fcrlichen Rhythmus zu finden. Zus\u00e4tzlich k\u00f6nnen sanfte\u00a0<\/span><span style=\"font-size: 21px; font-style: inherit; text-align: var(--text-align);\">W\u00e4rmebehandlungen am Unterbauch das Wohlbefinden weiter steigern und den Entspannungsprozess vertiefen.<\/span><\/p>\t\t\t\t\t\t\t\t<\/div>\n\t\t\t\t<\/div>\n\t\t\t\t<\/div>\n\t\t<div class=\"elementor-element elementor-element-74ecba5 e-con-full e-flex e-con e-parent\" data-id=\"74ecba5\" data-element_type=\"container\" data-e-type=\"container\">\n\t\t\t\t<div class=\"elementor-element elementor-element-13d4bac elementor-widget elementor-widget-heading\" data-id=\"13d4bac\" data-element_type=\"widget\" data-e-type=\"widget\" data-widget_type=\"heading.default\">\n\t\t\t\t<div class=\"elementor-widget-container\">\n\t\t\t\t\t<h2 class=\"elementor-heading-title elementor-size-default\">Mehr Leichtigkeit im Zyklus<\/h2>\t\t\t\t<\/div>\n\t\t\t\t<\/div>\n\t\t\t\t<\/div>\n\t\t<div class=\"elementor-element elementor-element-2a319d0 e-con-full e-flex e-con e-parent\" data-id=\"2a319d0\" data-element_type=\"container\" data-e-type=\"container\">\n\t\t\t\t<div class=\"elementor-element elementor-element-4f7712b elementor-widget elementor-widget-text-editor\" data-id=\"4f7712b\" data-element_type=\"widget\" data-e-type=\"widget\" data-widget_type=\"text-editor.default\">\n\t\t\t\t<div class=\"elementor-widget-container\">\n\t\t\t\t\t\t\t\t\t<p><span style=\"font-size: 21px;\">Viele Frauen berichten, dass sie nach einer Shiatsu\u2011Behandlung ein Gef\u00fchl von Weite, W\u00e4rme und innerer Ruhe wahrnehmen. Die achtsame Ber\u00fchrung hilft, Energieblockaden \u00a0zu l\u00f6sen, die Atmung zu vertiefen und das Nervensystem zu beruhigen. Dadurch kann sich der K\u00f6rper besser regulieren \u2013 ein wichtiger Faktor, wenn der Zyklus aus dem Gleichgewicht geraten ist.<\/span><\/p><p><span style=\"font-size: 21px;\">Shiatsu st\u00e4rkt zudem die K\u00f6rperwahrnehmung. Du lernst, Signale deines K\u00f6rpers fr\u00fcher zu erkennen und bewusster mit deinem Zyklus umzugehen. Das kann langfristig zu mehr Stabilit\u00e4t und Wohlbefinden f\u00fchren.<\/span><\/p>\t\t\t\t\t\t\t\t<\/div>\n\t\t\t\t<\/div>\n\t\t\t\t<\/div>\n\t\t<div class=\"elementor-element elementor-element-ecd0894 e-con-full e-flex e-con e-parent\" data-id=\"ecd0894\" data-element_type=\"container\" data-e-type=\"container\">\n\t\t\t\t<div class=\"elementor-element elementor-element-c0b6f1c elementor-widget elementor-widget-heading\" data-id=\"c0b6f1c\" data-element_type=\"widget\" data-e-type=\"widget\" data-widget_type=\"heading.default\">\n\t\t\t\t<div class=\"elementor-widget-container\">\n\t\t\t\t\t<h2 class=\"elementor-heading-title elementor-size-default\">F\u00fcr dich da  in Linz<\/h2>\t\t\t\t<\/div>\n\t\t\t\t<\/div>\n\t\t\t\t<\/div>\n\t\t<div class=\"elementor-element elementor-element-e20be8d e-con-full e-flex e-con e-parent\" data-id=\"e20be8d\" data-element_type=\"container\" data-e-type=\"container\">\n\t\t\t\t<div class=\"elementor-element elementor-element-b77fddc elementor-widget elementor-widget-text-editor\" data-id=\"b77fddc\" data-element_type=\"widget\" data-e-type=\"widget\" data-widget_type=\"text-editor.default\">\n\t\t\t\t<div class=\"elementor-widget-container\">\n\t\t\t\t\t\t\t\t\t<p><span style=\"font-size: 21px;\">Als Shiatsu\u2011Praktikerin in Linz begleite ich Frauen dabei, ihren Zyklus besser zu verstehen und Beschwerden auf sanfte Weise zu lindern. Shiatsu kann sowohl w\u00e4hrend der Menstruation als auch in den Tagen davor oder danach wohltuend wirken. Auf meiner Angebotsseite findest du weitere Informationen zu meinen Shiatsu\u2011Behandlungen und wie ich dich auf deinem Weg zu mehr zyklischer Balance unterst\u00fctzen kann.<\/span><\/p>\t\t\t\t\t\t\t\t<\/div>\n\t\t\t\t<\/div>\n\t\t\t\t<\/div>\n\t\t\t\t<\/div>\n\t\t","protected":false},"excerpt":{"rendered":"<p>Shiatsu bei Menstruationsbeschwerden \u2013 nat\u00fcrliche Unterst\u00fctzung f\u00fcr dein zyklisches Wohlbefinden Wenn der Zyklus aus dem Gleichgewicht ger\u00e4t Viele Frauen erleben [&hellip;]<\/p>\n","protected":false},"author":1,"featured_media":0,"parent":0,"menu_order":0,"comment_status":"closed","ping_status":"closed","template":"","meta":{"site-sidebar-layout":"no-sidebar","site-content-layout":"","ast-site-content-layout":"full-width-container","site-content-style":"default","site-sidebar-style":"default","ast-global-header-display":"","ast-banner-title-visibility":"","ast-main-header-display":"","ast-hfb-above-header-display":"","ast-hfb-below-header-display":"","ast-hfb-mobile-header-display":"","site-post-title":"disabled","ast-breadcrumbs-content":"","ast-featured-img":"disabled","footer-sml-layout":"","ast-disable-related-posts":"","theme-transparent-header-meta":"","adv-header-id-meta":"","stick-header-meta":"","header-above-stick-meta":"","header-main-stick-meta":"","header-below-stick-meta":"","astra-migrate-meta-layouts":"default","ast-page-background-enabled":"default","ast-page-background-meta":{"desktop":{"background-color":"var(--ast-global-color-5)","background-image":"","background-repeat":"repeat","background-position":"center center","background-size":"auto","background-attachment":"scroll","background-type":"","background-media":"","overlay-type":"","overlay-color":"","overlay-opacity":"","overlay-gradient":""},"tablet":{"background-color":"","background-image":"","background-repeat":"repeat","background-position":"center center","background-size":"auto","background-attachment":"scroll","background-type":"","background-media":"","overlay-type":"","overlay-color":"","overlay-opacity":"","overlay-gradient":""},"mobile":{"background-color":"","background-image":"","background-repeat":"repeat","background-position":"center center","background-size":"auto","background-attachment":"scroll","background-type":"","background-media":"","overlay-type":"","overlay-color":"","overlay-opacity":"","overlay-gradient":""}},"ast-content-background-meta":{"desktop":{"background-color":"var(--ast-global-color-4)","background-image":"","background-repeat":"repeat","background-position":"center center","background-size":"auto","background-attachment":"scroll","background-type":"","background-media":"","overlay-type":"","overlay-color":"","overlay-opacity":"","overlay-gradient":""},"tablet":{"background-color":"var(--ast-global-color-4)","background-image":"","background-repeat":"repeat","background-position":"center center","background-size":"auto","background-attachment":"scroll","background-type":"","background-media":"","overlay-type":"","overlay-color":"","overlay-opacity":"","overlay-gradient":""},"mobile":{"background-color":"var(--ast-global-color-4)","background-image":"","background-repeat":"repeat","background-position":"center center","background-size":"auto","background-attachment":"scroll","background-type":"","background-media":"","overlay-type":"","overlay-color":"","overlay-opacity":"","overlay-gradient":""}},"_kadence_starter_templates_imported_post":false,"footnotes":""},"class_list":["post-1741","page","type-page","status-publish","hentry"],"yoast_head":"<!-- This site is optimized with the Yoast SEO plugin v27.4 - https:\/\/yoast.com\/product\/yoast-seo-wordpress\/ -->\n<title>Shiatsu bei Menstruationsbeschwerden -<\/title>\n<meta name=\"robots\" content=\"index, follow, max-snippet:-1, max-image-preview:large, max-video-preview:-1\" \/>\n<link rel=\"canonical\" href=\"https:\/\/2theroot.at\/?page_id=1741\" \/>\n<meta property=\"og:locale\" content=\"de_DE\" \/>\n<meta property=\"og:type\" content=\"article\" \/>\n<meta property=\"og:title\" content=\"Shiatsu bei Menstruationsbeschwerden -\" \/>\n<meta property=\"og:description\" content=\"Shiatsu bei Menstruationsbeschwerden \u2013 nat\u00fcrliche Unterst\u00fctzung f\u00fcr dein zyklisches Wohlbefinden Wenn der Zyklus aus dem Gleichgewicht ger\u00e4t Viele Frauen erleben [&hellip;]\" \/>\n<meta property=\"og:url\" content=\"https:\/\/2theroot.at\/?page_id=1741\" \/>\n<meta property=\"article:modified_time\" content=\"2026-02-06T15:21:24+00:00\" \/>\n<meta property=\"og:image\" content=\"https:\/\/2theroot.at\/wp-content\/uploads\/2025\/12\/2149703436.jpg\" \/>\n\t<meta property=\"og:image:width\" content=\"1280\" \/>\n\t<meta property=\"og:image:height\" content=\"854\" \/>\n\t<meta property=\"og:image:type\" content=\"image\/jpeg\" \/>\n<meta name=\"twitter:card\" content=\"summary_large_image\" \/>\n<meta name=\"twitter:label1\" content=\"Gesch\u00e4tzte Lesezeit\" \/>\n\t<meta name=\"twitter:data1\" content=\"3\u00a0Minuten\" \/>\n<script type=\"application\/ld+json\" class=\"yoast-schema-graph\">{\"@context\":\"https:\\\/\\\/schema.org\",\"@graph\":[{\"@type\":\"WebPage\",\"@id\":\"https:\\\/\\\/2theroot.at\\\/?page_id=1741\",\"url\":\"https:\\\/\\\/2theroot.at\\\/?page_id=1741\",\"name\":\"Shiatsu bei Menstruationsbeschwerden -\",\"isPartOf\":{\"@id\":\"https:\\\/\\\/2theroot.at\\\/#website\"},\"primaryImageOfPage\":{\"@id\":\"https:\\\/\\\/2theroot.at\\\/?page_id=1741#primaryimage\"},\"image\":{\"@id\":\"https:\\\/\\\/2theroot.at\\\/?page_id=1741#primaryimage\"},\"thumbnailUrl\":\"https:\\\/\\\/2theroot.at\\\/wp-content\\\/uploads\\\/2025\\\/12\\\/2149703436-768x512.jpg\",\"datePublished\":\"2026-02-06T14:46:25+00:00\",\"dateModified\":\"2026-02-06T15:21:24+00:00\",\"breadcrumb\":{\"@id\":\"https:\\\/\\\/2theroot.at\\\/?page_id=1741#breadcrumb\"},\"inLanguage\":\"de\",\"potentialAction\":[{\"@type\":\"ReadAction\",\"target\":[\"https:\\\/\\\/2theroot.at\\\/?page_id=1741\"]}]},{\"@type\":\"ImageObject\",\"inLanguage\":\"de\",\"@id\":\"https:\\\/\\\/2theroot.at\\\/?page_id=1741#primaryimage\",\"url\":\"https:\\\/\\\/2theroot.at\\\/wp-content\\\/uploads\\\/2025\\\/12\\\/2149703436.jpg\",\"contentUrl\":\"https:\\\/\\\/2theroot.at\\\/wp-content\\\/uploads\\\/2025\\\/12\\\/2149703436.jpg\",\"width\":1280,\"height\":854,\"caption\":\"Schematische Darstellung einer Geb\u00e4rmutter mit markierter Blutung zur Illustration des Menstruationszyklus.\"},{\"@type\":\"BreadcrumbList\",\"@id\":\"https:\\\/\\\/2theroot.at\\\/?page_id=1741#breadcrumb\",\"itemListElement\":[{\"@type\":\"ListItem\",\"position\":1,\"name\":\"Startseite\",\"item\":\"https:\\\/\\\/2theroot.at\\\/\"},{\"@type\":\"ListItem\",\"position\":2,\"name\":\"Shiatsu bei Menstruationsbeschwerden\"}]},{\"@type\":\"WebSite\",\"@id\":\"https:\\\/\\\/2theroot.at\\\/#website\",\"url\":\"https:\\\/\\\/2theroot.at\\\/\",\"name\":\"\",\"description\":\"Just another WordPress site\",\"potentialAction\":[{\"@type\":\"SearchAction\",\"target\":{\"@type\":\"EntryPoint\",\"urlTemplate\":\"https:\\\/\\\/2theroot.at\\\/?s={search_term_string}\"},\"query-input\":{\"@type\":\"PropertyValueSpecification\",\"valueRequired\":true,\"valueName\":\"search_term_string\"}}],\"inLanguage\":\"de\"}]}<\/script>\n<!-- \/ Yoast SEO plugin. -->","yoast_head_json":{"title":"Shiatsu bei Menstruationsbeschwerden -","robots":{"index":"index","follow":"follow","max-snippet":"max-snippet:-1","max-image-preview":"max-image-preview:large","max-video-preview":"max-video-preview:-1"},"canonical":"https:\/\/2theroot.at\/?page_id=1741","og_locale":"de_DE","og_type":"article","og_title":"Shiatsu bei Menstruationsbeschwerden -","og_description":"Shiatsu bei Menstruationsbeschwerden \u2013 nat\u00fcrliche Unterst\u00fctzung f\u00fcr dein zyklisches Wohlbefinden Wenn der Zyklus aus dem Gleichgewicht ger\u00e4t Viele Frauen erleben [&hellip;]","og_url":"https:\/\/2theroot.at\/?page_id=1741","article_modified_time":"2026-02-06T15:21:24+00:00","og_image":[{"width":1280,"height":854,"url":"https:\/\/2theroot.at\/wp-content\/uploads\/2025\/12\/2149703436.jpg","type":"image\/jpeg"}],"twitter_card":"summary_large_image","twitter_misc":{"Gesch\u00e4tzte Lesezeit":"3\u00a0Minuten"},"schema":{"@context":"https:\/\/schema.org","@graph":[{"@type":"WebPage","@id":"https:\/\/2theroot.at\/?page_id=1741","url":"https:\/\/2theroot.at\/?page_id=1741","name":"Shiatsu bei Menstruationsbeschwerden -","isPartOf":{"@id":"https:\/\/2theroot.at\/#website"},"primaryImageOfPage":{"@id":"https:\/\/2theroot.at\/?page_id=1741#primaryimage"},"image":{"@id":"https:\/\/2theroot.at\/?page_id=1741#primaryimage"},"thumbnailUrl":"https:\/\/2theroot.at\/wp-content\/uploads\/2025\/12\/2149703436-768x512.jpg","datePublished":"2026-02-06T14:46:25+00:00","dateModified":"2026-02-06T15:21:24+00:00","breadcrumb":{"@id":"https:\/\/2theroot.at\/?page_id=1741#breadcrumb"},"inLanguage":"de","potentialAction":[{"@type":"ReadAction","target":["https:\/\/2theroot.at\/?page_id=1741"]}]},{"@type":"ImageObject","inLanguage":"de","@id":"https:\/\/2theroot.at\/?page_id=1741#primaryimage","url":"https:\/\/2theroot.at\/wp-content\/uploads\/2025\/12\/2149703436.jpg","contentUrl":"https:\/\/2theroot.at\/wp-content\/uploads\/2025\/12\/2149703436.jpg","width":1280,"height":854,"caption":"Schematische Darstellung einer Geb\u00e4rmutter mit markierter Blutung zur Illustration des Menstruationszyklus."},{"@type":"BreadcrumbList","@id":"https:\/\/2theroot.at\/?page_id=1741#breadcrumb","itemListElement":[{"@type":"ListItem","position":1,"name":"Startseite","item":"https:\/\/2theroot.at\/"},{"@type":"ListItem","position":2,"name":"Shiatsu bei Menstruationsbeschwerden"}]},{"@type":"WebSite","@id":"https:\/\/2theroot.at\/#website","url":"https:\/\/2theroot.at\/","name":"","description":"Just another WordPress site","potentialAction":[{"@type":"SearchAction","target":{"@type":"EntryPoint","urlTemplate":"https:\/\/2theroot.at\/?s={search_term_string}"},"query-input":{"@type":"PropertyValueSpecification","valueRequired":true,"valueName":"search_term_string"}}],"inLanguage":"de"}]}},"_links":{"self":[{"href":"https:\/\/2theroot.at\/index.php?rest_route=\/wp\/v2\/pages\/1741","targetHints":{"allow":["GET"]}}],"collection":[{"href":"https:\/\/2theroot.at\/index.php?rest_route=\/wp\/v2\/pages"}],"about":[{"href":"https:\/\/2theroot.at\/index.php?rest_route=\/wp\/v2\/types\/page"}],"author":[{"embeddable":true,"href":"https:\/\/2theroot.at\/index.php?rest_route=\/wp\/v2\/users\/1"}],"replies":[{"embeddable":true,"href":"https:\/\/2theroot.at\/index.php?rest_route=%2Fwp%2Fv2%2Fcomments&post=1741"}],"version-history":[{"count":13,"href":"https:\/\/2theroot.at\/index.php?rest_route=\/wp\/v2\/pages\/1741\/revisions"}],"predecessor-version":[{"id":1767,"href":"https:\/\/2theroot.at\/index.php?rest_route=\/wp\/v2\/pages\/1741\/revisions\/1767"}],"wp:attachment":[{"href":"https:\/\/2theroot.at\/index.php?rest_route=%2Fwp%2Fv2%2Fmedia&parent=1741"}],"curies":[{"name":"wp","href":"https:\/\/api.w.org\/{rel}","templated":true}]}}