{"id":1535,"date":"2026-02-03T09:03:10","date_gmt":"2026-02-03T09:03:10","guid":{"rendered":"https:\/\/2theroot.at\/?page_id=1535"},"modified":"2026-02-06T15:57:34","modified_gmt":"2026-02-06T15:57:34","slug":"impressum","status":"publish","type":"page","link":"https:\/\/2theroot.at\/?page_id=1535","title":{"rendered":"Impressum"},"content":{"rendered":"\t\t<div data-elementor-type=\"wp-page\" data-elementor-id=\"1535\" class=\"elementor elementor-1535\">\n\t\t\t\t<div class=\"elementor-element elementor-element-b09419b e-con-full e-flex e-con e-parent\" data-id=\"b09419b\" data-element_type=\"container\" data-e-type=\"container\">\n\t\t\t\t<div class=\"elementor-element elementor-element-a339241 elementor-widget elementor-widget-spacer\" data-id=\"a339241\" data-element_type=\"widget\" data-e-type=\"widget\" data-widget_type=\"spacer.default\">\n\t\t\t\t<div class=\"elementor-widget-container\">\n\t\t\t\t\t\t\t<div class=\"elementor-spacer\">\n\t\t\t<div class=\"elementor-spacer-inner\"><\/div>\n\t\t<\/div>\n\t\t\t\t\t\t<\/div>\n\t\t\t\t<\/div>\n\t\t\t\t<div class=\"elementor-element elementor-element-15f9113 elementor-widget elementor-widget-heading\" data-id=\"15f9113\" data-element_type=\"widget\" data-e-type=\"widget\" data-widget_type=\"heading.default\">\n\t\t\t\t<div class=\"elementor-widget-container\">\n\t\t\t\t\t<h2 class=\"elementor-heading-title elementor-size-default\">Impressum<\/h2>\t\t\t\t<\/div>\n\t\t\t\t<\/div>\n\t\t\t\t<div class=\"elementor-element elementor-element-bb580bd elementor-widget elementor-widget-spacer\" data-id=\"bb580bd\" data-element_type=\"widget\" data-e-type=\"widget\" data-widget_type=\"spacer.default\">\n\t\t\t\t<div class=\"elementor-widget-container\">\n\t\t\t\t\t\t\t<div class=\"elementor-spacer\">\n\t\t\t<div class=\"elementor-spacer-inner\"><\/div>\n\t\t<\/div>\n\t\t\t\t\t\t<\/div>\n\t\t\t\t<\/div>\n\t\t\t\t<\/div>\n\t\t<div class=\"elementor-element elementor-element-7578fef e-con-full e-flex e-con e-parent\" data-id=\"7578fef\" data-element_type=\"container\" data-e-type=\"container\">\n\t\t\t\t<div class=\"elementor-element elementor-element-93aa298 elementor-widget elementor-widget-text-editor\" data-id=\"93aa298\" data-element_type=\"widget\" data-e-type=\"widget\" data-widget_type=\"text-editor.default\">\n\t\t\t\t<div class=\"elementor-widget-container\">\n\t\t\t\t\t\t\t\t\t<p><span style=\"font-size: 21px;\"><strong>To the Root &#8211; Shiatsu e.U.<\/strong><\/span><\/p><p><span style=\"font-size: 21px;\"><strong>Inhaberin:<\/strong> Sarah Zauner, PhD<\/span><\/p><p><span style=\"font-size: 21px;\">Eingetragenes Einzelunternehmen<\/span><\/p><p><span style=\"font-size: 21px;\"><strong>Unternehmensgegenstand:<\/strong> Massage, eingeschr\u00e4nkt auf Shiatsu<\/span><\/p><p><span style=\"font-size: 21px;\"><strong>Mitglied der WK\u00d6, O\u00d6 Landesinnung der Fu\u00dfpfleger, Kosmetiker &amp; Masseure<\/strong><\/span><\/p><p><span style=\"font-size: 21px;\"><strong>Berufsrecht:<\/strong> <a href=\"http:\/\/www.ris.bka.gv.at\" target=\"_blank\" rel=\"noopener\">www.ris.bka.gv.at\u00a0<\/a><\/span><\/p><p style=\"font-size: 16px; font-style: normal;\"><span style=\"font-size: 21px;\"><strong>Gewerbebeh\u00f6rde:<\/strong>\u00a0Magistrat Linz<\/span><\/p><p><span style=\"font-size: 21px;\"><strong>Berufsbezeichnung:<\/strong> Shiatsu Praktiker<\/span><\/p><p><span style=\"font-size: 21px;\"><strong>Verleihungsstaat:<\/strong> \u00d6sterreich<\/span><\/p><p><span style=\"font-size: 21px;\"><strong>FN:<\/strong> 651115y<\/span><\/p><p><span style=\"font-size: 21px;\"><strong>FB-Gericht:<\/strong> Landesgericht Linz<\/span><\/p><p><span style=\"font-size: 21px;\"><strong>Firmensitz:<\/strong> 4040 Linz, Bl\u00fctenstra\u00dfe 2a | Austria<\/span><\/p><p><span style=\"font-size: 21px;\"><strong>Tel:<\/strong> +43 677 62910381<\/span><\/p><p><span style=\"font-size: 21px;\"><strong>E-Mail:<\/strong> sayhi@2theroot.at<\/span><\/p><p><span style=\"font-size: 21px;\"><strong>Mein Anliegen:<\/strong> Informationen \u00fcber die Gesundheitslehre Shiatsu, Biologie &amp; Wissenschaft sowie Nachhaltigkeit &amp; Umwelt<\/span><\/p><p><span style=\"font-size: 21px;\">\u00a0<\/span><strong style=\"font-style: inherit; text-align: var(--text-align);\"><span style=\"font-size: 21px;\">Website Gestaltung:<\/span><\/strong><\/p><p><span style=\"font-size: 21px;\">Inhalt &amp; Design: Sarah Zauner<\/span><\/p><p><span style=\"font-size: 21px;\"><strong>Hinweis:<\/strong>\u00a0<\/span><span style=\"font-size: 21px; font-style: inherit; text-align: var(--text-align);\">Die auf dieser Seite vorgestellten Methoden sind wertvolle Erg\u00e4nzungen zu schulmedizinischen Behandlungsmethoden, ersetzen jedoch keine \u00e4rztliche oder psychotherapeutische Behandlung.<\/span><\/p>\t\t\t\t\t\t\t\t<\/div>\n\t\t\t\t<\/div>\n\t\t\t\t<\/div>\n\t\t\t\t<\/div>\n\t\t","protected":false},"excerpt":{"rendered":"<p>Impressum To the Root &#8211; Shiatsu e.U. Inhaberin: Sarah Zauner, PhD Eingetragenes Einzelunternehmen Unternehmensgegenstand: Massage, eingeschr\u00e4nkt auf Shiatsu Mitglied der [&hellip;]<\/p>\n","protected":false},"author":1,"featured_media":0,"parent":0,"menu_order":0,"comment_status":"closed","ping_status":"closed","template":"","meta":{"site-sidebar-layout":"no-sidebar","site-content-layout":"","ast-site-content-layout":"full-width-container","site-content-style":"default","site-sidebar-style":"default","ast-global-header-display":"","ast-banner-title-visibility":"","ast-main-header-display":"","ast-hfb-above-header-display":"","ast-hfb-below-header-display":"","ast-hfb-mobile-header-display":"","site-post-title":"","ast-breadcrumbs-content":"","ast-featured-img":"disabled","footer-sml-layout":"","ast-disable-related-posts":"","theme-transparent-header-meta":"","adv-header-id-meta":"","stick-header-meta":"","header-above-stick-meta":"","header-main-stick-meta":"","header-below-stick-meta":"","astra-migrate-meta-layouts":"default","ast-page-background-enabled":"default","ast-page-background-meta":{"desktop":{"background-color":"var(--ast-global-color-5)","background-image":"","background-repeat":"repeat","background-position":"center center","background-size":"auto","background-attachment":"scroll","background-type":"","background-media":"","overlay-type":"","overlay-color":"","overlay-opacity":"","overlay-gradient":""},"tablet":{"background-color":"","background-image":"","background-repeat":"repeat","background-position":"center center","background-size":"auto","background-attachment":"scroll","background-type":"","background-media":"","overlay-type":"","overlay-color":"","overlay-opacity":"","overlay-gradient":""},"mobile":{"background-color":"","background-image":"","background-repeat":"repeat","background-position":"center center","background-size":"auto","background-attachment":"scroll","background-type":"","background-media":"","overlay-type":"","overlay-color":"","overlay-opacity":"","overlay-gradient":""}},"ast-content-background-meta":{"desktop":{"background-color":"var(--ast-global-color-4)","background-image":"","background-repeat":"repeat","background-position":"center center","background-size":"auto","background-attachment":"scroll","background-type":"","background-media":"","overlay-type":"","overlay-color":"","overlay-opacity":"","overlay-gradient":""},"tablet":{"background-color":"var(--ast-global-color-4)","background-image":"","background-repeat":"repeat","background-position":"center center","background-size":"auto","background-attachment":"scroll","background-type":"","background-media":"","overlay-type":"","overlay-color":"","overlay-opacity":"","overlay-gradient":""},"mobile":{"background-color":"var(--ast-global-color-4)","background-image":"","background-repeat":"repeat","background-position":"center center","background-size":"auto","background-attachment":"scroll","background-type":"","background-media":"","overlay-type":"","overlay-color":"","overlay-opacity":"","overlay-gradient":""}},"_kadence_starter_templates_imported_post":false,"footnotes":""},"class_list":["post-1535","page","type-page","status-publish","hentry"],"yoast_head":"<!-- This site is optimized with the Yoast SEO plugin v27.4 - https:\/\/yoast.com\/product\/yoast-seo-wordpress\/ -->\n<title>Impressum -<\/title>\n<meta name=\"robots\" content=\"index, follow, max-snippet:-1, max-image-preview:large, max-video-preview:-1\" \/>\n<link rel=\"canonical\" href=\"https:\/\/2theroot.at\/?page_id=1535\" \/>\n<meta property=\"og:locale\" content=\"de_DE\" \/>\n<meta property=\"og:type\" content=\"article\" \/>\n<meta property=\"og:title\" content=\"Impressum -\" \/>\n<meta property=\"og:description\" content=\"Impressum To the Root &#8211; Shiatsu e.U. Inhaberin: Sarah Zauner, PhD Eingetragenes Einzelunternehmen Unternehmensgegenstand: Massage, eingeschr\u00e4nkt auf Shiatsu Mitglied der [&hellip;]\" \/>\n<meta property=\"og:url\" content=\"https:\/\/2theroot.at\/?page_id=1535\" \/>\n<meta property=\"article:modified_time\" content=\"2026-02-06T15:57:34+00:00\" \/>\n<meta name=\"twitter:card\" content=\"summary_large_image\" \/>\n<meta name=\"twitter:label1\" content=\"Gesch\u00e4tzte Lesezeit\" \/>\n\t<meta name=\"twitter:data1\" content=\"1\u00a0Minute\" \/>\n<script type=\"application\/ld+json\" class=\"yoast-schema-graph\">{\"@context\":\"https:\\\/\\\/schema.org\",\"@graph\":[{\"@type\":\"WebPage\",\"@id\":\"https:\\\/\\\/2theroot.at\\\/?page_id=1535\",\"url\":\"https:\\\/\\\/2theroot.at\\\/?page_id=1535\",\"name\":\"Impressum -\",\"isPartOf\":{\"@id\":\"https:\\\/\\\/2theroot.at\\\/#website\"},\"datePublished\":\"2026-02-03T09:03:10+00:00\",\"dateModified\":\"2026-02-06T15:57:34+00:00\",\"breadcrumb\":{\"@id\":\"https:\\\/\\\/2theroot.at\\\/?page_id=1535#breadcrumb\"},\"inLanguage\":\"de\",\"potentialAction\":[{\"@type\":\"ReadAction\",\"target\":[\"https:\\\/\\\/2theroot.at\\\/?page_id=1535\"]}]},{\"@type\":\"BreadcrumbList\",\"@id\":\"https:\\\/\\\/2theroot.at\\\/?page_id=1535#breadcrumb\",\"itemListElement\":[{\"@type\":\"ListItem\",\"position\":1,\"name\":\"Startseite\",\"item\":\"https:\\\/\\\/2theroot.at\\\/\"},{\"@type\":\"ListItem\",\"position\":2,\"name\":\"Impressum\"}]},{\"@type\":\"WebSite\",\"@id\":\"https:\\\/\\\/2theroot.at\\\/#website\",\"url\":\"https:\\\/\\\/2theroot.at\\\/\",\"name\":\"\",\"description\":\"Just another WordPress site\",\"potentialAction\":[{\"@type\":\"SearchAction\",\"target\":{\"@type\":\"EntryPoint\",\"urlTemplate\":\"https:\\\/\\\/2theroot.at\\\/?s={search_term_string}\"},\"query-input\":{\"@type\":\"PropertyValueSpecification\",\"valueRequired\":true,\"valueName\":\"search_term_string\"}}],\"inLanguage\":\"de\"}]}<\/script>\n<!-- \/ Yoast SEO plugin. -->","yoast_head_json":{"title":"Impressum -","robots":{"index":"index","follow":"follow","max-snippet":"max-snippet:-1","max-image-preview":"max-image-preview:large","max-video-preview":"max-video-preview:-1"},"canonical":"https:\/\/2theroot.at\/?page_id=1535","og_locale":"de_DE","og_type":"article","og_title":"Impressum -","og_description":"Impressum To the Root &#8211; Shiatsu e.U. Inhaberin: Sarah Zauner, PhD Eingetragenes Einzelunternehmen Unternehmensgegenstand: Massage, eingeschr\u00e4nkt auf Shiatsu Mitglied der [&hellip;]","og_url":"https:\/\/2theroot.at\/?page_id=1535","article_modified_time":"2026-02-06T15:57:34+00:00","twitter_card":"summary_large_image","twitter_misc":{"Gesch\u00e4tzte Lesezeit":"1\u00a0Minute"},"schema":{"@context":"https:\/\/schema.org","@graph":[{"@type":"WebPage","@id":"https:\/\/2theroot.at\/?page_id=1535","url":"https:\/\/2theroot.at\/?page_id=1535","name":"Impressum -","isPartOf":{"@id":"https:\/\/2theroot.at\/#website"},"datePublished":"2026-02-03T09:03:10+00:00","dateModified":"2026-02-06T15:57:34+00:00","breadcrumb":{"@id":"https:\/\/2theroot.at\/?page_id=1535#breadcrumb"},"inLanguage":"de","potentialAction":[{"@type":"ReadAction","target":["https:\/\/2theroot.at\/?page_id=1535"]}]},{"@type":"BreadcrumbList","@id":"https:\/\/2theroot.at\/?page_id=1535#breadcrumb","itemListElement":[{"@type":"ListItem","position":1,"name":"Startseite","item":"https:\/\/2theroot.at\/"},{"@type":"ListItem","position":2,"name":"Impressum"}]},{"@type":"WebSite","@id":"https:\/\/2theroot.at\/#website","url":"https:\/\/2theroot.at\/","name":"","description":"Just another WordPress site","potentialAction":[{"@type":"SearchAction","target":{"@type":"EntryPoint","urlTemplate":"https:\/\/2theroot.at\/?s={search_term_string}"},"query-input":{"@type":"PropertyValueSpecification","valueRequired":true,"valueName":"search_term_string"}}],"inLanguage":"de"}]}},"_links":{"self":[{"href":"https:\/\/2theroot.at\/index.php?rest_route=\/wp\/v2\/pages\/1535","targetHints":{"allow":["GET"]}}],"collection":[{"href":"https:\/\/2theroot.at\/index.php?rest_route=\/wp\/v2\/pages"}],"about":[{"href":"https:\/\/2theroot.at\/index.php?rest_route=\/wp\/v2\/types\/page"}],"author":[{"embeddable":true,"href":"https:\/\/2theroot.at\/index.php?rest_route=\/wp\/v2\/users\/1"}],"replies":[{"embeddable":true,"href":"https:\/\/2theroot.at\/index.php?rest_route=%2Fwp%2Fv2%2Fcomments&post=1535"}],"version-history":[{"count":7,"href":"https:\/\/2theroot.at\/index.php?rest_route=\/wp\/v2\/pages\/1535\/revisions"}],"predecessor-version":[{"id":1803,"href":"https:\/\/2theroot.at\/index.php?rest_route=\/wp\/v2\/pages\/1535\/revisions\/1803"}],"wp:attachment":[{"href":"https:\/\/2theroot.at\/index.php?rest_route=%2Fwp%2Fv2%2Fmedia&parent=1535"}],"curies":[{"name":"wp","href":"https:\/\/api.w.org\/{rel}","templated":true}]}}