{"id":1331,"date":"2025-12-19T12:54:13","date_gmt":"2025-12-19T12:54:13","guid":{"rendered":"https:\/\/2theroot.at\/?page_id=1331"},"modified":"2026-02-06T16:03:58","modified_gmt":"2026-02-06T16:03:58","slug":"postpartum-restore","status":"publish","type":"page","link":"https:\/\/2theroot.at\/?page_id=1331","title":{"rendered":"Postpartum Restore"},"content":{"rendered":"\t\t<div data-elementor-type=\"wp-page\" data-elementor-id=\"1331\" class=\"elementor elementor-1331\">\n\t\t\t\t<div class=\"elementor-element elementor-element-ad0175d e-con-full e-flex e-con e-parent\" data-id=\"ad0175d\" data-element_type=\"container\" data-e-type=\"container\">\n\t\t\t\t<div class=\"elementor-element elementor-element-f642c7d elementor-widget elementor-widget-spacer\" data-id=\"f642c7d\" data-element_type=\"widget\" data-e-type=\"widget\" data-widget_type=\"spacer.default\">\n\t\t\t\t<div class=\"elementor-widget-container\">\n\t\t\t\t\t\t\t<div class=\"elementor-spacer\">\n\t\t\t<div class=\"elementor-spacer-inner\"><\/div>\n\t\t<\/div>\n\t\t\t\t\t\t<\/div>\n\t\t\t\t<\/div>\n\t\t\t\t<div class=\"elementor-element elementor-element-5119e8f elementor-widget elementor-widget-heading\" data-id=\"5119e8f\" data-element_type=\"widget\" data-e-type=\"widget\" data-widget_type=\"heading.default\">\n\t\t\t\t<div class=\"elementor-widget-container\">\n\t\t\t\t\t<h2 class=\"elementor-heading-title elementor-size-default\">Postpartum Restore<\/h2>\t\t\t\t<\/div>\n\t\t\t\t<\/div>\n\t\t\t\t<\/div>\n\t\t<div class=\"elementor-element elementor-element-c0b2f5e e-con-full e-flex e-con e-parent\" data-id=\"c0b2f5e\" data-element_type=\"container\" data-e-type=\"container\">\n\t\t\t\t<div class=\"elementor-element elementor-element-07e1940 elementor-widget elementor-widget-spacer\" data-id=\"07e1940\" data-element_type=\"widget\" data-e-type=\"widget\" data-widget_type=\"spacer.default\">\n\t\t\t\t<div class=\"elementor-widget-container\">\n\t\t\t\t\t\t\t<div class=\"elementor-spacer\">\n\t\t\t<div class=\"elementor-spacer-inner\"><\/div>\n\t\t<\/div>\n\t\t\t\t\t\t<\/div>\n\t\t\t\t<\/div>\n\t\t\t\t<div class=\"elementor-element elementor-element-1ae98bd elementor-widget elementor-widget-heading\" data-id=\"1ae98bd\" data-element_type=\"widget\" data-e-type=\"widget\" data-widget_type=\"heading.default\">\n\t\t\t\t<div class=\"elementor-widget-container\">\n\t\t\t\t\t<h3 class=\"elementor-heading-title elementor-size-default\">Regeneration &amp; R\u00fcckverbindung nach der Geburt<br><\/h3>\t\t\t\t<\/div>\n\t\t\t\t<\/div>\n\t\t\t\t<div class=\"elementor-element elementor-element-9eaab46 elementor-widget elementor-widget-text-editor\" data-id=\"9eaab46\" data-element_type=\"widget\" data-e-type=\"widget\" data-widget_type=\"text-editor.default\">\n\t\t\t\t<div class=\"elementor-widget-container\">\n\t\t\t\t\t\t\t\t\t<p><span style=\"font-size: 21px;\">Das Wochenbett ist eine besondere Zeit des Ankommens und des gegenseitigen Kennenlernens. Gleichzeitig ist es eine sensible Phase, in der dein K\u00f6rper nach der intensiven Zeit von Schwangerschaft und Geburt Raum f\u00fcr Regeneration, Sammlung und St\u00e4rkung braucht. Postpartum Restore unterst\u00fctzt deinen nat\u00fcrlichen Heilungsprozess mit sanftem Shiatsu und alltagstauglichen Impulsen, die dich in dieser Phase gezielt entlasten und den Wieder-Aufbau deiner Kr\u00e4fte begleiten.<\/span><\/p><p><strong><span style=\"font-size: 21px;\">Dieses Angebot ist ideal f\u00fcr dich, wenn du &#8230;<\/span><\/strong><\/p><p><span style=\"font-size: 21px;\">&#8230;. \u00a0deinem K\u00f6rper nach der Geburt gezielt Zeit f\u00fcr Regeneration geben m\u00f6chtest<\/span><\/p><p><span style=\"font-size: 21px;\">&#8230;. \u00a0dich ersch\u00f6pft, ausgelaugt oder &#8222;leer&#8220; f\u00fchlst\u00a0<\/span><\/p><p><span style=\"font-size: 21px;\">&#8230;. \u00a0Shiatsu als n\u00e4hrende Form von Selicare im Wochenbett nutzen m\u00f6chtest<\/span><\/p><p><span style=\"font-size: 21px;\">&#8230;. \u00a0nach einer sanften, haltenden Behandlung suchst, die dich wieder bei dir ankommen l\u00e4sst<\/span><\/p><p><span style=\"font-size: 21px;\">\u00a0<\/span><\/p>\t\t\t\t\t\t\t\t<\/div>\n\t\t\t\t<\/div>\n\t\t\t\t<\/div>\n\t\t<div class=\"elementor-element elementor-element-71d4ffe3 e-con-full e-flex e-con e-child\" data-id=\"71d4ffe3\" data-element_type=\"container\" data-e-type=\"container\" data-settings=\"{&quot;background_background&quot;:&quot;classic&quot;}\">\n\t\t\t\t<div class=\"elementor-element elementor-element-1c558636 elementor-widget elementor-widget-heading\" data-id=\"1c558636\" data-element_type=\"widget\" data-e-type=\"widget\" data-widget_type=\"heading.default\">\n\t\t\t\t<div class=\"elementor-widget-container\">\n\t\t\t\t\t<h3 class=\"elementor-heading-title elementor-size-default\"><br>Paket Postpartum Restore<br>\n<\/h3>\t\t\t\t<\/div>\n\t\t\t\t<\/div>\n\t\t\t\t<div class=\"elementor-element elementor-element-49e2487c elementor-widget elementor-widget-text-editor\" data-id=\"49e2487c\" data-element_type=\"widget\" data-e-type=\"widget\" data-widget_type=\"text-editor.default\">\n\t\t\t\t<div class=\"elementor-widget-container\">\n\t\t\t\t\t\t\t\t\t<p style=\"text-align: center;\"><span style=\"font-size: 21px;\">Dieses Angebot unterst\u00fctzt dich beim Wiederaufbau nach der Geburt &#8211; f\u00fcr einen optimalen Start ins Familienleben.\u00a0<\/span><\/p><p style=\"text-align: center;\"><span style=\"font-size: 21px;\">Was enthalten ist:<\/span><\/p><p style=\"text-align: center;\"><span style=\"font-size: 21px;\"><strong>&#8211;<\/strong> <strong>\u00a03 Shiatsu Einheiten (je 50 min) bei mir in der Praxis oder als Hausbesuch.<\/strong><\/span><\/p><p style=\"text-align: center;\"><span style=\"font-size: 21px;\">\u00a0 \u00a0 Mit Fokus auf Regeneration, Sammlung &amp; Kr\u00e4ftigung nach der Geburt<\/span><\/p><p style=\"text-align: center;\"><strong>&#8211;<span style=\"font-size: 21px;\">\u00a0 St\u00e4rkende Ern\u00e4hrungs-Tipps aus der TCM f\u00fcr das Wochenbett.\u00a0<\/span><\/strong><\/p><p style=\"text-align: center;\"><span style=\"font-size: 21px;\">Rezepte f\u00fcr Kraftsuppen &amp; Co. plus begleitende Impulse zum Aufbau<\/span><\/p><p style=\"text-align: center;\"><span style=\"font-size: 21px;\"><strong>&#8211; \u00a0Impulse aus der Hausapotheke.<\/strong><\/span><\/p><p style=\"text-align: center;\"><span style=\"font-size: 21px;\">Individuelle Unterst\u00fctzung f\u00fcr deinen Heilungsprozess\u00a0<\/span><\/p><p style=\"text-align: center;\"><strong><span style=\"font-size: 21px;\">&#8211;\u00a0 &#8222;Gl\u00fccksgriffe&#8220; f\u00fcrs Baby.\u00a0<\/span><\/strong><\/p><p style=\"text-align: center;\"><span style=\"font-size: 21px;\">sanfte Techniken aus dem Baby-Shiatsu &#8211; leicht erlernt<\/span><\/p>\t\t\t\t\t\t\t\t<\/div>\n\t\t\t\t<\/div>\n\t\t\t\t<div class=\"elementor-element elementor-element-1fc3f8f0 elementor-widget elementor-widget-text-editor\" data-id=\"1fc3f8f0\" data-element_type=\"widget\" data-e-type=\"widget\" data-widget_type=\"text-editor.default\">\n\t\t\t\t<div class=\"elementor-widget-container\">\n\t\t\t\t\t\t\t\t\t<p style=\"text-align: center;\"><span style=\"font-size: 21px;\"><strong>Paketpreis* 295\u20ac<\/strong><\/span><\/p>\t\t\t\t\t\t\t\t<\/div>\n\t\t\t\t<\/div>\n\t\t\t\t<\/div>\n\t\t<div class=\"elementor-element elementor-element-03bd238 e-con-full e-flex e-con e-parent\" data-id=\"03bd238\" data-element_type=\"container\" data-e-type=\"container\">\n\t\t\t\t<div class=\"elementor-element elementor-element-85404d6 elementor-widget elementor-widget-spacer\" data-id=\"85404d6\" data-element_type=\"widget\" data-e-type=\"widget\" data-widget_type=\"spacer.default\">\n\t\t\t\t<div class=\"elementor-widget-container\">\n\t\t\t\t\t\t\t<div class=\"elementor-spacer\">\n\t\t\t<div class=\"elementor-spacer-inner\"><\/div>\n\t\t<\/div>\n\t\t\t\t\t\t<\/div>\n\t\t\t\t<\/div>\n\t\t\t\t<div class=\"elementor-element elementor-element-b0f1aa2 elementor-widget elementor-widget-text-editor\" data-id=\"b0f1aa2\" data-element_type=\"widget\" data-e-type=\"widget\" data-widget_type=\"text-editor.default\">\n\t\t\t\t<div class=\"elementor-widget-container\">\n\t\t\t\t\t\t\t\t\t<p><span style=\"font-size: 21px;\"><strong>Was kannst \u00a0du nach dem \u00a0Wochenbett Angebot erwarten:<\/strong><\/span><\/p><p><span style=\"font-size: 21px;\">&#8211; \u00a0Sp\u00fcrbare Erleichterung im Becken-, Bauch- &amp; Brustbereich &amp; Hilfe bei stillbedingten Verspannungen<\/span><\/p><p><span style=\"font-size: 21px;\">&#8211; \u00a0Unterst\u00fctzung des nat\u00fcrlichen Heilungsprozesses, damit du dich insgesamt stabiler &amp; gest\u00e4rkt f\u00fchlst<\/span><\/p><p><span style=\"font-size: 21px;\">&#8211; \u00a0Kaiserschnittnarben k\u00f6nnen sich durch die richtige Pflege &amp; Narbenarbeit bereits weniger st\u00f6rend anf\u00fchlen<\/span><\/p><p><span style=\"font-size: 21px;\">&#8211; \u00a0Erwerb von Kompetenzen, um das Wohlbefinden deines Baby von Anfang an mit Baby-Shiatsu zu unterst\u00fctzen<\/span><\/p><p><span style=\"font-size: 21px;\">&#8211; \u00a0Selbstf\u00fcrsorge-Tools &amp; praktische Tipps \u00a0um gest\u00e4rkt aus dem Wochenbett zu gehen<\/span><\/p><p><span style=\"font-size: 21px;\">\u00a0<\/span><\/p><p><span style=\"font-size: 21px; font-style: inherit; text-align: var(--text-align);\">* WICHTIG: Um sicherzustellen, dass mein Angebot zu deinen Bed\u00fcrfnissen passt und wir gut zusammenarbeiten, buchst du bitte zuerst einen ERSTTERMIN. Danach kannst du das Paket ganz einfach bei mir in der Praxis direkt buchen. Die weiteren Termine vereinbaren wir gemeinsam.<\/span><\/p>\t\t\t\t\t\t\t\t<\/div>\n\t\t\t\t<\/div>\n\t\t\t\t<div class=\"elementor-element elementor-element-f277e9e elementor-align-center elementor-widget elementor-widget-button\" data-id=\"f277e9e\" data-element_type=\"widget\" data-e-type=\"widget\" data-widget_type=\"button.default\">\n\t\t\t\t<div class=\"elementor-widget-container\">\n\t\t\t\t\t\t\t\t\t<div class=\"elementor-button-wrapper\">\n\t\t\t\t\t<a class=\"elementor-button elementor-button-link elementor-size-sm\" href=\"https:\/\/2theroot.at\/?page_id=574\">\n\t\t\t\t\t\t<span class=\"elementor-button-content-wrapper\">\n\t\t\t\t\t\t\t\t\t<span class=\"elementor-button-text\">Jetzt Ersttermin buchen<\/span>\n\t\t\t\t\t<\/span>\n\t\t\t\t\t<\/a>\n\t\t\t\t<\/div>\n\t\t\t\t\t\t\t\t<\/div>\n\t\t\t\t<\/div>\n\t\t\t\t<\/div>\n\t\t\t\t<\/div>\n\t\t","protected":false},"excerpt":{"rendered":"<p>Postpartum Restore Regeneration &amp; R\u00fcckverbindung nach der Geburt Das Wochenbett ist eine besondere Zeit des Ankommens und des gegenseitigen Kennenlernens. [&hellip;]<\/p>\n","protected":false},"author":1,"featured_media":0,"parent":0,"menu_order":0,"comment_status":"closed","ping_status":"closed","template":"","meta":{"site-sidebar-layout":"no-sidebar","site-content-layout":"","ast-site-content-layout":"full-width-container","site-content-style":"default","site-sidebar-style":"default","ast-global-header-display":"","ast-banner-title-visibility":"","ast-main-header-display":"","ast-hfb-above-header-display":"","ast-hfb-below-header-display":"","ast-hfb-mobile-header-display":"","site-post-title":"disabled","ast-breadcrumbs-content":"","ast-featured-img":"disabled","footer-sml-layout":"","ast-disable-related-posts":"","theme-transparent-header-meta":"","adv-header-id-meta":"","stick-header-meta":"","header-above-stick-meta":"","header-main-stick-meta":"","header-below-stick-meta":"","astra-migrate-meta-layouts":"default","ast-page-background-enabled":"default","ast-page-background-meta":{"desktop":{"background-color":"var(--ast-global-color-5)","background-image":"","background-repeat":"repeat","background-position":"center center","background-size":"auto","background-attachment":"scroll","background-type":"","background-media":"","overlay-type":"","overlay-color":"","overlay-opacity":"","overlay-gradient":""},"tablet":{"background-color":"","background-image":"","background-repeat":"repeat","background-position":"center center","background-size":"auto","background-attachment":"scroll","background-type":"","background-media":"","overlay-type":"","overlay-color":"","overlay-opacity":"","overlay-gradient":""},"mobile":{"background-color":"","background-image":"","background-repeat":"repeat","background-position":"center center","background-size":"auto","background-attachment":"scroll","background-type":"","background-media":"","overlay-type":"","overlay-color":"","overlay-opacity":"","overlay-gradient":""}},"ast-content-background-meta":{"desktop":{"background-color":"var(--ast-global-color-4)","background-image":"","background-repeat":"repeat","background-position":"center center","background-size":"auto","background-attachment":"scroll","background-type":"","background-media":"","overlay-type":"","overlay-color":"","overlay-opacity":"","overlay-gradient":""},"tablet":{"background-color":"var(--ast-global-color-4)","background-image":"","background-repeat":"repeat","background-position":"center center","background-size":"auto","background-attachment":"scroll","background-type":"","background-media":"","overlay-type":"","overlay-color":"","overlay-opacity":"","overlay-gradient":""},"mobile":{"background-color":"var(--ast-global-color-4)","background-image":"","background-repeat":"repeat","background-position":"center center","background-size":"auto","background-attachment":"scroll","background-type":"","background-media":"","overlay-type":"","overlay-color":"","overlay-opacity":"","overlay-gradient":""}},"_kadence_starter_templates_imported_post":false,"footnotes":""},"class_list":["post-1331","page","type-page","status-publish","hentry"],"yoast_head":"<!-- This site is optimized with the Yoast SEO plugin v27.4 - https:\/\/yoast.com\/product\/yoast-seo-wordpress\/ -->\n<title>Postpartum Restore -<\/title>\n<meta name=\"robots\" content=\"index, follow, max-snippet:-1, max-image-preview:large, max-video-preview:-1\" \/>\n<link rel=\"canonical\" href=\"https:\/\/2theroot.at\/?page_id=1331\" \/>\n<meta property=\"og:locale\" content=\"de_DE\" \/>\n<meta property=\"og:type\" content=\"article\" \/>\n<meta property=\"og:title\" content=\"Postpartum Restore -\" \/>\n<meta property=\"og:description\" content=\"Postpartum Restore Regeneration &amp; R\u00fcckverbindung nach der Geburt Das Wochenbett ist eine besondere Zeit des Ankommens und des gegenseitigen Kennenlernens. [&hellip;]\" \/>\n<meta property=\"og:url\" content=\"https:\/\/2theroot.at\/?page_id=1331\" \/>\n<meta property=\"article:modified_time\" content=\"2026-02-06T16:03:58+00:00\" \/>\n<meta name=\"twitter:card\" content=\"summary_large_image\" \/>\n<meta name=\"twitter:label1\" content=\"Gesch\u00e4tzte Lesezeit\" \/>\n\t<meta name=\"twitter:data1\" content=\"2\u00a0Minuten\" \/>\n<script type=\"application\/ld+json\" class=\"yoast-schema-graph\">{\"@context\":\"https:\\\/\\\/schema.org\",\"@graph\":[{\"@type\":\"WebPage\",\"@id\":\"https:\\\/\\\/2theroot.at\\\/?page_id=1331\",\"url\":\"https:\\\/\\\/2theroot.at\\\/?page_id=1331\",\"name\":\"Postpartum Restore -\",\"isPartOf\":{\"@id\":\"https:\\\/\\\/2theroot.at\\\/#website\"},\"datePublished\":\"2025-12-19T12:54:13+00:00\",\"dateModified\":\"2026-02-06T16:03:58+00:00\",\"breadcrumb\":{\"@id\":\"https:\\\/\\\/2theroot.at\\\/?page_id=1331#breadcrumb\"},\"inLanguage\":\"de\",\"potentialAction\":[{\"@type\":\"ReadAction\",\"target\":[\"https:\\\/\\\/2theroot.at\\\/?page_id=1331\"]}]},{\"@type\":\"BreadcrumbList\",\"@id\":\"https:\\\/\\\/2theroot.at\\\/?page_id=1331#breadcrumb\",\"itemListElement\":[{\"@type\":\"ListItem\",\"position\":1,\"name\":\"Startseite\",\"item\":\"https:\\\/\\\/2theroot.at\\\/\"},{\"@type\":\"ListItem\",\"position\":2,\"name\":\"Postpartum Restore\"}]},{\"@type\":\"WebSite\",\"@id\":\"https:\\\/\\\/2theroot.at\\\/#website\",\"url\":\"https:\\\/\\\/2theroot.at\\\/\",\"name\":\"\",\"description\":\"Just another WordPress site\",\"potentialAction\":[{\"@type\":\"SearchAction\",\"target\":{\"@type\":\"EntryPoint\",\"urlTemplate\":\"https:\\\/\\\/2theroot.at\\\/?s={search_term_string}\"},\"query-input\":{\"@type\":\"PropertyValueSpecification\",\"valueRequired\":true,\"valueName\":\"search_term_string\"}}],\"inLanguage\":\"de\"}]}<\/script>\n<!-- \/ Yoast SEO plugin. -->","yoast_head_json":{"title":"Postpartum Restore -","robots":{"index":"index","follow":"follow","max-snippet":"max-snippet:-1","max-image-preview":"max-image-preview:large","max-video-preview":"max-video-preview:-1"},"canonical":"https:\/\/2theroot.at\/?page_id=1331","og_locale":"de_DE","og_type":"article","og_title":"Postpartum Restore -","og_description":"Postpartum Restore Regeneration &amp; R\u00fcckverbindung nach der Geburt Das Wochenbett ist eine besondere Zeit des Ankommens und des gegenseitigen Kennenlernens. [&hellip;]","og_url":"https:\/\/2theroot.at\/?page_id=1331","article_modified_time":"2026-02-06T16:03:58+00:00","twitter_card":"summary_large_image","twitter_misc":{"Gesch\u00e4tzte Lesezeit":"2\u00a0Minuten"},"schema":{"@context":"https:\/\/schema.org","@graph":[{"@type":"WebPage","@id":"https:\/\/2theroot.at\/?page_id=1331","url":"https:\/\/2theroot.at\/?page_id=1331","name":"Postpartum Restore -","isPartOf":{"@id":"https:\/\/2theroot.at\/#website"},"datePublished":"2025-12-19T12:54:13+00:00","dateModified":"2026-02-06T16:03:58+00:00","breadcrumb":{"@id":"https:\/\/2theroot.at\/?page_id=1331#breadcrumb"},"inLanguage":"de","potentialAction":[{"@type":"ReadAction","target":["https:\/\/2theroot.at\/?page_id=1331"]}]},{"@type":"BreadcrumbList","@id":"https:\/\/2theroot.at\/?page_id=1331#breadcrumb","itemListElement":[{"@type":"ListItem","position":1,"name":"Startseite","item":"https:\/\/2theroot.at\/"},{"@type":"ListItem","position":2,"name":"Postpartum Restore"}]},{"@type":"WebSite","@id":"https:\/\/2theroot.at\/#website","url":"https:\/\/2theroot.at\/","name":"","description":"Just another WordPress site","potentialAction":[{"@type":"SearchAction","target":{"@type":"EntryPoint","urlTemplate":"https:\/\/2theroot.at\/?s={search_term_string}"},"query-input":{"@type":"PropertyValueSpecification","valueRequired":true,"valueName":"search_term_string"}}],"inLanguage":"de"}]}},"_links":{"self":[{"href":"https:\/\/2theroot.at\/index.php?rest_route=\/wp\/v2\/pages\/1331","targetHints":{"allow":["GET"]}}],"collection":[{"href":"https:\/\/2theroot.at\/index.php?rest_route=\/wp\/v2\/pages"}],"about":[{"href":"https:\/\/2theroot.at\/index.php?rest_route=\/wp\/v2\/types\/page"}],"author":[{"embeddable":true,"href":"https:\/\/2theroot.at\/index.php?rest_route=\/wp\/v2\/users\/1"}],"replies":[{"embeddable":true,"href":"https:\/\/2theroot.at\/index.php?rest_route=%2Fwp%2Fv2%2Fcomments&post=1331"}],"version-history":[{"count":16,"href":"https:\/\/2theroot.at\/index.php?rest_route=\/wp\/v2\/pages\/1331\/revisions"}],"predecessor-version":[{"id":1812,"href":"https:\/\/2theroot.at\/index.php?rest_route=\/wp\/v2\/pages\/1331\/revisions\/1812"}],"wp:attachment":[{"href":"https:\/\/2theroot.at\/index.php?rest_route=%2Fwp%2Fv2%2Fmedia&parent=1331"}],"curies":[{"name":"wp","href":"https:\/\/api.w.org\/{rel}","templated":true}]}}