{"id":1328,"date":"2025-12-19T12:53:35","date_gmt":"2025-12-19T12:53:35","guid":{"rendered":"https:\/\/2theroot.at\/?page_id=1328"},"modified":"2026-02-06T16:05:03","modified_gmt":"2026-02-06T16:05:03","slug":"pregnancy-care","status":"publish","type":"page","link":"https:\/\/2theroot.at\/?page_id=1328","title":{"rendered":"Pregnancy Care"},"content":{"rendered":"\t\t<div data-elementor-type=\"wp-page\" data-elementor-id=\"1328\" class=\"elementor elementor-1328\">\n\t\t\t\t<div class=\"elementor-element elementor-element-a305fa0 e-con-full e-flex e-con e-parent\" data-id=\"a305fa0\" data-element_type=\"container\" data-e-type=\"container\">\n\t\t\t\t<div class=\"elementor-element elementor-element-5ed16be elementor-widget elementor-widget-spacer\" data-id=\"5ed16be\" data-element_type=\"widget\" data-e-type=\"widget\" data-widget_type=\"spacer.default\">\n\t\t\t\t<div class=\"elementor-widget-container\">\n\t\t\t\t\t\t\t<div class=\"elementor-spacer\">\n\t\t\t<div class=\"elementor-spacer-inner\"><\/div>\n\t\t<\/div>\n\t\t\t\t\t\t<\/div>\n\t\t\t\t<\/div>\n\t\t\t\t<div class=\"elementor-element elementor-element-18e0ce1 elementor-widget elementor-widget-heading\" data-id=\"18e0ce1\" data-element_type=\"widget\" data-e-type=\"widget\" data-widget_type=\"heading.default\">\n\t\t\t\t<div class=\"elementor-widget-container\">\n\t\t\t\t\t<h2 class=\"elementor-heading-title elementor-size-default\">Pregnancy Care<\/h2>\t\t\t\t<\/div>\n\t\t\t\t<\/div>\n\t\t\t\t<\/div>\n\t\t<div class=\"elementor-element elementor-element-345b7dd e-con-full e-flex e-con e-parent\" data-id=\"345b7dd\" data-element_type=\"container\" data-e-type=\"container\">\n\t\t\t\t<div class=\"elementor-element elementor-element-7d096f4 elementor-widget elementor-widget-spacer\" data-id=\"7d096f4\" data-element_type=\"widget\" data-e-type=\"widget\" data-widget_type=\"spacer.default\">\n\t\t\t\t<div class=\"elementor-widget-container\">\n\t\t\t\t\t\t\t<div class=\"elementor-spacer\">\n\t\t\t<div class=\"elementor-spacer-inner\"><\/div>\n\t\t<\/div>\n\t\t\t\t\t\t<\/div>\n\t\t\t\t<\/div>\n\t\t\t\t<div class=\"elementor-element elementor-element-f791fe0 elementor-widget elementor-widget-text-editor\" data-id=\"f791fe0\" data-element_type=\"widget\" data-e-type=\"widget\" data-widget_type=\"text-editor.default\">\n\t\t\t\t<div class=\"elementor-widget-container\">\n\t\t\t\t\t\t\t\t\t<p><span style=\"font-size: 21px;\">Die Zeit der Schwangerschaft bringt tiefgreifende Ver\u00e4nderungen mit sich. Pregancy Care bietet dir einen gesch\u00fctzten Raum, in dem dein K\u00f6rper Entlastung, Unterst\u00fctzung und bewusste Vorbereitung erfahren darf, angepasst an jede Phase der Schwangerschaft.<\/span><\/p><p><span style=\"font-size: 21px;\">\u00a0<\/span><\/p><p><strong><span style=\"font-size: 21px;\">Dieses Angebot ist ideal f\u00fcr dich, wenn du &#8230;<\/span><\/strong><\/p><p><span style=\"font-size: 21px;\">&#8230;. \u00a0k\u00f6rperliche Spannungen im R\u00fccken, Becken oder Nacken sp\u00fcrst<\/span><\/p><p><span style=\"font-size: 21px;\">&#8230;. \u00a0unter \u00dcbelkeit leidest<\/span><\/p><p><span style=\"font-size: 21px;\">&#8230;. \u00a0deine Verdauung entlasten m\u00f6chtest\u00a0<\/span><\/p><p><span style=\"font-size: 21px;\">&#8230;. \u00a0einen ruhigen professionellen Rahmen suchst, der dich durch die Schwangerschaft begleitet<\/span><\/p><p><span style=\"font-size: 21px;\">&#8230;.. \u00a0auftanken und dir und deinem Baby \u00a0gleichzeitig Ruhe g\u00f6nnen m\u00f6chtest<\/span><\/p><p><span style=\"font-size: 21px;\">&#8230;. \u00a0dir bewusst Zeit mit deinem Baby schenken m\u00f6chtest<\/span><\/p><p><span style=\"font-size: 21px;\">&#8230;. \u00a0dich (und deine Geburtsbegleitung) gut auf die Geburt und die Zeit danach vorbereiten m\u00f6chtest<\/span><\/p><p><span style=\"font-size: 21px;\">&#8230;. \u00a0M\u00f6glichkeiten suchst, auch zuhause besser in die Entspannung zu gehen\u00a0<\/span><\/p><p><span style=\"font-size: 21px;\">\u00a0<\/span><\/p>\t\t\t\t\t\t\t\t<\/div>\n\t\t\t\t<\/div>\n\t\t\t\t<\/div>\n\t\t<div class=\"elementor-element elementor-element-1bccc4d9 e-con-full e-flex e-con e-child\" data-id=\"1bccc4d9\" data-element_type=\"container\" data-e-type=\"container\" data-settings=\"{&quot;background_background&quot;:&quot;classic&quot;}\">\n\t\t\t\t<div class=\"elementor-element elementor-element-753ebdaf elementor-widget elementor-widget-heading\" data-id=\"753ebdaf\" data-element_type=\"widget\" data-e-type=\"widget\" data-widget_type=\"heading.default\">\n\t\t\t\t<div class=\"elementor-widget-container\">\n\t\t\t\t\t<h3 class=\"elementor-heading-title elementor-size-default\"><br>Paket Pregnancy Care<br>\n<\/h3>\t\t\t\t<\/div>\n\t\t\t\t<\/div>\n\t\t\t\t<div class=\"elementor-element elementor-element-63bfcc1a elementor-widget__width-initial elementor-widget elementor-widget-text-editor\" data-id=\"63bfcc1a\" data-element_type=\"widget\" data-e-type=\"widget\" data-widget_type=\"text-editor.default\">\n\t\t\t\t<div class=\"elementor-widget-container\">\n\t\t\t\t\t\t\t\t\t<p style=\"text-align: center;\"><span style=\"font-size: 21px;\">\u00a0Dieses Angebot hilft dir deinen K\u00f6rper w\u00e4hrend der Schwangerschaft zu entlasten, neue Energie zu tanken, und das Vertrauen in deinen K\u00f6rper zu st\u00e4rken &#8211; so gehst du optimal vorbereitet in deine Geburt!<\/span><\/p><p style=\"text-align: center;\"><span style=\"font-size: 21px;\">Was enthalten ist:<\/span><\/p><p style=\"text-align: center;\"><span style=\"font-size: 21px;\"><strong>&#8211;<\/strong> <strong>\u00a06 Shiatsu Einheiten (je 50 min)<\/strong><\/span><\/p><p style=\"text-align: center;\"><span style=\"font-size: 21px;\">\u00a0 \u00a0 Individuell angepasst an deine Bed\u00fcrfnisse.<\/span><\/p><p style=\"text-align: center;\"><strong style=\"font-size: 21px;\">&#8211;<\/strong><span style=\"font-size: 21px;\">\u00a0\u00a0<\/span><b><span style=\"font-size: 21px;\">Eine Shiatsu Einheit mit Partner zur Geburtsvorbereitung (optional)<\/span><\/b><\/p><p style=\"text-align: center;\"><span style=\"font-size: 21px;\">\u00a0Einfach erlernbare Techniken &amp; Positionen f\u00fcr die Geburtsbegleitung .<\/span><\/p><p style=\"text-align: center;\"><span style=\"font-size: 21px;\"><strong>&#8211; \u00a0sanfte K\u00f6rper- und Atem\u00fcbungen f\u00fcr den Alltag<\/strong><\/span><\/p><p style=\"text-align: center;\"><span style=\"font-size: 21px;\">\u00a0 \u00a0 Individuell zusammengestellte Tools f\u00fcr Beckenboden &amp; Co.<\/span><\/p><p style=\"text-align: center;\"><strong><span style=\"font-size: 21px;\">&#8211;\u00a0 unterst\u00fctzende Empfehlungen aus der Hausapotheke<\/span><\/strong><\/p><p style=\"text-align: center;\"><span style=\"font-size: 21px;\">Wie du dir mit Teemischungen, Massage\u00f6len und K\u00fcchenkr\u00e4utern Gutes tust.<\/span><\/p>\t\t\t\t\t\t\t\t<\/div>\n\t\t\t\t<\/div>\n\t\t\t\t<div class=\"elementor-element elementor-element-177fee0e elementor-widget elementor-widget-text-editor\" data-id=\"177fee0e\" data-element_type=\"widget\" data-e-type=\"widget\" data-widget_type=\"text-editor.default\">\n\t\t\t\t<div class=\"elementor-widget-container\">\n\t\t\t\t\t\t\t\t\t<p style=\"text-align: center;\"><span style=\"font-size: 21px;\"><strong>Paketpreis* 570\u20ac<\/strong><\/span><\/p>\t\t\t\t\t\t\t\t<\/div>\n\t\t\t\t<\/div>\n\t\t\t\t<\/div>\n\t\t<div class=\"elementor-element elementor-element-d30a979 e-con-full e-flex e-con e-parent\" data-id=\"d30a979\" data-element_type=\"container\" data-e-type=\"container\">\n\t\t\t\t<div class=\"elementor-element elementor-element-5b9698a elementor-widget elementor-widget-spacer\" data-id=\"5b9698a\" data-element_type=\"widget\" data-e-type=\"widget\" data-widget_type=\"spacer.default\">\n\t\t\t\t<div class=\"elementor-widget-container\">\n\t\t\t\t\t\t\t<div class=\"elementor-spacer\">\n\t\t\t<div class=\"elementor-spacer-inner\"><\/div>\n\t\t<\/div>\n\t\t\t\t\t\t<\/div>\n\t\t\t\t<\/div>\n\t\t\t\t<div class=\"elementor-element elementor-element-de8306a elementor-widget elementor-widget-text-editor\" data-id=\"de8306a\" data-element_type=\"widget\" data-e-type=\"widget\" data-widget_type=\"text-editor.default\">\n\t\t\t\t<div class=\"elementor-widget-container\">\n\t\t\t\t\t\t\t\t\t<p><strong><span style=\"font-size: 21px;\">Was du nach dem Paket erwarten kannst:<\/span><\/strong><\/p>\n<p><span style=\"font-size: 21px;\">&#8211; &nbsp;sp\u00fcrbare Entlastung bei schwangerschaftsbedingten Beschwerden<\/span><\/p>\n<p><span style=\"font-size: 21px;\">&#8211; &nbsp;ein besseres Gef\u00fchl f\u00fcr deinen K\u00f6rper und seine Bed\u00fcrfnisse<\/span><\/p>\n<p><span style=\"font-size: 21px;\">&#8211; &nbsp;eine sp\u00fcrbare Verbindung mit deinem Baby<\/span><\/p><p><span style=\"font-size: 21px;\">&#8211; &nbsp;kann die optimale Lage deines Kindes unterst\u00fctzen<\/span><\/p>\n<p><span style=\"font-size: 21px;\">&#8211; &nbsp;einfache Werkzeuge, um dich im Alltag zu unterst\u00fctzen<\/span><\/p>\n<p><span style=\"font-size: 21px;\">&#8211; Vertrauen in deinen K\u00f6rper im Hinblick auf Geburt und die Zeit danach<\/span><\/p>\n<p><span style=\"font-size: 21px;\">&nbsp;<\/span><\/p>\n<p><span style=\"font-size: 21px;\">* WICHTIG: Um sicherzustellen, dass mein Angebot zu deinen Bed\u00fcrfnissen passt und wir gut zusammenarbeiten, buchst du bitte zuerst einen ERSTTERMIN. Danach kannst du das Paket ganz einfach bei mir in der Praxis direkt buchen. Die weiteren Termine vereinbaren wir gemeinsam.&nbsp;<\/span><span style=\"font-size: 21px;\"><br><\/span><\/p>\n<p><\/p>\t\t\t\t\t\t\t\t<\/div>\n\t\t\t\t<\/div>\n\t\t\t\t<\/div>\n\t\t<div class=\"elementor-element elementor-element-0e6d0cd e-con-full e-flex e-con e-parent\" data-id=\"0e6d0cd\" data-element_type=\"container\" data-e-type=\"container\">\n\t\t\t\t<div class=\"elementor-element elementor-element-c49290e elementor-align-center elementor-widget elementor-widget-button\" data-id=\"c49290e\" data-element_type=\"widget\" data-e-type=\"widget\" data-widget_type=\"button.default\">\n\t\t\t\t<div class=\"elementor-widget-container\">\n\t\t\t\t\t\t\t\t\t<div class=\"elementor-button-wrapper\">\n\t\t\t\t\t<a class=\"elementor-button elementor-button-link elementor-size-sm\" href=\"https:\/\/2theroot.at\/?page_id=574\">\n\t\t\t\t\t\t<span class=\"elementor-button-content-wrapper\">\n\t\t\t\t\t\t\t\t\t<span class=\"elementor-button-text\">Jetzt Ersttermin buchen<\/span>\n\t\t\t\t\t<\/span>\n\t\t\t\t\t<\/a>\n\t\t\t\t<\/div>\n\t\t\t\t\t\t\t\t<\/div>\n\t\t\t\t<\/div>\n\t\t\t\t<\/div>\n\t\t\t\t<\/div>\n\t\t","protected":false},"excerpt":{"rendered":"<p>Pregnancy Care Die Zeit der Schwangerschaft bringt tiefgreifende Ver\u00e4nderungen mit sich. Pregancy Care bietet dir einen gesch\u00fctzten Raum, in dem [&hellip;]<\/p>\n","protected":false},"author":1,"featured_media":0,"parent":0,"menu_order":0,"comment_status":"closed","ping_status":"closed","template":"","meta":{"site-sidebar-layout":"no-sidebar","site-content-layout":"","ast-site-content-layout":"full-width-container","site-content-style":"default","site-sidebar-style":"default","ast-global-header-display":"","ast-banner-title-visibility":"","ast-main-header-display":"","ast-hfb-above-header-display":"","ast-hfb-below-header-display":"","ast-hfb-mobile-header-display":"","site-post-title":"disabled","ast-breadcrumbs-content":"","ast-featured-img":"disabled","footer-sml-layout":"","ast-disable-related-posts":"","theme-transparent-header-meta":"","adv-header-id-meta":"","stick-header-meta":"","header-above-stick-meta":"","header-main-stick-meta":"","header-below-stick-meta":"","astra-migrate-meta-layouts":"default","ast-page-background-enabled":"default","ast-page-background-meta":{"desktop":{"background-color":"var(--ast-global-color-5)","background-image":"","background-repeat":"repeat","background-position":"center center","background-size":"auto","background-attachment":"scroll","background-type":"","background-media":"","overlay-type":"","overlay-color":"","overlay-opacity":"","overlay-gradient":""},"tablet":{"background-color":"","background-image":"","background-repeat":"repeat","background-position":"center center","background-size":"auto","background-attachment":"scroll","background-type":"","background-media":"","overlay-type":"","overlay-color":"","overlay-opacity":"","overlay-gradient":""},"mobile":{"background-color":"","background-image":"","background-repeat":"repeat","background-position":"center center","background-size":"auto","background-attachment":"scroll","background-type":"","background-media":"","overlay-type":"","overlay-color":"","overlay-opacity":"","overlay-gradient":""}},"ast-content-background-meta":{"desktop":{"background-color":"var(--ast-global-color-4)","background-image":"","background-repeat":"repeat","background-position":"center center","background-size":"auto","background-attachment":"scroll","background-type":"","background-media":"","overlay-type":"","overlay-color":"","overlay-opacity":"","overlay-gradient":""},"tablet":{"background-color":"var(--ast-global-color-4)","background-image":"","background-repeat":"repeat","background-position":"center center","background-size":"auto","background-attachment":"scroll","background-type":"","background-media":"","overlay-type":"","overlay-color":"","overlay-opacity":"","overlay-gradient":""},"mobile":{"background-color":"var(--ast-global-color-4)","background-image":"","background-repeat":"repeat","background-position":"center center","background-size":"auto","background-attachment":"scroll","background-type":"","background-media":"","overlay-type":"","overlay-color":"","overlay-opacity":"","overlay-gradient":""}},"_kadence_starter_templates_imported_post":false,"footnotes":""},"class_list":["post-1328","page","type-page","status-publish","hentry"],"yoast_head":"<!-- This site is optimized with the Yoast SEO plugin v27.4 - https:\/\/yoast.com\/product\/yoast-seo-wordpress\/ -->\n<title>Pregnancy Care -<\/title>\n<meta name=\"robots\" content=\"index, follow, max-snippet:-1, max-image-preview:large, max-video-preview:-1\" \/>\n<link rel=\"canonical\" href=\"https:\/\/2theroot.at\/?page_id=1328\" \/>\n<meta property=\"og:locale\" content=\"de_DE\" \/>\n<meta property=\"og:type\" content=\"article\" \/>\n<meta property=\"og:title\" content=\"Pregnancy Care -\" \/>\n<meta property=\"og:description\" content=\"Pregnancy Care Die Zeit der Schwangerschaft bringt tiefgreifende Ver\u00e4nderungen mit sich. Pregancy Care bietet dir einen gesch\u00fctzten Raum, in dem [&hellip;]\" \/>\n<meta property=\"og:url\" content=\"https:\/\/2theroot.at\/?page_id=1328\" \/>\n<meta property=\"article:modified_time\" content=\"2026-02-06T16:05:03+00:00\" \/>\n<meta name=\"twitter:card\" content=\"summary_large_image\" \/>\n<meta name=\"twitter:label1\" content=\"Gesch\u00e4tzte Lesezeit\" \/>\n\t<meta name=\"twitter:data1\" content=\"2\u00a0Minuten\" \/>\n<script type=\"application\/ld+json\" class=\"yoast-schema-graph\">{\"@context\":\"https:\\\/\\\/schema.org\",\"@graph\":[{\"@type\":\"WebPage\",\"@id\":\"https:\\\/\\\/2theroot.at\\\/?page_id=1328\",\"url\":\"https:\\\/\\\/2theroot.at\\\/?page_id=1328\",\"name\":\"Pregnancy Care -\",\"isPartOf\":{\"@id\":\"https:\\\/\\\/2theroot.at\\\/#website\"},\"datePublished\":\"2025-12-19T12:53:35+00:00\",\"dateModified\":\"2026-02-06T16:05:03+00:00\",\"breadcrumb\":{\"@id\":\"https:\\\/\\\/2theroot.at\\\/?page_id=1328#breadcrumb\"},\"inLanguage\":\"de\",\"potentialAction\":[{\"@type\":\"ReadAction\",\"target\":[\"https:\\\/\\\/2theroot.at\\\/?page_id=1328\"]}]},{\"@type\":\"BreadcrumbList\",\"@id\":\"https:\\\/\\\/2theroot.at\\\/?page_id=1328#breadcrumb\",\"itemListElement\":[{\"@type\":\"ListItem\",\"position\":1,\"name\":\"Startseite\",\"item\":\"https:\\\/\\\/2theroot.at\\\/\"},{\"@type\":\"ListItem\",\"position\":2,\"name\":\"Pregnancy Care\"}]},{\"@type\":\"WebSite\",\"@id\":\"https:\\\/\\\/2theroot.at\\\/#website\",\"url\":\"https:\\\/\\\/2theroot.at\\\/\",\"name\":\"\",\"description\":\"Just another WordPress site\",\"potentialAction\":[{\"@type\":\"SearchAction\",\"target\":{\"@type\":\"EntryPoint\",\"urlTemplate\":\"https:\\\/\\\/2theroot.at\\\/?s={search_term_string}\"},\"query-input\":{\"@type\":\"PropertyValueSpecification\",\"valueRequired\":true,\"valueName\":\"search_term_string\"}}],\"inLanguage\":\"de\"}]}<\/script>\n<!-- \/ Yoast SEO plugin. -->","yoast_head_json":{"title":"Pregnancy Care -","robots":{"index":"index","follow":"follow","max-snippet":"max-snippet:-1","max-image-preview":"max-image-preview:large","max-video-preview":"max-video-preview:-1"},"canonical":"https:\/\/2theroot.at\/?page_id=1328","og_locale":"de_DE","og_type":"article","og_title":"Pregnancy Care -","og_description":"Pregnancy Care Die Zeit der Schwangerschaft bringt tiefgreifende Ver\u00e4nderungen mit sich. Pregancy Care bietet dir einen gesch\u00fctzten Raum, in dem [&hellip;]","og_url":"https:\/\/2theroot.at\/?page_id=1328","article_modified_time":"2026-02-06T16:05:03+00:00","twitter_card":"summary_large_image","twitter_misc":{"Gesch\u00e4tzte Lesezeit":"2\u00a0Minuten"},"schema":{"@context":"https:\/\/schema.org","@graph":[{"@type":"WebPage","@id":"https:\/\/2theroot.at\/?page_id=1328","url":"https:\/\/2theroot.at\/?page_id=1328","name":"Pregnancy Care -","isPartOf":{"@id":"https:\/\/2theroot.at\/#website"},"datePublished":"2025-12-19T12:53:35+00:00","dateModified":"2026-02-06T16:05:03+00:00","breadcrumb":{"@id":"https:\/\/2theroot.at\/?page_id=1328#breadcrumb"},"inLanguage":"de","potentialAction":[{"@type":"ReadAction","target":["https:\/\/2theroot.at\/?page_id=1328"]}]},{"@type":"BreadcrumbList","@id":"https:\/\/2theroot.at\/?page_id=1328#breadcrumb","itemListElement":[{"@type":"ListItem","position":1,"name":"Startseite","item":"https:\/\/2theroot.at\/"},{"@type":"ListItem","position":2,"name":"Pregnancy Care"}]},{"@type":"WebSite","@id":"https:\/\/2theroot.at\/#website","url":"https:\/\/2theroot.at\/","name":"","description":"Just another WordPress site","potentialAction":[{"@type":"SearchAction","target":{"@type":"EntryPoint","urlTemplate":"https:\/\/2theroot.at\/?s={search_term_string}"},"query-input":{"@type":"PropertyValueSpecification","valueRequired":true,"valueName":"search_term_string"}}],"inLanguage":"de"}]}},"_links":{"self":[{"href":"https:\/\/2theroot.at\/index.php?rest_route=\/wp\/v2\/pages\/1328","targetHints":{"allow":["GET"]}}],"collection":[{"href":"https:\/\/2theroot.at\/index.php?rest_route=\/wp\/v2\/pages"}],"about":[{"href":"https:\/\/2theroot.at\/index.php?rest_route=\/wp\/v2\/types\/page"}],"author":[{"embeddable":true,"href":"https:\/\/2theroot.at\/index.php?rest_route=\/wp\/v2\/users\/1"}],"replies":[{"embeddable":true,"href":"https:\/\/2theroot.at\/index.php?rest_route=%2Fwp%2Fv2%2Fcomments&post=1328"}],"version-history":[{"count":22,"href":"https:\/\/2theroot.at\/index.php?rest_route=\/wp\/v2\/pages\/1328\/revisions"}],"predecessor-version":[{"id":1815,"href":"https:\/\/2theroot.at\/index.php?rest_route=\/wp\/v2\/pages\/1328\/revisions\/1815"}],"wp:attachment":[{"href":"https:\/\/2theroot.at\/index.php?rest_route=%2Fwp%2Fv2%2Fmedia&parent=1328"}],"curies":[{"name":"wp","href":"https:\/\/api.w.org\/{rel}","templated":true}]}}