{"id":1325,"date":"2025-12-19T12:52:51","date_gmt":"2025-12-19T12:52:51","guid":{"rendered":"https:\/\/2theroot.at\/?page_id=1325"},"modified":"2026-02-06T15:53:54","modified_gmt":"2026-02-06T15:53:54","slug":"fertility-support","status":"publish","type":"page","link":"https:\/\/2theroot.at\/?page_id=1325","title":{"rendered":"Fertility Support"},"content":{"rendered":"\t\t<div data-elementor-type=\"wp-page\" data-elementor-id=\"1325\" class=\"elementor elementor-1325\">\n\t\t\t\t<div class=\"elementor-element elementor-element-3896155 e-con-full e-flex e-con e-parent\" data-id=\"3896155\" data-element_type=\"container\" data-e-type=\"container\">\n\t\t\t\t<div class=\"elementor-element elementor-element-52e8174 elementor-widget elementor-widget-spacer\" data-id=\"52e8174\" data-element_type=\"widget\" data-e-type=\"widget\" data-widget_type=\"spacer.default\">\n\t\t\t\t<div class=\"elementor-widget-container\">\n\t\t\t\t\t\t\t<div class=\"elementor-spacer\">\n\t\t\t<div class=\"elementor-spacer-inner\"><\/div>\n\t\t<\/div>\n\t\t\t\t\t\t<\/div>\n\t\t\t\t<\/div>\n\t\t\t\t<div class=\"elementor-element elementor-element-463e95e elementor-widget elementor-widget-heading\" data-id=\"463e95e\" data-element_type=\"widget\" data-e-type=\"widget\" data-widget_type=\"heading.default\">\n\t\t\t\t<div class=\"elementor-widget-container\">\n\t\t\t\t\t<h2 class=\"elementor-heading-title elementor-size-default\">Fertility Support<\/h2>\t\t\t\t<\/div>\n\t\t\t\t<\/div>\n\t\t\t\t<\/div>\n\t\t<div class=\"elementor-element elementor-element-aa82cd7 e-con-full e-flex e-con e-parent\" data-id=\"aa82cd7\" data-element_type=\"container\" data-e-type=\"container\">\n\t\t\t\t<div class=\"elementor-element elementor-element-0ffff37 elementor-widget elementor-widget-spacer\" data-id=\"0ffff37\" data-element_type=\"widget\" data-e-type=\"widget\" data-widget_type=\"spacer.default\">\n\t\t\t\t<div class=\"elementor-widget-container\">\n\t\t\t\t\t\t\t<div class=\"elementor-spacer\">\n\t\t\t<div class=\"elementor-spacer-inner\"><\/div>\n\t\t<\/div>\n\t\t\t\t\t\t<\/div>\n\t\t\t\t<\/div>\n\t\t\t\t<div class=\"elementor-element elementor-element-f284715 elementor-widget elementor-widget-heading\" data-id=\"f284715\" data-element_type=\"widget\" data-e-type=\"widget\" data-widget_type=\"heading.default\">\n\t\t\t\t<div class=\"elementor-widget-container\">\n\t\t\t\t\t<h3 class=\"elementor-heading-title elementor-size-default\">K\u00f6rperorientierte Begleitung bei Kinderwunsch.<\/h3>\t\t\t\t<\/div>\n\t\t\t\t<\/div>\n\t\t\t\t<div class=\"elementor-element elementor-element-ab0f710 elementor-widget elementor-widget-text-editor\" data-id=\"ab0f710\" data-element_type=\"widget\" data-e-type=\"widget\" data-widget_type=\"text-editor.default\">\n\t\t\t\t<div class=\"elementor-widget-container\">\n\t\t\t\t\t\t\t\t\t<p><span style=\"font-size: 21px;\">Ein unerf\u00fcllter Kinderwunsch kann viele Ebenen ber\u00fchren: den eigenen K\u00f6rper, den Alltag, Beziehungen und das eigene Selbstbild.\u00a0<span style=\"font-style: inherit; text-align: var(--text-align);\">Oft entsteht das Gef\u00fchl, funktionieren zu m\u00fcssen, w\u00e4hrend Unsicherheit, Druck oder Ersch\u00f6pfung im Hintergrund mitlaufen. In meiner Praxis begleite ich dich achtsam durch diese Zeit, unabh\u00e4ngig davon, ob du dich am Anfang deines Kinderwunsches befindest oder bereits medizinische Unterst\u00fctzung in Anspruch nimmst.<\/span><\/span><\/p><p>\u00a0<\/p><p><span style=\"font-size: 21px;\"><strong>\u00a0<\/strong><\/span><\/p><p><span style=\"font-size: 21px;\"><strong>Dieses Angebot ist ideal f\u00fcr dich, wenn &#8230;<\/strong><\/span><\/p><p><span style=\"font-size: 21px;\">&#8230;. \u00a0du dich in einer Kinderwunschphase befindest und dir eine ganzheitliche Begleitung w\u00fcnscht<\/span><\/p><p><span style=\"font-size: 21px;\">&#8230;. \u00a0du dich w\u00e4hrend einer hormonellen Behandlung unterst\u00fctzt f\u00fchlen m\u00f6chtest<\/span><\/p><p><span style=\"font-size: 21px;\">&#8230;. \u00a0du das Gef\u00fchl hast, den Kontakt zu deinem K\u00f6rper verloren zu haben oder ihm wieder mehr vertrauen m\u00f6chtest<\/span><\/p><p><span style=\"font-size: 21px;\">&#8230;. \u00a0einen ruhigen, nicht wertenden Raum suchst, der dich st\u00e4rkt, jenseits von Leistungsdruck<\/span><\/p><p><span style=\"font-size: 21px;\">\u00a0<\/span><\/p><p>\u00a0<\/p><p><span style=\"font-size: 21px;\"><strong>Wie Shiatsu dich in dieser Phase unterst\u00fctzen kann:<\/strong><\/span><\/p><p><span style=\"font-size: 21px;\">&#8211; \u00a0Spannungen im Bauch-, Becken- und R\u00fcckenbereich zu l\u00f6sen<\/span><\/p><p><span style=\"font-size: 21px;\">&#8211; \u00a0die K\u00f6rperwahrnehmung zu vertiefen und innere Prozesse besser zu sp\u00fcren<\/span><\/p><p><span style=\"font-size: 21px;\">&#8211; \u00a0einen unterst\u00fctzenden Raum zu schaffen, in dem sich Druck und Anspannung reduzieren d\u00fcrfen<\/span><\/p><p><span style=\"font-size: 21px;\">&#8211; \u00a0den eigenen K\u00f6rper nicht nur als &#8222;funktionierend&#8220;, sondern als lebendig und reagierend zu erleben<\/span><\/p><p><span style=\"font-size: 21px;\">Meine Arbeit ist dabei bewusst begleitend, nicht steuernd. Sie ersetzt keine medizinische Behandlung, kann diese aber sinnvoll erg\u00e4nzen.<\/span><\/p><p><span style=\"font-size: 21px;\">\u00a0<\/span><\/p><p>\u00a0<\/p>\t\t\t\t\t\t\t\t<\/div>\n\t\t\t\t<\/div>\n\t\t\t\t<\/div>\n\t\t<div class=\"elementor-element elementor-element-53debb35 e-con-full e-flex e-con e-child\" data-id=\"53debb35\" data-element_type=\"container\" data-e-type=\"container\" data-settings=\"{&quot;background_background&quot;:&quot;classic&quot;}\">\n\t\t\t\t<div class=\"elementor-element elementor-element-5a14b928 elementor-widget elementor-widget-heading\" data-id=\"5a14b928\" data-element_type=\"widget\" data-e-type=\"widget\" data-widget_type=\"heading.default\">\n\t\t\t\t<div class=\"elementor-widget-container\">\n\t\t\t\t\t<h3 class=\"elementor-heading-title elementor-size-default\"><br>Paket Fertility Support<br>\n<\/h3>\t\t\t\t<\/div>\n\t\t\t\t<\/div>\n\t\t\t\t<div class=\"elementor-element elementor-element-114fb92f elementor-widget elementor-widget-text-editor\" data-id=\"114fb92f\" data-element_type=\"widget\" data-e-type=\"widget\" data-widget_type=\"text-editor.default\">\n\t\t\t\t<div class=\"elementor-widget-container\">\n\t\t\t\t\t\t\t\t\t<p style=\"text-align: center;\"><span style=\"font-size: 21px;\">Dieses Angebot begleitet dich in der Kinderwunschzeit dabei, k\u00f6rperliche Spannungen zu l\u00f6sen,\u00a0<\/span><span style=\"font-size: 21px; font-style: inherit;\">den Kontakt zu deinem K\u00f6rper zu vertiefen und dich in dieser sensiblen Phase gut getragen zu f\u00fchlen.<\/span><\/p><p style=\"text-align: center;\"><span style=\"font-size: 21px;\">Was enthalten ist:<\/span><\/p><p style=\"text-align: center;\"><span style=\"font-size: 21px;\"><strong>&#8211;<\/strong> <strong>\u00a06 Shiatsu Einheiten (je 50 min).\u00a0<\/strong><\/span><\/p><p style=\"text-align: center;\"><span style=\"font-size: 21px;\">\u00a0 \u00a0 Individuell auf deine aktuelle Situation abgestimmt.<\/span><\/p><p style=\"text-align: center;\"><span style=\"font-size: 21px;\"><strong>&#8211;<\/strong>\u00a0 <b>Anleitung zur Selbstmassage\u00a0<\/b><\/span><\/p><p style=\"text-align: center;\"><span style=\"font-size: 21px;\">Becken &amp; Bauchraum Zuhause gezielt unterst\u00fctzen.<\/span><\/p><p style=\"text-align: center;\"><span style=\"font-style: inherit; font-size: 21px;\">\u00a0<\/span><strong style=\"font-style: inherit; font-size: 21px;\">&#8211; \u00a0alltagstaugliche K\u00f6rper- oder Atem\u00fcbungen.<\/strong><span style=\"font-style: inherit; font-size: 21px;\">\u00a0<\/span><\/p><p style=\"text-align: center;\"><span style=\"font-size: 21px;\">\u00a0 \u00a0 Abgestimmt auf deinen Zyklus oder deine aktuelle Behandlungsphase<\/span><\/p><p style=\"text-align: center;\"><strong><span style=\"font-size: 21px;\">&#8211;\u00a0 Empfehlungen aus meiner Hausapotheke.\u00a0<\/span><\/strong><\/p><p style=\"text-align: center;\"><span style=\"font-size: 21px;\">\u00a0 \u00a0Kr\u00e4uter, W\u00e4rme &amp; Co. passend f\u00fcr deine aktuelle Phase<\/span><\/p>\t\t\t\t\t\t\t\t<\/div>\n\t\t\t\t<\/div>\n\t\t\t\t<div class=\"elementor-element elementor-element-7ca24ff3 elementor-widget elementor-widget-text-editor\" data-id=\"7ca24ff3\" data-element_type=\"widget\" data-e-type=\"widget\" data-widget_type=\"text-editor.default\">\n\t\t\t\t<div class=\"elementor-widget-container\">\n\t\t\t\t\t\t\t\t\t<p style=\"text-align: center;\"><span style=\"font-size: 21px;\"><strong>Paketpreis* 570\u20ac<\/strong><\/span><\/p>\t\t\t\t\t\t\t\t<\/div>\n\t\t\t\t<\/div>\n\t\t\t\t<\/div>\n\t\t<div class=\"elementor-element elementor-element-ac1d081 e-con-full e-flex e-con e-parent\" data-id=\"ac1d081\" data-element_type=\"container\" data-e-type=\"container\">\n\t\t\t\t<div class=\"elementor-element elementor-element-fc746fb elementor-widget elementor-widget-spacer\" data-id=\"fc746fb\" data-element_type=\"widget\" data-e-type=\"widget\" data-widget_type=\"spacer.default\">\n\t\t\t\t<div class=\"elementor-widget-container\">\n\t\t\t\t\t\t\t<div class=\"elementor-spacer\">\n\t\t\t<div class=\"elementor-spacer-inner\"><\/div>\n\t\t<\/div>\n\t\t\t\t\t\t<\/div>\n\t\t\t\t<\/div>\n\t\t\t\t<div class=\"elementor-element elementor-element-e597c54 elementor-widget elementor-widget-text-editor\" data-id=\"e597c54\" data-element_type=\"widget\" data-e-type=\"widget\" data-widget_type=\"text-editor.default\">\n\t\t\t\t<div class=\"elementor-widget-container\">\n\t\t\t\t\t\t\t\t\t<p><strong><span style=\"font-size: 21px;\">Was du aus dem Paket mitnehmen kannst:<\/span><\/strong><\/p><p><span style=\"font-size: 21px;\">&#8211; \u00a0Regulation des Menstruationszyklus<\/span><\/p><p><span style=\"font-size: 21px;\">&#8211; \u00a0St\u00e4rkung des Immunsystems &amp; Anregung des Stoffwechsels<\/span><\/p><p><span style=\"font-size: 21px;\">&#8211; \u00a0sp\u00fcrbare Entlastung im Bauch- und Beckenraum durch Anregung der Durchblutung<\/span><\/p><p><span style=\"font-size: 21px;\">&#8211; \u00a0innere Ruhe &amp; ein Auftanken in einer oft herausfordernden Zeit<\/span><\/p><p><span style=\"font-size: 21px;\">&#8211; ein feineres Gesp\u00fcr f\u00fcr deinen K\u00f6rper und seine Signale<\/span><\/p><p><span style=\"font-size: 21px;\">&#8211; \u00a0konkrete Impulse, die dich zwischen den Behandlungen unterst\u00fctzen<\/span><\/p><p><span style=\"font-size: 21px;\">\u00a0<\/span><\/p><p><span style=\"font-size: 21px;\">* WICHTIG: Um sicherzustellen, dass mein Angebot zu deinen Bed\u00fcrfnissen passt und wir gut zusammenarbeiten, buchst du bitte zuerst einen ERSTTERMIN. Danach kannst du das Paket ganz einfach bei mir in der Praxis direkt buchen. Die weiteren Termine vereinbaren wir gemeinsam.<\/span><\/p>\t\t\t\t\t\t\t\t<\/div>\n\t\t\t\t<\/div>\n\t\t\t\t<\/div>\n\t\t<div class=\"elementor-element elementor-element-29f0d59 e-con-full e-flex e-con e-parent\" data-id=\"29f0d59\" data-element_type=\"container\" data-e-type=\"container\">\n\t\t\t\t<div class=\"elementor-element elementor-element-1ded3a9 elementor-align-center elementor-widget elementor-widget-button\" data-id=\"1ded3a9\" data-element_type=\"widget\" data-e-type=\"widget\" data-widget_type=\"button.default\">\n\t\t\t\t<div class=\"elementor-widget-container\">\n\t\t\t\t\t\t\t\t\t<div class=\"elementor-button-wrapper\">\n\t\t\t\t\t<a class=\"elementor-button elementor-button-link elementor-size-sm\" href=\"https:\/\/2theroot.at\/?page_id=574\">\n\t\t\t\t\t\t<span class=\"elementor-button-content-wrapper\">\n\t\t\t\t\t\t\t\t\t<span class=\"elementor-button-text\">Jetzt Ersttermin buchen<\/span>\n\t\t\t\t\t<\/span>\n\t\t\t\t\t<\/a>\n\t\t\t\t<\/div>\n\t\t\t\t\t\t\t\t<\/div>\n\t\t\t\t<\/div>\n\t\t\t\t<\/div>\n\t\t\t\t<\/div>\n\t\t","protected":false},"excerpt":{"rendered":"<p>Fertility Support K\u00f6rperorientierte Begleitung bei Kinderwunsch. Ein unerf\u00fcllter Kinderwunsch kann viele Ebenen ber\u00fchren: den eigenen K\u00f6rper, den Alltag, Beziehungen und [&hellip;]<\/p>\n","protected":false},"author":1,"featured_media":0,"parent":0,"menu_order":0,"comment_status":"closed","ping_status":"closed","template":"","meta":{"site-sidebar-layout":"no-sidebar","site-content-layout":"","ast-site-content-layout":"full-width-container","site-content-style":"default","site-sidebar-style":"default","ast-global-header-display":"","ast-banner-title-visibility":"","ast-main-header-display":"","ast-hfb-above-header-display":"","ast-hfb-below-header-display":"","ast-hfb-mobile-header-display":"","site-post-title":"disabled","ast-breadcrumbs-content":"","ast-featured-img":"disabled","footer-sml-layout":"","ast-disable-related-posts":"","theme-transparent-header-meta":"","adv-header-id-meta":"","stick-header-meta":"","header-above-stick-meta":"","header-main-stick-meta":"","header-below-stick-meta":"","astra-migrate-meta-layouts":"default","ast-page-background-enabled":"default","ast-page-background-meta":{"desktop":{"background-color":"var(--ast-global-color-5)","background-image":"","background-repeat":"repeat","background-position":"center center","background-size":"auto","background-attachment":"scroll","background-type":"","background-media":"","overlay-type":"","overlay-color":"","overlay-opacity":"","overlay-gradient":""},"tablet":{"background-color":"","background-image":"","background-repeat":"repeat","background-position":"center center","background-size":"auto","background-attachment":"scroll","background-type":"","background-media":"","overlay-type":"","overlay-color":"","overlay-opacity":"","overlay-gradient":""},"mobile":{"background-color":"","background-image":"","background-repeat":"repeat","background-position":"center center","background-size":"auto","background-attachment":"scroll","background-type":"","background-media":"","overlay-type":"","overlay-color":"","overlay-opacity":"","overlay-gradient":""}},"ast-content-background-meta":{"desktop":{"background-color":"var(--ast-global-color-4)","background-image":"","background-repeat":"repeat","background-position":"center center","background-size":"auto","background-attachment":"scroll","background-type":"","background-media":"","overlay-type":"","overlay-color":"","overlay-opacity":"","overlay-gradient":""},"tablet":{"background-color":"var(--ast-global-color-4)","background-image":"","background-repeat":"repeat","background-position":"center center","background-size":"auto","background-attachment":"scroll","background-type":"","background-media":"","overlay-type":"","overlay-color":"","overlay-opacity":"","overlay-gradient":""},"mobile":{"background-color":"var(--ast-global-color-4)","background-image":"","background-repeat":"repeat","background-position":"center center","background-size":"auto","background-attachment":"scroll","background-type":"","background-media":"","overlay-type":"","overlay-color":"","overlay-opacity":"","overlay-gradient":""}},"_kadence_starter_templates_imported_post":false,"footnotes":""},"class_list":["post-1325","page","type-page","status-publish","hentry"],"yoast_head":"<!-- This site is optimized with the Yoast SEO plugin v27.4 - https:\/\/yoast.com\/product\/yoast-seo-wordpress\/ -->\n<title>Fertility Support -<\/title>\n<meta name=\"robots\" content=\"index, follow, max-snippet:-1, max-image-preview:large, max-video-preview:-1\" \/>\n<link rel=\"canonical\" href=\"https:\/\/2theroot.at\/?page_id=1325\" \/>\n<meta property=\"og:locale\" content=\"de_DE\" \/>\n<meta property=\"og:type\" content=\"article\" \/>\n<meta property=\"og:title\" content=\"Fertility Support -\" \/>\n<meta property=\"og:description\" content=\"Fertility Support K\u00f6rperorientierte Begleitung bei Kinderwunsch. Ein unerf\u00fcllter Kinderwunsch kann viele Ebenen ber\u00fchren: den eigenen K\u00f6rper, den Alltag, Beziehungen und [&hellip;]\" \/>\n<meta property=\"og:url\" content=\"https:\/\/2theroot.at\/?page_id=1325\" \/>\n<meta property=\"article:modified_time\" content=\"2026-02-06T15:53:54+00:00\" \/>\n<meta name=\"twitter:card\" content=\"summary_large_image\" \/>\n<meta name=\"twitter:label1\" content=\"Gesch\u00e4tzte Lesezeit\" \/>\n\t<meta name=\"twitter:data1\" content=\"3\u00a0Minuten\" \/>\n<script type=\"application\/ld+json\" class=\"yoast-schema-graph\">{\"@context\":\"https:\\\/\\\/schema.org\",\"@graph\":[{\"@type\":\"WebPage\",\"@id\":\"https:\\\/\\\/2theroot.at\\\/?page_id=1325\",\"url\":\"https:\\\/\\\/2theroot.at\\\/?page_id=1325\",\"name\":\"Fertility Support -\",\"isPartOf\":{\"@id\":\"https:\\\/\\\/2theroot.at\\\/#website\"},\"datePublished\":\"2025-12-19T12:52:51+00:00\",\"dateModified\":\"2026-02-06T15:53:54+00:00\",\"breadcrumb\":{\"@id\":\"https:\\\/\\\/2theroot.at\\\/?page_id=1325#breadcrumb\"},\"inLanguage\":\"de\",\"potentialAction\":[{\"@type\":\"ReadAction\",\"target\":[\"https:\\\/\\\/2theroot.at\\\/?page_id=1325\"]}]},{\"@type\":\"BreadcrumbList\",\"@id\":\"https:\\\/\\\/2theroot.at\\\/?page_id=1325#breadcrumb\",\"itemListElement\":[{\"@type\":\"ListItem\",\"position\":1,\"name\":\"Startseite\",\"item\":\"https:\\\/\\\/2theroot.at\\\/\"},{\"@type\":\"ListItem\",\"position\":2,\"name\":\"Fertility Support\"}]},{\"@type\":\"WebSite\",\"@id\":\"https:\\\/\\\/2theroot.at\\\/#website\",\"url\":\"https:\\\/\\\/2theroot.at\\\/\",\"name\":\"\",\"description\":\"Just another WordPress site\",\"potentialAction\":[{\"@type\":\"SearchAction\",\"target\":{\"@type\":\"EntryPoint\",\"urlTemplate\":\"https:\\\/\\\/2theroot.at\\\/?s={search_term_string}\"},\"query-input\":{\"@type\":\"PropertyValueSpecification\",\"valueRequired\":true,\"valueName\":\"search_term_string\"}}],\"inLanguage\":\"de\"}]}<\/script>\n<!-- \/ Yoast SEO plugin. -->","yoast_head_json":{"title":"Fertility Support -","robots":{"index":"index","follow":"follow","max-snippet":"max-snippet:-1","max-image-preview":"max-image-preview:large","max-video-preview":"max-video-preview:-1"},"canonical":"https:\/\/2theroot.at\/?page_id=1325","og_locale":"de_DE","og_type":"article","og_title":"Fertility Support -","og_description":"Fertility Support K\u00f6rperorientierte Begleitung bei Kinderwunsch. Ein unerf\u00fcllter Kinderwunsch kann viele Ebenen ber\u00fchren: den eigenen K\u00f6rper, den Alltag, Beziehungen und [&hellip;]","og_url":"https:\/\/2theroot.at\/?page_id=1325","article_modified_time":"2026-02-06T15:53:54+00:00","twitter_card":"summary_large_image","twitter_misc":{"Gesch\u00e4tzte Lesezeit":"3\u00a0Minuten"},"schema":{"@context":"https:\/\/schema.org","@graph":[{"@type":"WebPage","@id":"https:\/\/2theroot.at\/?page_id=1325","url":"https:\/\/2theroot.at\/?page_id=1325","name":"Fertility Support -","isPartOf":{"@id":"https:\/\/2theroot.at\/#website"},"datePublished":"2025-12-19T12:52:51+00:00","dateModified":"2026-02-06T15:53:54+00:00","breadcrumb":{"@id":"https:\/\/2theroot.at\/?page_id=1325#breadcrumb"},"inLanguage":"de","potentialAction":[{"@type":"ReadAction","target":["https:\/\/2theroot.at\/?page_id=1325"]}]},{"@type":"BreadcrumbList","@id":"https:\/\/2theroot.at\/?page_id=1325#breadcrumb","itemListElement":[{"@type":"ListItem","position":1,"name":"Startseite","item":"https:\/\/2theroot.at\/"},{"@type":"ListItem","position":2,"name":"Fertility Support"}]},{"@type":"WebSite","@id":"https:\/\/2theroot.at\/#website","url":"https:\/\/2theroot.at\/","name":"","description":"Just another WordPress site","potentialAction":[{"@type":"SearchAction","target":{"@type":"EntryPoint","urlTemplate":"https:\/\/2theroot.at\/?s={search_term_string}"},"query-input":{"@type":"PropertyValueSpecification","valueRequired":true,"valueName":"search_term_string"}}],"inLanguage":"de"}]}},"_links":{"self":[{"href":"https:\/\/2theroot.at\/index.php?rest_route=\/wp\/v2\/pages\/1325","targetHints":{"allow":["GET"]}}],"collection":[{"href":"https:\/\/2theroot.at\/index.php?rest_route=\/wp\/v2\/pages"}],"about":[{"href":"https:\/\/2theroot.at\/index.php?rest_route=\/wp\/v2\/types\/page"}],"author":[{"embeddable":true,"href":"https:\/\/2theroot.at\/index.php?rest_route=\/wp\/v2\/users\/1"}],"replies":[{"embeddable":true,"href":"https:\/\/2theroot.at\/index.php?rest_route=%2Fwp%2Fv2%2Fcomments&post=1325"}],"version-history":[{"count":10,"href":"https:\/\/2theroot.at\/index.php?rest_route=\/wp\/v2\/pages\/1325\/revisions"}],"predecessor-version":[{"id":1791,"href":"https:\/\/2theroot.at\/index.php?rest_route=\/wp\/v2\/pages\/1325\/revisions\/1791"}],"wp:attachment":[{"href":"https:\/\/2theroot.at\/index.php?rest_route=%2Fwp%2Fv2%2Fmedia&parent=1325"}],"curies":[{"name":"wp","href":"https:\/\/api.w.org\/{rel}","templated":true}]}}