{"id":1322,"date":"2025-12-19T12:51:42","date_gmt":"2025-12-19T12:51:42","guid":{"rendered":"https:\/\/2theroot.at\/?page_id=1322"},"modified":"2026-02-06T15:49:16","modified_gmt":"2026-02-06T15:49:16","slug":"cycle-balance","status":"publish","type":"page","link":"https:\/\/2theroot.at\/?page_id=1322","title":{"rendered":"Cycle Balance"},"content":{"rendered":"\t\t<div data-elementor-type=\"wp-page\" data-elementor-id=\"1322\" class=\"elementor elementor-1322\">\n\t\t\t\t<div class=\"elementor-element elementor-element-e45f8c2 e-con-full e-flex e-con e-parent\" data-id=\"e45f8c2\" data-element_type=\"container\" data-e-type=\"container\">\n\t\t\t\t<div class=\"elementor-element elementor-element-e8c5983 elementor-widget elementor-widget-spacer\" data-id=\"e8c5983\" data-element_type=\"widget\" data-e-type=\"widget\" data-widget_type=\"spacer.default\">\n\t\t\t\t<div class=\"elementor-widget-container\">\n\t\t\t\t\t\t\t<div class=\"elementor-spacer\">\n\t\t\t<div class=\"elementor-spacer-inner\"><\/div>\n\t\t<\/div>\n\t\t\t\t\t\t<\/div>\n\t\t\t\t<\/div>\n\t\t\t\t<div class=\"elementor-element elementor-element-c3cc542 elementor-widget elementor-widget-heading\" data-id=\"c3cc542\" data-element_type=\"widget\" data-e-type=\"widget\" data-widget_type=\"heading.default\">\n\t\t\t\t<div class=\"elementor-widget-container\">\n\t\t\t\t\t<h2 class=\"elementor-heading-title elementor-size-default\">Cycle Balance<br><\/h2>\t\t\t\t<\/div>\n\t\t\t\t<\/div>\n\t\t\t\t<\/div>\n\t\t<div class=\"elementor-element elementor-element-96597af e-con-full e-flex e-con e-parent\" data-id=\"96597af\" data-element_type=\"container\" data-e-type=\"container\">\n\t\t\t\t<div class=\"elementor-element elementor-element-039c9fd elementor-widget__width-inherit elementor-widget elementor-widget-text-editor\" data-id=\"039c9fd\" data-element_type=\"widget\" data-e-type=\"widget\" data-widget_type=\"text-editor.default\">\n\t\t\t\t<div class=\"elementor-widget-container\">\n\t\t\t\t\t\t\t\t\t<p><span style=\"font-size: 21px;\">In verschiedenen Phasen des Zyklus k\u00f6nnen Spannungen, M\u00fcdigkeit oder Stimmungsschwankungen auftreten. Das Cycle Balance Paket unterst\u00fctzt dich gezielt dabei, deinen Zyklus besser zu verstehen, dein Wohlbefinden zu steigern und dich gest\u00e4rkt durch jede Phase zu bewegen.&nbsp;<\/span><\/p>\n<p><strong><span style=\"font-size: 21px;\">&nbsp;<\/span><\/strong><\/p>\n<p><strong><span style=\"font-size: 21px;\">Dieses Angebot ist ideal f\u00fcr dich, wenn &#8230;<\/span><\/strong><\/p>\n<p><span style=\"font-size: 21px;\">&#8230;. &nbsp;Du unter pr\u00e4menstruellen Spannungen oder Zyklusunregelm\u00e4\u00dfigkeiten leidest<\/span><\/p>\n<p><span style=\"font-size: 21px;\">&#8230;. &nbsp;M\u00fcdigkeit, Konzentrationsschw\u00e4che oder emotionale Schwankungen deinen Alltag belasten<\/span><\/p>\n<p><span style=\"font-size: 21px;\">&#8230;. &nbsp;Du deinen K\u00f6rper im Zyklus bewusster wahrnehmen m\u00f6chtest<\/span><\/p>\n<p><span style=\"font-size: 21px;\">&#8230;. &nbsp;Du praktische Strategien f\u00fcr Zuhause suchst, um dich besser zu regulieren<\/span><\/p>\n<p><span style=\"font-size: 21px;\">&nbsp;<\/span><\/p>\t\t\t\t\t\t\t\t<\/div>\n\t\t\t\t<\/div>\n\t\t\t\t<\/div>\n\t\t<div class=\"elementor-element elementor-element-7149afc0 e-con-full e-flex e-con e-child\" data-id=\"7149afc0\" data-element_type=\"container\" data-e-type=\"container\" data-settings=\"{&quot;background_background&quot;:&quot;classic&quot;}\">\n\t\t\t\t<div class=\"elementor-element elementor-element-776ecbb9 elementor-widget elementor-widget-heading\" data-id=\"776ecbb9\" data-element_type=\"widget\" data-e-type=\"widget\" data-widget_type=\"heading.default\">\n\t\t\t\t<div class=\"elementor-widget-container\">\n\t\t\t\t\t<h2 class=\"elementor-heading-title elementor-size-default\"><br> Cylce Balance Paket<br>\n<\/h2>\t\t\t\t<\/div>\n\t\t\t\t<\/div>\n\t\t\t\t<div class=\"elementor-element elementor-element-55eda877 elementor-widget__width-initial elementor-widget elementor-widget-text-editor\" data-id=\"55eda877\" data-element_type=\"widget\" data-e-type=\"widget\" data-widget_type=\"text-editor.default\">\n\t\t\t\t<div class=\"elementor-widget-container\">\n\t\t\t\t\t\t\t\t\t<p style=\"text-align: center;\"><span style=\"font-size: 21px;\">Dieses Angebot &nbsp;hilft dir, deinen Zyklus besser zu verstehen, Spannungen &amp; Schmerzen zu lindern und deinen K\u00f6rper mit alltagstauglichen Werkzeugen stabiler durch hormonelle Schwankungen zu begleiten.<\/span><\/p>\n<p style=\"text-align: center;\"><span style=\"font-size: 21px;\">Was enthalten ist:<\/span><\/p>\n<p style=\"text-align: center;\"><span style=\"font-size: 21px;\"><strong>&#8211;<\/strong> <strong>&nbsp;3 Shiatsu Einheiten (je 50 min).&nbsp;<\/strong><\/span><\/p>\n<p style=\"text-align: center;\"><span style=\"font-size: 21px;\">&nbsp; &nbsp; Individuell auf deine Zyklusphase abgestimmt.<\/span><\/p>\n<p style=\"text-align: center;\"><span style=\"font-size: 21px;\"><strong>&#8211;<\/strong>&nbsp; <b>Zyklus-Facts &amp; Mini-Coaching.<\/b><\/span><\/p>\n<p style=\"text-align: center;\"><span style=\"font-size: 21px;\">&nbsp; &nbsp; Kurz &amp; klar, verst\u00e4ndlich erkl\u00e4rt, worauf dein K\u00f6rper reagiert.<\/span><\/p>\n<p style=\"text-align: center;\"><strong><span style=\"font-size: 21px;\">&#8211; &nbsp;&nbsp;Individuelle Empfehlungen f\u00fcr Zuhause.<\/span><\/strong><\/p>\n<p style=\"text-align: center;\"><span style=\"font-size: 21px;\">&nbsp; &nbsp; kurze \u00dcbungen, Selbstmassagen, Kr\u00e4uterempfehlungen und Hausapotheke<\/span><\/p>\t\t\t\t\t\t\t\t<\/div>\n\t\t\t\t<\/div>\n\t\t\t\t<div class=\"elementor-element elementor-element-b53c0b elementor-widget elementor-widget-text-editor\" data-id=\"b53c0b\" data-element_type=\"widget\" data-e-type=\"widget\" data-widget_type=\"text-editor.default\">\n\t\t\t\t<div class=\"elementor-widget-container\">\n\t\t\t\t\t\t\t\t\t<p style=\"text-align: center;\"><span style=\"font-size: 21px;\"><strong>Paketpreis* 295\u20ac<\/strong><\/span><\/p>\t\t\t\t\t\t\t\t<\/div>\n\t\t\t\t<\/div>\n\t\t\t\t<\/div>\n\t\t<div class=\"elementor-element elementor-element-2647425 e-con-full e-flex e-con e-parent\" data-id=\"2647425\" data-element_type=\"container\" data-e-type=\"container\">\n\t\t\t\t<div class=\"elementor-element elementor-element-7ad00ba elementor-widget elementor-widget-spacer\" data-id=\"7ad00ba\" data-element_type=\"widget\" data-e-type=\"widget\" data-widget_type=\"spacer.default\">\n\t\t\t\t<div class=\"elementor-widget-container\">\n\t\t\t\t\t\t\t<div class=\"elementor-spacer\">\n\t\t\t<div class=\"elementor-spacer-inner\"><\/div>\n\t\t<\/div>\n\t\t\t\t\t\t<\/div>\n\t\t\t\t<\/div>\n\t\t\t\t<div class=\"elementor-element elementor-element-ef8ee41 elementor-widget elementor-widget-text-editor\" data-id=\"ef8ee41\" data-element_type=\"widget\" data-e-type=\"widget\" data-widget_type=\"text-editor.default\">\n\t\t\t\t<div class=\"elementor-widget-container\">\n\t\t\t\t\t\t\t\t\t<p><span style=\"font-size: 21px;\"><strong>Was du von diesem Paket erwarten kannst?<\/strong><\/span><\/p><p><span style=\"font-size: 21px;\">&#8211; \u00a0Grundlegendes Verst\u00e4ndnis f\u00fcr deinen Zyklus &amp; wie du dich selbst in den jeweiligen Phasen unterst\u00fctzen kannst<\/span><\/p><p><span style=\"font-size: 21px;\">&#8211; \u00a0Sp\u00fcrbare Entlastung bei zyklusbedingten k\u00f6rperlichen \u00a0Spannungen<\/span><\/p><p><span style=\"font-size: 21px;\">&#8211; \u00a0Ein freieres K\u00f6rpergef\u00fchl im Bauch- und Beckenraum<\/span><\/p><p><span style=\"font-size: 21px;\">&#8211; \u00a0Praktische Selbsthilfe-Tools, die sich leicht in deinen Alltag integrieren lassen<\/span><\/p><p><span style=\"font-size: 21px;\">\u00a0<\/span><\/p><p><span style=\"font-size: 21px;\">* WICHTIG: Um sicherzustellen, dass mein Angebot zu deinen Bed\u00fcrfnissen passt und wir gut zusammenarbeiten, buchst du bitte zuerst einen ERSTTERMIN. Danach kannst du das Paket ganz einfach bei mir in der Praxis direkt buchen. Die weiteren Termine vereinbaren wir gemeinsam.<\/span><span style=\"font-size: 21px;\"><br \/><\/span><\/p>\t\t\t\t\t\t\t\t<\/div>\n\t\t\t\t<\/div>\n\t\t\t\t<\/div>\n\t\t<div class=\"elementor-element elementor-element-ec151bd e-con-full e-flex e-con e-parent\" data-id=\"ec151bd\" data-element_type=\"container\" data-e-type=\"container\">\n\t\t\t\t<div class=\"elementor-element elementor-element-4ef0fc3 elementor-align-center elementor-widget elementor-widget-button\" data-id=\"4ef0fc3\" data-element_type=\"widget\" data-e-type=\"widget\" data-widget_type=\"button.default\">\n\t\t\t\t<div class=\"elementor-widget-container\">\n\t\t\t\t\t\t\t\t\t<div class=\"elementor-button-wrapper\">\n\t\t\t\t\t<a class=\"elementor-button elementor-button-link elementor-size-sm\" href=\"https:\/\/2theroot.at\/?page_id=574\">\n\t\t\t\t\t\t<span class=\"elementor-button-content-wrapper\">\n\t\t\t\t\t\t\t\t\t<span class=\"elementor-button-text\">Jetzt Ersttermin buchen<\/span>\n\t\t\t\t\t<\/span>\n\t\t\t\t\t<\/a>\n\t\t\t\t<\/div>\n\t\t\t\t\t\t\t\t<\/div>\n\t\t\t\t<\/div>\n\t\t\t\t<\/div>\n\t\t\t\t<\/div>\n\t\t","protected":false},"excerpt":{"rendered":"<p>Cycle Balance In verschiedenen Phasen des Zyklus k\u00f6nnen Spannungen, M\u00fcdigkeit oder Stimmungsschwankungen auftreten. Das Cycle Balance Paket unterst\u00fctzt dich gezielt [&hellip;]<\/p>\n","protected":false},"author":1,"featured_media":0,"parent":0,"menu_order":0,"comment_status":"closed","ping_status":"closed","template":"","meta":{"site-sidebar-layout":"no-sidebar","site-content-layout":"","ast-site-content-layout":"full-width-container","site-content-style":"default","site-sidebar-style":"default","ast-global-header-display":"","ast-banner-title-visibility":"","ast-main-header-display":"","ast-hfb-above-header-display":"","ast-hfb-below-header-display":"","ast-hfb-mobile-header-display":"","site-post-title":"disabled","ast-breadcrumbs-content":"","ast-featured-img":"disabled","footer-sml-layout":"","ast-disable-related-posts":"","theme-transparent-header-meta":"","adv-header-id-meta":"","stick-header-meta":"","header-above-stick-meta":"","header-main-stick-meta":"","header-below-stick-meta":"","astra-migrate-meta-layouts":"default","ast-page-background-enabled":"default","ast-page-background-meta":{"desktop":{"background-color":"var(--ast-global-color-5)","background-image":"","background-repeat":"repeat","background-position":"center center","background-size":"auto","background-attachment":"scroll","background-type":"","background-media":"","overlay-type":"","overlay-color":"","overlay-opacity":"","overlay-gradient":""},"tablet":{"background-color":"","background-image":"","background-repeat":"repeat","background-position":"center center","background-size":"auto","background-attachment":"scroll","background-type":"","background-media":"","overlay-type":"","overlay-color":"","overlay-opacity":"","overlay-gradient":""},"mobile":{"background-color":"","background-image":"","background-repeat":"repeat","background-position":"center center","background-size":"auto","background-attachment":"scroll","background-type":"","background-media":"","overlay-type":"","overlay-color":"","overlay-opacity":"","overlay-gradient":""}},"ast-content-background-meta":{"desktop":{"background-color":"var(--ast-global-color-4)","background-image":"","background-repeat":"repeat","background-position":"center center","background-size":"auto","background-attachment":"scroll","background-type":"","background-media":"","overlay-type":"","overlay-color":"","overlay-opacity":"","overlay-gradient":""},"tablet":{"background-color":"var(--ast-global-color-4)","background-image":"","background-repeat":"repeat","background-position":"center center","background-size":"auto","background-attachment":"scroll","background-type":"","background-media":"","overlay-type":"","overlay-color":"","overlay-opacity":"","overlay-gradient":""},"mobile":{"background-color":"var(--ast-global-color-4)","background-image":"","background-repeat":"repeat","background-position":"center center","background-size":"auto","background-attachment":"scroll","background-type":"","background-media":"","overlay-type":"","overlay-color":"","overlay-opacity":"","overlay-gradient":""}},"_kadence_starter_templates_imported_post":false,"footnotes":""},"class_list":["post-1322","page","type-page","status-publish","hentry"],"yoast_head":"<!-- This site is optimized with the Yoast SEO plugin v27.4 - https:\/\/yoast.com\/product\/yoast-seo-wordpress\/ -->\n<title>Cycle Balance -<\/title>\n<meta name=\"robots\" content=\"index, follow, max-snippet:-1, max-image-preview:large, max-video-preview:-1\" \/>\n<link rel=\"canonical\" href=\"https:\/\/2theroot.at\/?page_id=1322\" \/>\n<meta property=\"og:locale\" content=\"de_DE\" \/>\n<meta property=\"og:type\" content=\"article\" \/>\n<meta property=\"og:title\" content=\"Cycle Balance -\" \/>\n<meta property=\"og:description\" content=\"Cycle Balance In verschiedenen Phasen des Zyklus k\u00f6nnen Spannungen, M\u00fcdigkeit oder Stimmungsschwankungen auftreten. Das Cycle Balance Paket unterst\u00fctzt dich gezielt [&hellip;]\" \/>\n<meta property=\"og:url\" content=\"https:\/\/2theroot.at\/?page_id=1322\" \/>\n<meta property=\"article:modified_time\" content=\"2026-02-06T15:49:16+00:00\" \/>\n<meta name=\"twitter:card\" content=\"summary_large_image\" \/>\n<meta name=\"twitter:label1\" content=\"Gesch\u00e4tzte Lesezeit\" \/>\n\t<meta name=\"twitter:data1\" content=\"2\u00a0Minuten\" \/>\n<script type=\"application\/ld+json\" class=\"yoast-schema-graph\">{\"@context\":\"https:\\\/\\\/schema.org\",\"@graph\":[{\"@type\":\"WebPage\",\"@id\":\"https:\\\/\\\/2theroot.at\\\/?page_id=1322\",\"url\":\"https:\\\/\\\/2theroot.at\\\/?page_id=1322\",\"name\":\"Cycle Balance -\",\"isPartOf\":{\"@id\":\"https:\\\/\\\/2theroot.at\\\/#website\"},\"datePublished\":\"2025-12-19T12:51:42+00:00\",\"dateModified\":\"2026-02-06T15:49:16+00:00\",\"breadcrumb\":{\"@id\":\"https:\\\/\\\/2theroot.at\\\/?page_id=1322#breadcrumb\"},\"inLanguage\":\"de\",\"potentialAction\":[{\"@type\":\"ReadAction\",\"target\":[\"https:\\\/\\\/2theroot.at\\\/?page_id=1322\"]}]},{\"@type\":\"BreadcrumbList\",\"@id\":\"https:\\\/\\\/2theroot.at\\\/?page_id=1322#breadcrumb\",\"itemListElement\":[{\"@type\":\"ListItem\",\"position\":1,\"name\":\"Startseite\",\"item\":\"https:\\\/\\\/2theroot.at\\\/\"},{\"@type\":\"ListItem\",\"position\":2,\"name\":\"Cycle Balance\"}]},{\"@type\":\"WebSite\",\"@id\":\"https:\\\/\\\/2theroot.at\\\/#website\",\"url\":\"https:\\\/\\\/2theroot.at\\\/\",\"name\":\"\",\"description\":\"Just another WordPress site\",\"potentialAction\":[{\"@type\":\"SearchAction\",\"target\":{\"@type\":\"EntryPoint\",\"urlTemplate\":\"https:\\\/\\\/2theroot.at\\\/?s={search_term_string}\"},\"query-input\":{\"@type\":\"PropertyValueSpecification\",\"valueRequired\":true,\"valueName\":\"search_term_string\"}}],\"inLanguage\":\"de\"}]}<\/script>\n<!-- \/ Yoast SEO plugin. -->","yoast_head_json":{"title":"Cycle Balance -","robots":{"index":"index","follow":"follow","max-snippet":"max-snippet:-1","max-image-preview":"max-image-preview:large","max-video-preview":"max-video-preview:-1"},"canonical":"https:\/\/2theroot.at\/?page_id=1322","og_locale":"de_DE","og_type":"article","og_title":"Cycle Balance -","og_description":"Cycle Balance In verschiedenen Phasen des Zyklus k\u00f6nnen Spannungen, M\u00fcdigkeit oder Stimmungsschwankungen auftreten. Das Cycle Balance Paket unterst\u00fctzt dich gezielt [&hellip;]","og_url":"https:\/\/2theroot.at\/?page_id=1322","article_modified_time":"2026-02-06T15:49:16+00:00","twitter_card":"summary_large_image","twitter_misc":{"Gesch\u00e4tzte Lesezeit":"2\u00a0Minuten"},"schema":{"@context":"https:\/\/schema.org","@graph":[{"@type":"WebPage","@id":"https:\/\/2theroot.at\/?page_id=1322","url":"https:\/\/2theroot.at\/?page_id=1322","name":"Cycle Balance -","isPartOf":{"@id":"https:\/\/2theroot.at\/#website"},"datePublished":"2025-12-19T12:51:42+00:00","dateModified":"2026-02-06T15:49:16+00:00","breadcrumb":{"@id":"https:\/\/2theroot.at\/?page_id=1322#breadcrumb"},"inLanguage":"de","potentialAction":[{"@type":"ReadAction","target":["https:\/\/2theroot.at\/?page_id=1322"]}]},{"@type":"BreadcrumbList","@id":"https:\/\/2theroot.at\/?page_id=1322#breadcrumb","itemListElement":[{"@type":"ListItem","position":1,"name":"Startseite","item":"https:\/\/2theroot.at\/"},{"@type":"ListItem","position":2,"name":"Cycle Balance"}]},{"@type":"WebSite","@id":"https:\/\/2theroot.at\/#website","url":"https:\/\/2theroot.at\/","name":"","description":"Just another WordPress site","potentialAction":[{"@type":"SearchAction","target":{"@type":"EntryPoint","urlTemplate":"https:\/\/2theroot.at\/?s={search_term_string}"},"query-input":{"@type":"PropertyValueSpecification","valueRequired":true,"valueName":"search_term_string"}}],"inLanguage":"de"}]}},"_links":{"self":[{"href":"https:\/\/2theroot.at\/index.php?rest_route=\/wp\/v2\/pages\/1322","targetHints":{"allow":["GET"]}}],"collection":[{"href":"https:\/\/2theroot.at\/index.php?rest_route=\/wp\/v2\/pages"}],"about":[{"href":"https:\/\/2theroot.at\/index.php?rest_route=\/wp\/v2\/types\/page"}],"author":[{"embeddable":true,"href":"https:\/\/2theroot.at\/index.php?rest_route=\/wp\/v2\/users\/1"}],"replies":[{"embeddable":true,"href":"https:\/\/2theroot.at\/index.php?rest_route=%2Fwp%2Fv2%2Fcomments&post=1322"}],"version-history":[{"count":19,"href":"https:\/\/2theroot.at\/index.php?rest_route=\/wp\/v2\/pages\/1322\/revisions"}],"predecessor-version":[{"id":1788,"href":"https:\/\/2theroot.at\/index.php?rest_route=\/wp\/v2\/pages\/1322\/revisions\/1788"}],"wp:attachment":[{"href":"https:\/\/2theroot.at\/index.php?rest_route=%2Fwp%2Fv2%2Fmedia&parent=1322"}],"curies":[{"name":"wp","href":"https:\/\/api.w.org\/{rel}","templated":true}]}}