{"id":1262,"date":"2025-12-13T11:28:32","date_gmt":"2025-12-13T11:28:32","guid":{"rendered":"https:\/\/2theroot.at\/?page_id=1262"},"modified":"2026-02-06T16:03:00","modified_gmt":"2026-02-06T16:03:00","slug":"shiatsu-bei-verspannungen-und-rueckenschmerzen-koerper-haltung","status":"publish","type":"page","link":"https:\/\/2theroot.at\/?page_id=1262","title":{"rendered":"K\u00f6rper &amp; Haltung"},"content":{"rendered":"\t\t<div data-elementor-type=\"wp-page\" data-elementor-id=\"1262\" class=\"elementor elementor-1262\">\n\t\t\t\t<div class=\"elementor-element elementor-element-4750e9f e-con-full e-flex e-con e-parent\" data-id=\"4750e9f\" data-element_type=\"container\" data-e-type=\"container\">\n\t\t\t\t<div class=\"elementor-element elementor-element-88b0aff elementor-widget elementor-widget-spacer\" data-id=\"88b0aff\" data-element_type=\"widget\" data-e-type=\"widget\" data-widget_type=\"spacer.default\">\n\t\t\t\t<div class=\"elementor-widget-container\">\n\t\t\t\t\t\t\t<div class=\"elementor-spacer\">\n\t\t\t<div class=\"elementor-spacer-inner\"><\/div>\n\t\t<\/div>\n\t\t\t\t\t\t<\/div>\n\t\t\t\t<\/div>\n\t\t\t\t<div class=\"elementor-element elementor-element-7b314ca elementor-widget elementor-widget-heading\" data-id=\"7b314ca\" data-element_type=\"widget\" data-e-type=\"widget\" data-widget_type=\"heading.default\">\n\t\t\t\t<div class=\"elementor-widget-container\">\n\t\t\t\t\t<h1 class=\"elementor-heading-title elementor-size-default\">K\u00f6rper &amp; Haltung - Shiatsu bei Verspannungen<\/h1>\t\t\t\t<\/div>\n\t\t\t\t<\/div>\n\t\t\t\t<div class=\"elementor-element elementor-element-4139794 elementor-widget elementor-widget-spacer\" data-id=\"4139794\" data-element_type=\"widget\" data-e-type=\"widget\" data-widget_type=\"spacer.default\">\n\t\t\t\t<div class=\"elementor-widget-container\">\n\t\t\t\t\t\t\t<div class=\"elementor-spacer\">\n\t\t\t<div class=\"elementor-spacer-inner\"><\/div>\n\t\t<\/div>\n\t\t\t\t\t\t<\/div>\n\t\t\t\t<\/div>\n\t\t\t\t<\/div>\n\t\t<div class=\"elementor-element elementor-element-b15b736 e-con-full e-flex e-con e-parent\" data-id=\"b15b736\" data-element_type=\"container\" data-e-type=\"container\">\n\t\t\t\t<div class=\"elementor-element elementor-element-506fdd1 elementor-widget elementor-widget-heading\" data-id=\"506fdd1\" data-element_type=\"widget\" data-e-type=\"widget\" data-widget_type=\"heading.default\">\n\t\t\t\t<div class=\"elementor-widget-container\">\n\t\t\t\t\t<h2 class=\"elementor-heading-title elementor-size-default\">Beweglichkeit, Stabilit\u00e4t &amp; Balance<\/h2>\t\t\t\t<\/div>\n\t\t\t\t<\/div>\n\t\t\t\t<div class=\"elementor-element elementor-element-8a46b51 elementor-widget elementor-widget-text-editor\" data-id=\"8a46b51\" data-element_type=\"widget\" data-e-type=\"widget\" data-widget_type=\"text-editor.default\">\n\t\t\t\t<div class=\"elementor-widget-container\">\n\t\t\t\t\t\t\t\t\t<p><span style=\"font-size: 21px;\">Unser K\u00f6rper tr\u00e4gt uns best\u00e4ndig durchs Leben &#8211; und oft sp\u00fcren wir Disharmonien, Blockaden oder Einschr\u00e4nkungen erst, wenn sie uns im Alltag einschr\u00e4nken. Das richtige Zusammenspiel von Beweglichkeit, Haltung und muskul\u00e4rer Balance ist entscheidend f\u00fcr Wohlbefinden, Leistungsf\u00e4higkeit und langfristige Gesundheit. Mit meinem Angebot unterst\u00fctze ich dich dabei, Bewegungsfreiheit &amp; Flexibilit\u00e4t zur\u00fcckzugewinnen und deine Haltung nachhaltig zu verbessern.<\/span><\/p><p><span style=\"font-size: 21px;\">\u00a0<\/span><\/p><p><strong><span style=\"font-size: 21px;\">Dieses Angebot ist ideal f\u00fcr dich, wenn du &#8230;<\/span><\/strong><\/p><p><span style=\"font-size: 21px;\">\u00a0<\/span><span style=\"font-size: 21px; font-style: inherit; text-align: var(--text-align);\">&#8230; \u00a0chronische Beschwerden &amp; Bewegungseinschr\u00e4nkungen hast, die dich im Alltag fordern<\/span><\/p><p><span style=\"font-size: 21px;\">&#8230;. Verspannungen im R\u00fccken-, Schulter- und Nackenbereich reduzieren m\u00f6chtest<\/span><\/p><p><span style=\"font-size: 21px;\">&#8230;. \u00a0Probleme wie Frozen shoulder, Impingment, Tennisarm u\u00e4. endlich angehen willst<\/span><\/p><p><span style=\"font-size: 21px;\">&#8230;. Deine Haltung verbessern m\u00f6chtest, um Belastungen im Alltag zu reduzieren<\/span><\/p><p><span style=\"font-size: 21px;\">&#8230;. Deine Beweglichkeit, Flexibilit\u00e4t und funktionale Stabilit\u00e4t gezielt aufbauen willst<\/span><\/p><p><span style=\"font-size: 21px;\">\u00a0<\/span><\/p><p><span style=\"font-size: 21px;\">\u00a0<\/span><\/p>\t\t\t\t\t\t\t\t<\/div>\n\t\t\t\t<\/div>\n\t\t\t\t<\/div>\n\t\t<div class=\"elementor-element elementor-element-4f7ff56 e-con-full e-flex e-con e-child\" data-id=\"4f7ff56\" data-element_type=\"container\" data-e-type=\"container\" data-settings=\"{&quot;background_background&quot;:&quot;classic&quot;}\">\n\t\t\t\t<div class=\"elementor-element elementor-element-e193c4e elementor-widget elementor-widget-heading\" data-id=\"e193c4e\" data-element_type=\"widget\" data-e-type=\"widget\" data-widget_type=\"heading.default\">\n\t\t\t\t<div class=\"elementor-widget-container\">\n\t\t\t\t\t<h2 class=\"elementor-heading-title elementor-size-default\"><br> Paket Mobility &amp; Flexibility<br>\n<\/h2>\t\t\t\t<\/div>\n\t\t\t\t<\/div>\n\t\t\t\t<div class=\"elementor-element elementor-element-23c5b1a elementor-widget__width-initial elementor-widget elementor-widget-text-editor\" data-id=\"23c5b1a\" data-element_type=\"widget\" data-e-type=\"widget\" data-widget_type=\"text-editor.default\">\n\t\t\t\t<div class=\"elementor-widget-container\">\n\t\t\t\t\t\t\t\t\t<p style=\"text-align: center;\"><span style=\"font-size: 21px;\">Dieses Angebot \u00a0richtet sich an Menschen, die anhaltende Spannungen und damit verbundenen Schmerz, Bewegungseinschr\u00e4nkungen oder Haltungsprobleme gezielt bearbeiten m\u00f6chten.<\/span><\/p><p style=\"text-align: center;\"><span style=\"font-size: 21px;\">Was enthalten ist:<\/span><\/p><p style=\"text-align: center;\"><span style=\"font-size: 21px;\"><strong>&#8211;<\/strong> <strong>\u00a03 Shiatsu Einheiten (je 50 min).\u00a0<\/strong><\/span><\/p><p style=\"text-align: center;\"><span style=\"font-size: 21px;\">\u00a0 \u00a0 Individuell auf deinen K\u00f6rper &amp; deine M\u00f6glichkeiten abgestimmt<\/span><\/p><p style=\"text-align: center;\"><strong><span style=\"font-size: 21px;\">&#8211; Erg\u00e4nzende Methoden zur Mobilisation.<\/span><\/strong><\/p><p style=\"text-align: center;\"><span style=\"font-size: 21px;\">bei Bedarf kommen meine bew\u00e4hrten Ingwerkompressen &amp; Schr\u00f6pfgl\u00e4ser zur Anwendung (lese hier mehr zu meiner Arbeitsweise)<\/span><\/p><p style=\"text-align: center;\"><strong><span style=\"font-size: 21px;\">&#8211; \u00a0\u00a0Individuelle Empfehlungen f\u00fcr Zuhause.<\/span><\/strong><\/p><p style=\"text-align: center;\"><span style=\"font-size: 21px;\">\u00a0 \u00a0 Ich gebe dir Werkzeuge in die Hand, um wirklich dranzubleiben! Shiatsu mit Langzeitwirkung<\/span><\/p>\t\t\t\t\t\t\t\t<\/div>\n\t\t\t\t<\/div>\n\t\t\t\t<div class=\"elementor-element elementor-element-75d57de elementor-widget elementor-widget-text-editor\" data-id=\"75d57de\" data-element_type=\"widget\" data-e-type=\"widget\" data-widget_type=\"text-editor.default\">\n\t\t\t\t<div class=\"elementor-widget-container\">\n\t\t\t\t\t\t\t\t\t<p style=\"text-align: center;\"><span style=\"font-size: 21px;\"><strong>Paketpreis* 295\u20ac<\/strong><\/span><\/p>\t\t\t\t\t\t\t\t<\/div>\n\t\t\t\t<\/div>\n\t\t\t\t<\/div>\n\t\t<div class=\"elementor-element elementor-element-7224392 e-con-full e-flex e-con e-parent\" data-id=\"7224392\" data-element_type=\"container\" data-e-type=\"container\">\n\t\t\t\t<div class=\"elementor-element elementor-element-9482f2a elementor-widget elementor-widget-spacer\" data-id=\"9482f2a\" data-element_type=\"widget\" data-e-type=\"widget\" data-widget_type=\"spacer.default\">\n\t\t\t\t<div class=\"elementor-widget-container\">\n\t\t\t\t\t\t\t<div class=\"elementor-spacer\">\n\t\t\t<div class=\"elementor-spacer-inner\"><\/div>\n\t\t<\/div>\n\t\t\t\t\t\t<\/div>\n\t\t\t\t<\/div>\n\t\t\t\t<div class=\"elementor-element elementor-element-af444aa elementor-widget elementor-widget-heading\" data-id=\"af444aa\" data-element_type=\"widget\" data-e-type=\"widget\" data-widget_type=\"heading.default\">\n\t\t\t\t<div class=\"elementor-widget-container\">\n\t\t\t\t\t<h2 class=\"elementor-heading-title elementor-size-default\">Was du von diesem Paket erwarten kannst?<\/h2>\t\t\t\t<\/div>\n\t\t\t\t<\/div>\n\t\t\t\t<div class=\"elementor-element elementor-element-8f108c4 elementor-widget elementor-widget-spacer\" data-id=\"8f108c4\" data-element_type=\"widget\" data-e-type=\"widget\" data-widget_type=\"spacer.default\">\n\t\t\t\t<div class=\"elementor-widget-container\">\n\t\t\t\t\t\t\t<div class=\"elementor-spacer\">\n\t\t\t<div class=\"elementor-spacer-inner\"><\/div>\n\t\t<\/div>\n\t\t\t\t\t\t<\/div>\n\t\t\t\t<\/div>\n\t\t\t\t<div class=\"elementor-element elementor-element-70572d6 elementor-widget elementor-widget-text-editor\" data-id=\"70572d6\" data-element_type=\"widget\" data-e-type=\"widget\" data-widget_type=\"text-editor.default\">\n\t\t\t\t<div class=\"elementor-widget-container\">\n\t\t\t\t\t\t\t\t\t<p><span style=\"font-size: 21px;\">&#8211; &nbsp;Mein Ziel ist es, deinen Bewegungsspielraum dauerhaft zu vergr\u00f6\u00dfern &#8211; wir schaffen gemeinsam mehr Raum!<\/span><\/p>\n<p><span style=\"font-size: 21px;\">&#8211; &nbsp;Chronische Schmerzthemen oder Versteifungen zeigen erste Entlastung, auch wenn sie schon l\u00e4nger bestehen<\/span><\/p>\n<p><span style=\"font-size: 21px;\">&#8211; &nbsp;dieses Paket ist eine Einladung an dich, die Spannungsmuster deines K\u00f6rpers zu erkennen und gezielt daran zu &nbsp;&nbsp;<\/span><\/p>\n<p><span style=\"font-size: 21px;\">&nbsp; &nbsp; arbeiten<\/span><\/p>\n<p><span style=\"font-size: 21px;\">&#8211; &nbsp;Du hast konkrete Werkzeuge zur Hand, um zwischen den Behandlungen oder danach weiter dranzubleiben<\/span><\/p>\n<p><span style=\"font-size: 21px;\">&#8211; &nbsp;Viele Menschen beschreiben nach einigen Behandlungen ein stabileres, klareres K\u00f6rpergef\u00fchl und mehr &nbsp; &nbsp;&nbsp;<\/span><\/p>\n<p><span style=\"font-size: 21px;\">&nbsp; &nbsp;Vertrauen in die eigene Beweglichkeit<\/span><\/p>\n<p><span style=\"font-size: 21px;\"><br><\/span><\/p>\n<p><span style=\"font-size: 21px;\">&nbsp;<\/span><span style=\"font-size: 21px; text-align: var(--text-align);\">* WICHTIG: Um sicherzustellen, dass mein Angebot zu deinen Bed\u00fcrfnissen passt und wir gut zusammenarbeiten, buchst du bitte zuerst einen ERSTTERMIN. Danach kannst du das Paket ganz einfach bei mir in der Praxis direkt buchen. Die weiteren Termine vereinbaren wir gemeinsam.<\/span><\/p>\n<p><span style=\"font-size: 21px; text-align: var(--text-align);\"><br><\/span><\/p>\n<p><\/p>\t\t\t\t\t\t\t\t<\/div>\n\t\t\t\t<\/div>\n\t\t\t\t<div class=\"elementor-element elementor-element-337b139 elementor-align-center elementor-widget elementor-widget-button\" data-id=\"337b139\" data-element_type=\"widget\" data-e-type=\"widget\" data-widget_type=\"button.default\">\n\t\t\t\t<div class=\"elementor-widget-container\">\n\t\t\t\t\t\t\t\t\t<div class=\"elementor-button-wrapper\">\n\t\t\t\t\t<a class=\"elementor-button elementor-button-link elementor-size-sm\" href=\"https:\/\/2theroot.at\/?page_id=574\">\n\t\t\t\t\t\t<span class=\"elementor-button-content-wrapper\">\n\t\t\t\t\t\t\t\t\t<span class=\"elementor-button-text\">Jetzt Ersttermin buchen<\/span>\n\t\t\t\t\t<\/span>\n\t\t\t\t\t<\/a>\n\t\t\t\t<\/div>\n\t\t\t\t\t\t\t\t<\/div>\n\t\t\t\t<\/div>\n\t\t\t\t<\/div>\n\t\t\t\t<\/div>\n\t\t","protected":false},"excerpt":{"rendered":"<p>K\u00f6rper &amp; Haltung &#8211; Shiatsu bei Verspannungen Beweglichkeit, Stabilit\u00e4t &amp; Balance Unser K\u00f6rper tr\u00e4gt uns best\u00e4ndig durchs Leben &#8211; und [&hellip;]<\/p>\n","protected":false},"author":1,"featured_media":0,"parent":0,"menu_order":0,"comment_status":"closed","ping_status":"closed","template":"","meta":{"site-sidebar-layout":"no-sidebar","site-content-layout":"","ast-site-content-layout":"full-width-container","site-content-style":"default","site-sidebar-style":"default","ast-global-header-display":"","ast-banner-title-visibility":"","ast-main-header-display":"","ast-hfb-above-header-display":"","ast-hfb-below-header-display":"","ast-hfb-mobile-header-display":"","site-post-title":"disabled","ast-breadcrumbs-content":"","ast-featured-img":"disabled","footer-sml-layout":"","ast-disable-related-posts":"","theme-transparent-header-meta":"","adv-header-id-meta":"","stick-header-meta":"","header-above-stick-meta":"","header-main-stick-meta":"","header-below-stick-meta":"","astra-migrate-meta-layouts":"default","ast-page-background-enabled":"default","ast-page-background-meta":{"desktop":{"background-color":"var(--ast-global-color-5)","background-image":"","background-repeat":"repeat","background-position":"center center","background-size":"auto","background-attachment":"scroll","background-type":"","background-media":"","overlay-type":"","overlay-color":"","overlay-opacity":"","overlay-gradient":""},"tablet":{"background-color":"","background-image":"","background-repeat":"repeat","background-position":"center center","background-size":"auto","background-attachment":"scroll","background-type":"","background-media":"","overlay-type":"","overlay-color":"","overlay-opacity":"","overlay-gradient":""},"mobile":{"background-color":"","background-image":"","background-repeat":"repeat","background-position":"center center","background-size":"auto","background-attachment":"scroll","background-type":"","background-media":"","overlay-type":"","overlay-color":"","overlay-opacity":"","overlay-gradient":""}},"ast-content-background-meta":{"desktop":{"background-color":"var(--ast-global-color-4)","background-image":"","background-repeat":"repeat","background-position":"center center","background-size":"auto","background-attachment":"scroll","background-type":"","background-media":"","overlay-type":"","overlay-color":"","overlay-opacity":"","overlay-gradient":""},"tablet":{"background-color":"var(--ast-global-color-4)","background-image":"","background-repeat":"repeat","background-position":"center center","background-size":"auto","background-attachment":"scroll","background-type":"","background-media":"","overlay-type":"","overlay-color":"","overlay-opacity":"","overlay-gradient":""},"mobile":{"background-color":"var(--ast-global-color-4)","background-image":"","background-repeat":"repeat","background-position":"center center","background-size":"auto","background-attachment":"scroll","background-type":"","background-media":"","overlay-type":"","overlay-color":"","overlay-opacity":"","overlay-gradient":""}},"_kadence_starter_templates_imported_post":false,"footnotes":""},"class_list":["post-1262","page","type-page","status-publish","hentry"],"yoast_head":"<!-- This site is optimized with the Yoast SEO plugin v27.4 - https:\/\/yoast.com\/product\/yoast-seo-wordpress\/ -->\n<title>K\u00f6rper &amp; Haltung -<\/title>\n<meta name=\"description\" content=\"Shiatsu f\u00fcr Haltung: bei Verspannungen, R\u00fcckenschmerzen, Fehlhaltungen und Bewegungseinschr\u00e4nkungen. Ganzheitlich und individuell begleitet.\" \/>\n<meta name=\"robots\" content=\"index, follow, max-snippet:-1, max-image-preview:large, max-video-preview:-1\" \/>\n<link rel=\"canonical\" href=\"https:\/\/2theroot.at\/?page_id=1262\" \/>\n<meta property=\"og:locale\" content=\"de_DE\" \/>\n<meta property=\"og:type\" content=\"article\" \/>\n<meta property=\"og:title\" content=\"K\u00f6rper &amp; Haltung -\" \/>\n<meta property=\"og:description\" content=\"Shiatsu f\u00fcr Haltung: bei Verspannungen, R\u00fcckenschmerzen, Fehlhaltungen und Bewegungseinschr\u00e4nkungen. Ganzheitlich und individuell begleitet.\" \/>\n<meta property=\"og:url\" content=\"https:\/\/2theroot.at\/?page_id=1262\" \/>\n<meta property=\"article:modified_time\" content=\"2026-02-06T16:03:00+00:00\" \/>\n<meta name=\"twitter:card\" content=\"summary_large_image\" \/>\n<meta name=\"twitter:label1\" content=\"Gesch\u00e4tzte Lesezeit\" \/>\n\t<meta name=\"twitter:data1\" content=\"2\u00a0Minuten\" \/>\n<script type=\"application\/ld+json\" class=\"yoast-schema-graph\">{\"@context\":\"https:\\\/\\\/schema.org\",\"@graph\":[{\"@type\":\"WebPage\",\"@id\":\"https:\\\/\\\/2theroot.at\\\/?page_id=1262\",\"url\":\"https:\\\/\\\/2theroot.at\\\/?page_id=1262\",\"name\":\"K\u00f6rper &amp; Haltung -\",\"isPartOf\":{\"@id\":\"https:\\\/\\\/2theroot.at\\\/#website\"},\"datePublished\":\"2025-12-13T11:28:32+00:00\",\"dateModified\":\"2026-02-06T16:03:00+00:00\",\"description\":\"Shiatsu f\u00fcr Haltung: bei Verspannungen, R\u00fcckenschmerzen, Fehlhaltungen und Bewegungseinschr\u00e4nkungen. Ganzheitlich und individuell begleitet.\",\"breadcrumb\":{\"@id\":\"https:\\\/\\\/2theroot.at\\\/?page_id=1262#breadcrumb\"},\"inLanguage\":\"de\",\"potentialAction\":[{\"@type\":\"ReadAction\",\"target\":[\"https:\\\/\\\/2theroot.at\\\/?page_id=1262\"]}]},{\"@type\":\"BreadcrumbList\",\"@id\":\"https:\\\/\\\/2theroot.at\\\/?page_id=1262#breadcrumb\",\"itemListElement\":[{\"@type\":\"ListItem\",\"position\":1,\"name\":\"Startseite\",\"item\":\"https:\\\/\\\/2theroot.at\\\/\"},{\"@type\":\"ListItem\",\"position\":2,\"name\":\"K\u00f6rper &amp; Haltung\"}]},{\"@type\":\"WebSite\",\"@id\":\"https:\\\/\\\/2theroot.at\\\/#website\",\"url\":\"https:\\\/\\\/2theroot.at\\\/\",\"name\":\"\",\"description\":\"Just another WordPress site\",\"potentialAction\":[{\"@type\":\"SearchAction\",\"target\":{\"@type\":\"EntryPoint\",\"urlTemplate\":\"https:\\\/\\\/2theroot.at\\\/?s={search_term_string}\"},\"query-input\":{\"@type\":\"PropertyValueSpecification\",\"valueRequired\":true,\"valueName\":\"search_term_string\"}}],\"inLanguage\":\"de\"}]}<\/script>\n<!-- \/ Yoast SEO plugin. -->","yoast_head_json":{"title":"K\u00f6rper &amp; Haltung -","description":"Shiatsu f\u00fcr Haltung: bei Verspannungen, R\u00fcckenschmerzen, Fehlhaltungen und Bewegungseinschr\u00e4nkungen. Ganzheitlich und individuell begleitet.","robots":{"index":"index","follow":"follow","max-snippet":"max-snippet:-1","max-image-preview":"max-image-preview:large","max-video-preview":"max-video-preview:-1"},"canonical":"https:\/\/2theroot.at\/?page_id=1262","og_locale":"de_DE","og_type":"article","og_title":"K\u00f6rper &amp; Haltung -","og_description":"Shiatsu f\u00fcr Haltung: bei Verspannungen, R\u00fcckenschmerzen, Fehlhaltungen und Bewegungseinschr\u00e4nkungen. Ganzheitlich und individuell begleitet.","og_url":"https:\/\/2theroot.at\/?page_id=1262","article_modified_time":"2026-02-06T16:03:00+00:00","twitter_card":"summary_large_image","twitter_misc":{"Gesch\u00e4tzte Lesezeit":"2\u00a0Minuten"},"schema":{"@context":"https:\/\/schema.org","@graph":[{"@type":"WebPage","@id":"https:\/\/2theroot.at\/?page_id=1262","url":"https:\/\/2theroot.at\/?page_id=1262","name":"K\u00f6rper &amp; Haltung -","isPartOf":{"@id":"https:\/\/2theroot.at\/#website"},"datePublished":"2025-12-13T11:28:32+00:00","dateModified":"2026-02-06T16:03:00+00:00","description":"Shiatsu f\u00fcr Haltung: bei Verspannungen, R\u00fcckenschmerzen, Fehlhaltungen und Bewegungseinschr\u00e4nkungen. Ganzheitlich und individuell begleitet.","breadcrumb":{"@id":"https:\/\/2theroot.at\/?page_id=1262#breadcrumb"},"inLanguage":"de","potentialAction":[{"@type":"ReadAction","target":["https:\/\/2theroot.at\/?page_id=1262"]}]},{"@type":"BreadcrumbList","@id":"https:\/\/2theroot.at\/?page_id=1262#breadcrumb","itemListElement":[{"@type":"ListItem","position":1,"name":"Startseite","item":"https:\/\/2theroot.at\/"},{"@type":"ListItem","position":2,"name":"K\u00f6rper &amp; Haltung"}]},{"@type":"WebSite","@id":"https:\/\/2theroot.at\/#website","url":"https:\/\/2theroot.at\/","name":"","description":"Just another WordPress site","potentialAction":[{"@type":"SearchAction","target":{"@type":"EntryPoint","urlTemplate":"https:\/\/2theroot.at\/?s={search_term_string}"},"query-input":{"@type":"PropertyValueSpecification","valueRequired":true,"valueName":"search_term_string"}}],"inLanguage":"de"}]}},"_links":{"self":[{"href":"https:\/\/2theroot.at\/index.php?rest_route=\/wp\/v2\/pages\/1262","targetHints":{"allow":["GET"]}}],"collection":[{"href":"https:\/\/2theroot.at\/index.php?rest_route=\/wp\/v2\/pages"}],"about":[{"href":"https:\/\/2theroot.at\/index.php?rest_route=\/wp\/v2\/types\/page"}],"author":[{"embeddable":true,"href":"https:\/\/2theroot.at\/index.php?rest_route=\/wp\/v2\/users\/1"}],"replies":[{"embeddable":true,"href":"https:\/\/2theroot.at\/index.php?rest_route=%2Fwp%2Fv2%2Fcomments&post=1262"}],"version-history":[{"count":13,"href":"https:\/\/2theroot.at\/index.php?rest_route=\/wp\/v2\/pages\/1262\/revisions"}],"predecessor-version":[{"id":1809,"href":"https:\/\/2theroot.at\/index.php?rest_route=\/wp\/v2\/pages\/1262\/revisions\/1809"}],"wp:attachment":[{"href":"https:\/\/2theroot.at\/index.php?rest_route=%2Fwp%2Fv2%2Fmedia&parent=1262"}],"curies":[{"name":"wp","href":"https:\/\/api.w.org\/{rel}","templated":true}]}}