{"id":1250,"date":"2025-12-13T11:24:21","date_gmt":"2025-12-13T11:24:21","guid":{"rendered":"https:\/\/2theroot.at\/?page_id=1250"},"modified":"2026-02-06T15:56:34","modified_gmt":"2026-02-06T15:56:34","slug":"frauengesundheit","status":"publish","type":"page","link":"https:\/\/2theroot.at\/?page_id=1250","title":{"rendered":"Frauengesundheit"},"content":{"rendered":"\t\t<div data-elementor-type=\"wp-page\" data-elementor-id=\"1250\" class=\"elementor elementor-1250\">\n\t\t\t\t<div class=\"elementor-element elementor-element-bec72eb e-con-full e-flex e-con e-parent\" data-id=\"bec72eb\" data-element_type=\"container\" data-e-type=\"container\">\n\t\t\t\t<div class=\"elementor-element elementor-element-2244c3b elementor-widget elementor-widget-spacer\" data-id=\"2244c3b\" data-element_type=\"widget\" data-e-type=\"widget\" data-widget_type=\"spacer.default\">\n\t\t\t\t<div class=\"elementor-widget-container\">\n\t\t\t\t\t\t\t<div class=\"elementor-spacer\">\n\t\t\t<div class=\"elementor-spacer-inner\"><\/div>\n\t\t<\/div>\n\t\t\t\t\t\t<\/div>\n\t\t\t\t<\/div>\n\t\t\t\t<div class=\"elementor-element elementor-element-d4e5891 elementor-widget elementor-widget-heading\" data-id=\"d4e5891\" data-element_type=\"widget\" data-e-type=\"widget\" data-widget_type=\"heading.default\">\n\t\t\t\t<div class=\"elementor-widget-container\">\n\t\t\t\t\t<h2 class=\"elementor-heading-title elementor-size-default\">Frauengesundheit &amp; Selbstf\u00fcrsorge<br><br><\/h2>\t\t\t\t<\/div>\n\t\t\t\t<\/div>\n\t\t\t\t<\/div>\n\t\t<div class=\"elementor-element elementor-element-bef694f e-con-full e-flex e-con e-parent\" data-id=\"bef694f\" data-element_type=\"container\" data-e-type=\"container\">\n\t\t\t\t<div class=\"elementor-element elementor-element-e96f21f elementor-widget elementor-widget-text-editor\" data-id=\"e96f21f\" data-element_type=\"widget\" data-e-type=\"widget\" data-widget_type=\"text-editor.default\">\n\t\t\t\t<div class=\"elementor-widget-container\">\n\t\t\t\t\t\t\t\t\t<p><strong><span style=\"font-size: 21px;\">K\u00f6rperliche und emotionale Wandlungsphasen sind Teil jeder weiblichen Biografie. Sie k\u00f6nnen Unsicherheit, Schmerzen oder \u00dcberforderungen mit sich bringen. Oft fehlt dabei vor allem Unterst\u00fctzung, um gest\u00e4rkt aus diesen Lebensphasen zu gehen.\u00a0<\/span><\/strong><\/p><p><span style=\"font-size: 21px;\">In meiner Praxis verbinde ich Shiatsu mit leicht umsetzbaren \u00dcbungen und meinem biologischen Know-How \u00fcber den weiblichen Zyklus. Als Frau und Mutter von bald 3 Kindern kenne ich viele dieser Phasen nicht nur aus der Theorie, sondern auch aus eigener Erfahrung.\u00a0<\/span><\/p><p><span style=\"font-size: 21px;\">Ich begleite dich bei PMS und Zyklusunregelm\u00e4\u00dfigkeiten, im Kinderwunsch, w\u00e4hrend der Schwangerschaft, in der Vorbereitung auf die Geburt sowie im Wochenbett und der Menopause. Mein Ziel dabei ist, dass du dich verbunden, handlungsf\u00e4hig und getragen f\u00fchlst.<\/span><\/p><p><strong><span style=\"font-size: 21px;\">Was dich in meiner Begleitung erwartet:<\/span><\/strong><\/p><p><span style=\"font-size: 21px;\">&#8211; \u00a0achtsame Ber\u00fchrung, die gezielt auf Becken, Bauch, R\u00fccken und Nervensystem eingeht<\/span><\/p><p><span style=\"font-size: 21px;\">&#8211; \u00a0Einfache \u00dcbungen\/Hausmittel, die du zu Hause anwenden kannst, angepasst an Zyklusphase oder Lebenssituation<\/span><\/p><p><span style=\"font-size: 21px;\">&#8211; \u00a0sp\u00fcrbare Entlastung bei zyklusbedingten Spannungen, R\u00fcckenschmerzen oder Ersch\u00f6pfung<\/span><\/p><p><span style=\"font-size: 21px;\">&#8211; \u00a0Unterst\u00fctzung der Selbstregulation, besonders in hormonell oder emotional fordernden Phasen<\/span><\/p><p><span style=\"font-size: 21px;\">&#8211; \u00a0individuelle Kr\u00e4uterberatung, wenn sinnvoll und passend zu deiner Situation<\/span><\/p><p><span style=\"font-size: 21px;\">\u00a0<\/span><\/p><p><span style=\"font-size: 21px;\">\u00a0<\/span><\/p>\t\t\t\t\t\t\t\t<\/div>\n\t\t\t\t<\/div>\n\t\t\t\t<\/div>\n\t\t<div class=\"elementor-element elementor-element-5b61583 e-con-full e-flex e-con e-parent\" data-id=\"5b61583\" data-element_type=\"container\" data-e-type=\"container\">\n\t\t\t\t<div class=\"elementor-element elementor-element-6c77ccb elementor-position-top elementor-widget elementor-widget-image-box\" data-id=\"6c77ccb\" data-element_type=\"widget\" data-e-type=\"widget\" data-widget_type=\"image-box.default\">\n\t\t\t\t<div class=\"elementor-widget-container\">\n\t\t\t\t\t<div class=\"elementor-image-box-wrapper\"><figure class=\"elementor-image-box-img\"><a href=\"https:\/\/2theroot.at\/?page_id=1322\" tabindex=\"-1\"><img fetchpriority=\"high\" decoding=\"async\" width=\"1280\" height=\"854\" src=\"https:\/\/2theroot.at\/wp-content\/uploads\/2025\/12\/2149703436.jpg\" class=\"attachment-full size-full wp-image-1298\" alt=\"Schematische Darstellung einer Geb\u00e4rmutter mit markierter Blutung zur Illustration des Menstruationszyklus.\" srcset=\"https:\/\/2theroot.at\/wp-content\/uploads\/2025\/12\/2149703436.jpg 1280w, https:\/\/2theroot.at\/wp-content\/uploads\/2025\/12\/2149703436-300x200.jpg 300w, https:\/\/2theroot.at\/wp-content\/uploads\/2025\/12\/2149703436-1024x683.jpg 1024w, https:\/\/2theroot.at\/wp-content\/uploads\/2025\/12\/2149703436-768x512.jpg 768w\" sizes=\"(max-width: 1280px) 100vw, 1280px\" \/><\/a><\/figure><div class=\"elementor-image-box-content\"><h3 class=\"elementor-image-box-title\"><a href=\"https:\/\/2theroot.at\/?page_id=1322\">Cycle Balance<\/a><\/h3><p class=\"elementor-image-box-description\">Begleitung bei Zyklusbeschwerden und hormonellen Schwankungen.<br><br><\/p><\/div><\/div>\t\t\t\t<\/div>\n\t\t\t\t<\/div>\n\t\t\t\t<div class=\"elementor-element elementor-element-ea2c128 elementor-position-top elementor-widget elementor-widget-image-box\" data-id=\"ea2c128\" data-element_type=\"widget\" data-e-type=\"widget\" data-widget_type=\"image-box.default\">\n\t\t\t\t<div class=\"elementor-widget-container\">\n\t\t\t\t\t<div class=\"elementor-image-box-wrapper\"><figure class=\"elementor-image-box-img\"><a href=\"https:\/\/2theroot.at\/?page_id=1325\" tabindex=\"-1\"><img decoding=\"async\" width=\"1500\" height=\"1000\" src=\"https:\/\/2theroot.at\/wp-content\/uploads\/2025\/12\/2149214337.jpg\" class=\"attachment-full size-full wp-image-1299\" alt=\"\" srcset=\"https:\/\/2theroot.at\/wp-content\/uploads\/2025\/12\/2149214337.jpg 1500w, https:\/\/2theroot.at\/wp-content\/uploads\/2025\/12\/2149214337-300x200.jpg 300w, https:\/\/2theroot.at\/wp-content\/uploads\/2025\/12\/2149214337-1024x683.jpg 1024w, https:\/\/2theroot.at\/wp-content\/uploads\/2025\/12\/2149214337-768x512.jpg 768w\" sizes=\"(max-width: 1500px) 100vw, 1500px\" \/><\/a><\/figure><div class=\"elementor-image-box-content\"><h3 class=\"elementor-image-box-title\"><a href=\"https:\/\/2theroot.at\/?page_id=1325\">Fertility Support<\/a><\/h3><p class=\"elementor-image-box-description\">Unterst\u00fctzung bei Kinderwunsch und begleitend zu medizinischen Behandlungszyklen.<br><br><\/p><\/div><\/div>\t\t\t\t<\/div>\n\t\t\t\t<\/div>\n\t\t\t\t<div class=\"elementor-element elementor-element-c47fe73 elementor-position-top elementor-widget elementor-widget-image-box\" data-id=\"c47fe73\" data-element_type=\"widget\" data-e-type=\"widget\" data-widget_type=\"image-box.default\">\n\t\t\t\t<div class=\"elementor-widget-container\">\n\t\t\t\t\t<div class=\"elementor-image-box-wrapper\"><figure class=\"elementor-image-box-img\"><a href=\"https:\/\/2theroot.at\/?page_id=1328\" tabindex=\"-1\"><img decoding=\"async\" width=\"1500\" height=\"1000\" src=\"https:\/\/2theroot.at\/wp-content\/uploads\/2025\/12\/2147792846.jpg\" class=\"attachment-full size-full wp-image-1300\" alt=\"\" srcset=\"https:\/\/2theroot.at\/wp-content\/uploads\/2025\/12\/2147792846.jpg 1500w, https:\/\/2theroot.at\/wp-content\/uploads\/2025\/12\/2147792846-300x200.jpg 300w, https:\/\/2theroot.at\/wp-content\/uploads\/2025\/12\/2147792846-1024x683.jpg 1024w, https:\/\/2theroot.at\/wp-content\/uploads\/2025\/12\/2147792846-768x512.jpg 768w\" sizes=\"(max-width: 1500px) 100vw, 1500px\" \/><\/a><\/figure><div class=\"elementor-image-box-content\"><h3 class=\"elementor-image-box-title\"><a href=\"https:\/\/2theroot.at\/?page_id=1328\">Pregnancy Care<\/a><\/h3><p class=\"elementor-image-box-description\">Begleitung w\u00e4hrend der gesamten Schwangerschaft sowie bei der Vorbereitung auf die Geburt.<br><br><\/p><\/div><\/div>\t\t\t\t<\/div>\n\t\t\t\t<\/div>\n\t\t\t\t<div class=\"elementor-element elementor-element-2f5b64c elementor-position-top elementor-widget elementor-widget-image-box\" data-id=\"2f5b64c\" data-element_type=\"widget\" data-e-type=\"widget\" data-widget_type=\"image-box.default\">\n\t\t\t\t<div class=\"elementor-widget-container\">\n\t\t\t\t\t<div class=\"elementor-image-box-wrapper\"><figure class=\"elementor-image-box-img\"><a href=\"https:\/\/2theroot.at\/?page_id=1331\" tabindex=\"-1\"><img loading=\"lazy\" decoding=\"async\" width=\"1500\" height=\"1000\" src=\"https:\/\/2theroot.at\/wp-content\/uploads\/2025\/12\/2149125018.jpg\" class=\"attachment-full size-full wp-image-1301\" alt=\"\" srcset=\"https:\/\/2theroot.at\/wp-content\/uploads\/2025\/12\/2149125018.jpg 1500w, https:\/\/2theroot.at\/wp-content\/uploads\/2025\/12\/2149125018-300x200.jpg 300w, https:\/\/2theroot.at\/wp-content\/uploads\/2025\/12\/2149125018-1024x683.jpg 1024w, https:\/\/2theroot.at\/wp-content\/uploads\/2025\/12\/2149125018-768x512.jpg 768w\" sizes=\"(max-width: 1500px) 100vw, 1500px\" \/><\/a><\/figure><div class=\"elementor-image-box-content\"><h3 class=\"elementor-image-box-title\"><a href=\"https:\/\/2theroot.at\/?page_id=1331\">Postpartum Restore<\/a><\/h3><p class=\"elementor-image-box-description\">Unterst\u00fctzung der Regeneration, Erdung und St\u00e4rkung nach der Geburt.<\/p><\/div><\/div>\t\t\t\t<\/div>\n\t\t\t\t<\/div>\n\t\t\t\t<\/div>\n\t\t\t\t<\/div>\n\t\t","protected":false},"excerpt":{"rendered":"<p>Frauengesundheit &amp; Selbstf\u00fcrsorge K\u00f6rperliche und emotionale Wandlungsphasen sind Teil jeder weiblichen Biografie. Sie k\u00f6nnen Unsicherheit, Schmerzen oder \u00dcberforderungen mit sich [&hellip;]<\/p>\n","protected":false},"author":1,"featured_media":0,"parent":0,"menu_order":0,"comment_status":"closed","ping_status":"closed","template":"","meta":{"site-sidebar-layout":"no-sidebar","site-content-layout":"","ast-site-content-layout":"full-width-container","site-content-style":"default","site-sidebar-style":"default","ast-global-header-display":"","ast-banner-title-visibility":"","ast-main-header-display":"","ast-hfb-above-header-display":"","ast-hfb-below-header-display":"","ast-hfb-mobile-header-display":"","site-post-title":"disabled","ast-breadcrumbs-content":"","ast-featured-img":"disabled","footer-sml-layout":"","ast-disable-related-posts":"","theme-transparent-header-meta":"","adv-header-id-meta":"","stick-header-meta":"","header-above-stick-meta":"","header-main-stick-meta":"","header-below-stick-meta":"","astra-migrate-meta-layouts":"default","ast-page-background-enabled":"default","ast-page-background-meta":{"desktop":{"background-color":"var(--ast-global-color-5)","background-image":"","background-repeat":"repeat","background-position":"center center","background-size":"auto","background-attachment":"scroll","background-type":"","background-media":"","overlay-type":"","overlay-color":"","overlay-opacity":"","overlay-gradient":""},"tablet":{"background-color":"","background-image":"","background-repeat":"repeat","background-position":"center center","background-size":"auto","background-attachment":"scroll","background-type":"","background-media":"","overlay-type":"","overlay-color":"","overlay-opacity":"","overlay-gradient":""},"mobile":{"background-color":"","background-image":"","background-repeat":"repeat","background-position":"center center","background-size":"auto","background-attachment":"scroll","background-type":"","background-media":"","overlay-type":"","overlay-color":"","overlay-opacity":"","overlay-gradient":""}},"ast-content-background-meta":{"desktop":{"background-color":"var(--ast-global-color-4)","background-image":"","background-repeat":"repeat","background-position":"center center","background-size":"auto","background-attachment":"scroll","background-type":"","background-media":"","overlay-type":"","overlay-color":"","overlay-opacity":"","overlay-gradient":""},"tablet":{"background-color":"var(--ast-global-color-4)","background-image":"","background-repeat":"repeat","background-position":"center center","background-size":"auto","background-attachment":"scroll","background-type":"","background-media":"","overlay-type":"","overlay-color":"","overlay-opacity":"","overlay-gradient":""},"mobile":{"background-color":"var(--ast-global-color-4)","background-image":"","background-repeat":"repeat","background-position":"center center","background-size":"auto","background-attachment":"scroll","background-type":"","background-media":"","overlay-type":"","overlay-color":"","overlay-opacity":"","overlay-gradient":""}},"_kadence_starter_templates_imported_post":false,"footnotes":""},"class_list":["post-1250","page","type-page","status-publish","hentry"],"yoast_head":"<!-- This site is optimized with the Yoast SEO plugin v27.4 - https:\/\/yoast.com\/product\/yoast-seo-wordpress\/ -->\n<title>Frauengesundheit -<\/title>\n<meta name=\"robots\" content=\"index, follow, max-snippet:-1, max-image-preview:large, max-video-preview:-1\" \/>\n<link rel=\"canonical\" href=\"https:\/\/2theroot.at\/?page_id=1250\" \/>\n<meta property=\"og:locale\" content=\"de_DE\" \/>\n<meta property=\"og:type\" content=\"article\" \/>\n<meta property=\"og:title\" content=\"Frauengesundheit -\" \/>\n<meta property=\"og:description\" content=\"Frauengesundheit &amp; Selbstf\u00fcrsorge K\u00f6rperliche und emotionale Wandlungsphasen sind Teil jeder weiblichen Biografie. Sie k\u00f6nnen Unsicherheit, Schmerzen oder \u00dcberforderungen mit sich [&hellip;]\" \/>\n<meta property=\"og:url\" content=\"https:\/\/2theroot.at\/?page_id=1250\" \/>\n<meta property=\"article:modified_time\" content=\"2026-02-06T15:56:34+00:00\" \/>\n<meta property=\"og:image\" content=\"https:\/\/2theroot.at\/wp-content\/uploads\/2025\/12\/2149703436.jpg\" \/>\n\t<meta property=\"og:image:width\" content=\"1280\" \/>\n\t<meta property=\"og:image:height\" content=\"854\" \/>\n\t<meta property=\"og:image:type\" content=\"image\/jpeg\" \/>\n<meta name=\"twitter:card\" content=\"summary_large_image\" \/>\n<meta name=\"twitter:label1\" content=\"Gesch\u00e4tzte Lesezeit\" \/>\n\t<meta name=\"twitter:data1\" content=\"2\u00a0Minuten\" \/>\n<script type=\"application\/ld+json\" class=\"yoast-schema-graph\">{\"@context\":\"https:\\\/\\\/schema.org\",\"@graph\":[{\"@type\":\"WebPage\",\"@id\":\"https:\\\/\\\/2theroot.at\\\/?page_id=1250\",\"url\":\"https:\\\/\\\/2theroot.at\\\/?page_id=1250\",\"name\":\"Frauengesundheit -\",\"isPartOf\":{\"@id\":\"https:\\\/\\\/2theroot.at\\\/#website\"},\"primaryImageOfPage\":{\"@id\":\"https:\\\/\\\/2theroot.at\\\/?page_id=1250#primaryimage\"},\"image\":{\"@id\":\"https:\\\/\\\/2theroot.at\\\/?page_id=1250#primaryimage\"},\"thumbnailUrl\":\"https:\\\/\\\/2theroot.at\\\/wp-content\\\/uploads\\\/2025\\\/12\\\/2149703436.jpg\",\"datePublished\":\"2025-12-13T11:24:21+00:00\",\"dateModified\":\"2026-02-06T15:56:34+00:00\",\"breadcrumb\":{\"@id\":\"https:\\\/\\\/2theroot.at\\\/?page_id=1250#breadcrumb\"},\"inLanguage\":\"de\",\"potentialAction\":[{\"@type\":\"ReadAction\",\"target\":[\"https:\\\/\\\/2theroot.at\\\/?page_id=1250\"]}]},{\"@type\":\"ImageObject\",\"inLanguage\":\"de\",\"@id\":\"https:\\\/\\\/2theroot.at\\\/?page_id=1250#primaryimage\",\"url\":\"https:\\\/\\\/2theroot.at\\\/wp-content\\\/uploads\\\/2025\\\/12\\\/2149703436.jpg\",\"contentUrl\":\"https:\\\/\\\/2theroot.at\\\/wp-content\\\/uploads\\\/2025\\\/12\\\/2149703436.jpg\",\"width\":1280,\"height\":854,\"caption\":\"Schematische Darstellung einer Geb\u00e4rmutter mit markierter Blutung zur Illustration des Menstruationszyklus.\"},{\"@type\":\"BreadcrumbList\",\"@id\":\"https:\\\/\\\/2theroot.at\\\/?page_id=1250#breadcrumb\",\"itemListElement\":[{\"@type\":\"ListItem\",\"position\":1,\"name\":\"Startseite\",\"item\":\"https:\\\/\\\/2theroot.at\\\/\"},{\"@type\":\"ListItem\",\"position\":2,\"name\":\"Frauengesundheit\"}]},{\"@type\":\"WebSite\",\"@id\":\"https:\\\/\\\/2theroot.at\\\/#website\",\"url\":\"https:\\\/\\\/2theroot.at\\\/\",\"name\":\"\",\"description\":\"Just another WordPress site\",\"potentialAction\":[{\"@type\":\"SearchAction\",\"target\":{\"@type\":\"EntryPoint\",\"urlTemplate\":\"https:\\\/\\\/2theroot.at\\\/?s={search_term_string}\"},\"query-input\":{\"@type\":\"PropertyValueSpecification\",\"valueRequired\":true,\"valueName\":\"search_term_string\"}}],\"inLanguage\":\"de\"}]}<\/script>\n<!-- \/ Yoast SEO plugin. -->","yoast_head_json":{"title":"Frauengesundheit -","robots":{"index":"index","follow":"follow","max-snippet":"max-snippet:-1","max-image-preview":"max-image-preview:large","max-video-preview":"max-video-preview:-1"},"canonical":"https:\/\/2theroot.at\/?page_id=1250","og_locale":"de_DE","og_type":"article","og_title":"Frauengesundheit -","og_description":"Frauengesundheit &amp; Selbstf\u00fcrsorge K\u00f6rperliche und emotionale Wandlungsphasen sind Teil jeder weiblichen Biografie. Sie k\u00f6nnen Unsicherheit, Schmerzen oder \u00dcberforderungen mit sich [&hellip;]","og_url":"https:\/\/2theroot.at\/?page_id=1250","article_modified_time":"2026-02-06T15:56:34+00:00","og_image":[{"width":1280,"height":854,"url":"https:\/\/2theroot.at\/wp-content\/uploads\/2025\/12\/2149703436.jpg","type":"image\/jpeg"}],"twitter_card":"summary_large_image","twitter_misc":{"Gesch\u00e4tzte Lesezeit":"2\u00a0Minuten"},"schema":{"@context":"https:\/\/schema.org","@graph":[{"@type":"WebPage","@id":"https:\/\/2theroot.at\/?page_id=1250","url":"https:\/\/2theroot.at\/?page_id=1250","name":"Frauengesundheit -","isPartOf":{"@id":"https:\/\/2theroot.at\/#website"},"primaryImageOfPage":{"@id":"https:\/\/2theroot.at\/?page_id=1250#primaryimage"},"image":{"@id":"https:\/\/2theroot.at\/?page_id=1250#primaryimage"},"thumbnailUrl":"https:\/\/2theroot.at\/wp-content\/uploads\/2025\/12\/2149703436.jpg","datePublished":"2025-12-13T11:24:21+00:00","dateModified":"2026-02-06T15:56:34+00:00","breadcrumb":{"@id":"https:\/\/2theroot.at\/?page_id=1250#breadcrumb"},"inLanguage":"de","potentialAction":[{"@type":"ReadAction","target":["https:\/\/2theroot.at\/?page_id=1250"]}]},{"@type":"ImageObject","inLanguage":"de","@id":"https:\/\/2theroot.at\/?page_id=1250#primaryimage","url":"https:\/\/2theroot.at\/wp-content\/uploads\/2025\/12\/2149703436.jpg","contentUrl":"https:\/\/2theroot.at\/wp-content\/uploads\/2025\/12\/2149703436.jpg","width":1280,"height":854,"caption":"Schematische Darstellung einer Geb\u00e4rmutter mit markierter Blutung zur Illustration des Menstruationszyklus."},{"@type":"BreadcrumbList","@id":"https:\/\/2theroot.at\/?page_id=1250#breadcrumb","itemListElement":[{"@type":"ListItem","position":1,"name":"Startseite","item":"https:\/\/2theroot.at\/"},{"@type":"ListItem","position":2,"name":"Frauengesundheit"}]},{"@type":"WebSite","@id":"https:\/\/2theroot.at\/#website","url":"https:\/\/2theroot.at\/","name":"","description":"Just another WordPress site","potentialAction":[{"@type":"SearchAction","target":{"@type":"EntryPoint","urlTemplate":"https:\/\/2theroot.at\/?s={search_term_string}"},"query-input":{"@type":"PropertyValueSpecification","valueRequired":true,"valueName":"search_term_string"}}],"inLanguage":"de"}]}},"_links":{"self":[{"href":"https:\/\/2theroot.at\/index.php?rest_route=\/wp\/v2\/pages\/1250","targetHints":{"allow":["GET"]}}],"collection":[{"href":"https:\/\/2theroot.at\/index.php?rest_route=\/wp\/v2\/pages"}],"about":[{"href":"https:\/\/2theroot.at\/index.php?rest_route=\/wp\/v2\/types\/page"}],"author":[{"embeddable":true,"href":"https:\/\/2theroot.at\/index.php?rest_route=\/wp\/v2\/users\/1"}],"replies":[{"embeddable":true,"href":"https:\/\/2theroot.at\/index.php?rest_route=%2Fwp%2Fv2%2Fcomments&post=1250"}],"version-history":[{"count":25,"href":"https:\/\/2theroot.at\/index.php?rest_route=\/wp\/v2\/pages\/1250\/revisions"}],"predecessor-version":[{"id":1800,"href":"https:\/\/2theroot.at\/index.php?rest_route=\/wp\/v2\/pages\/1250\/revisions\/1800"}],"wp:attachment":[{"href":"https:\/\/2theroot.at\/index.php?rest_route=%2Fwp%2Fv2%2Fmedia&parent=1250"}],"curies":[{"name":"wp","href":"https:\/\/api.w.org\/{rel}","templated":true}]}}