{"id":1211,"date":"2025-12-13T10:45:41","date_gmt":"2025-12-13T10:45:41","guid":{"rendered":"https:\/\/2theroot.at\/?page_id=1211"},"modified":"2026-02-06T16:16:24","modified_gmt":"2026-02-06T16:16:24","slug":"stress-nervensystem","status":"publish","type":"page","link":"https:\/\/2theroot.at\/?page_id=1211","title":{"rendered":"Stress &amp; Nervensystem"},"content":{"rendered":"\t\t<div data-elementor-type=\"wp-page\" data-elementor-id=\"1211\" class=\"elementor elementor-1211\">\n\t\t\t\t<div class=\"elementor-element elementor-element-71a7708 e-con-full e-flex e-con e-parent\" data-id=\"71a7708\" data-element_type=\"container\" data-e-type=\"container\">\n\t\t\t\t<div class=\"elementor-element elementor-element-db8c845 elementor-widget elementor-widget-spacer\" data-id=\"db8c845\" data-element_type=\"widget\" data-e-type=\"widget\" data-widget_type=\"spacer.default\">\n\t\t\t\t<div class=\"elementor-widget-container\">\n\t\t\t\t\t\t\t<div class=\"elementor-spacer\">\n\t\t\t<div class=\"elementor-spacer-inner\"><\/div>\n\t\t<\/div>\n\t\t\t\t\t\t<\/div>\n\t\t\t\t<\/div>\n\t\t\t\t<div class=\"elementor-element elementor-element-02ef51d elementor-widget elementor-widget-heading\" data-id=\"02ef51d\" data-element_type=\"widget\" data-e-type=\"widget\" data-widget_type=\"heading.default\">\n\t\t\t\t<div class=\"elementor-widget-container\">\n\t\t\t\t\t<h2 class=\"elementor-heading-title elementor-size-default\">Shiatsu f\u00fcr Dein Nervensystem<br><\/h2>\t\t\t\t<\/div>\n\t\t\t\t<\/div>\n\t\t\t\t<\/div>\n\t\t<div class=\"elementor-element elementor-element-474fcf0 e-con-full e-flex e-con e-parent\" data-id=\"474fcf0\" data-element_type=\"container\" data-e-type=\"container\">\n\t\t\t\t<div class=\"elementor-element elementor-element-765f9fc elementor-widget elementor-widget-spacer\" data-id=\"765f9fc\" data-element_type=\"widget\" data-e-type=\"widget\" data-widget_type=\"spacer.default\">\n\t\t\t\t<div class=\"elementor-widget-container\">\n\t\t\t\t\t\t\t<div class=\"elementor-spacer\">\n\t\t\t<div class=\"elementor-spacer-inner\"><\/div>\n\t\t<\/div>\n\t\t\t\t\t\t<\/div>\n\t\t\t\t<\/div>\n\t\t\t\t<div class=\"elementor-element elementor-element-e27e699 elementor-widget elementor-widget-heading\" data-id=\"e27e699\" data-element_type=\"widget\" data-e-type=\"widget\" data-widget_type=\"heading.default\">\n\t\t\t\t<div class=\"elementor-widget-container\">\n\t\t\t\t\t<h3 class=\"elementor-heading-title elementor-size-default\">Dein Weg zu Ruhe &amp; Klarheit.<\/h3>\t\t\t\t<\/div>\n\t\t\t\t<\/div>\n\t\t\t\t<div class=\"elementor-element elementor-element-9f40ee3 elementor-widget elementor-widget-text-editor\" data-id=\"9f40ee3\" data-element_type=\"widget\" data-e-type=\"widget\" data-widget_type=\"text-editor.default\">\n\t\t\t\t<div class=\"elementor-widget-container\">\n\t\t\t\t\t\t\t\t\t<p><span style=\"font-size: 21px;\">Chronischer Stress h\u00e4lt den K\u00f6rper in einem Dauerzustand der Anspannung. Viele Menschen merken das an innerer Unruhe, Schlafproblemen oder dem Gef\u00fchl st\u00e4ndig etwas \u00a0tun zu m\u00fcssen. Das Nervensystem hat die F\u00e4higkeit verloren zur Ruhe zu kommen.\u00a0<span style=\"font-style: inherit; text-align: var(--text-align);\">Hier setzt Shiatsu an: indem es das Nervensystem dabei unterst\u00fctzt, \u00a0sich selbst zu regulieren. Unser K\u00f6rper darf lernen: hier ist es sicher, hier darf ich entspannen. \u00a0<\/span><\/span><\/p><p><strong><span style=\"font-size: 21px;\">Dieses Angebot ist ideal f\u00fcr dich wenn du, &#8230;.<\/span><\/strong><\/p><p><span style=\"font-size: 21px;\">&#8230;. \u00a0oft \u00a0innerlich angespannt bist, auch wenn du eigentlich zur Ruhe kommen m\u00f6chtest.<\/span><\/p><p><span style=\"font-size: 21px;\">&#8230;. \u00a0 du unter Schlafst\u00f6rungen, innerer Unruhe oder Ersch\u00f6pfung leidest<\/span><\/p><p><span style=\"font-size: 21px;\">&#8230;. \u00a0k\u00f6rperliche Verspannungen sp\u00fcrst, die sich durch Stress verst\u00e4rken\u00a0<\/span><\/p><p><span style=\"font-size: 21px;\">&#8230;. \u00a0das Gef\u00fchl hast mehr zu &#8222;funktionieren&#8220; als zu leben.<\/span><\/p><p><strong><span style=\"font-size: 21px;\">Wie Shiatsu hier wirkt:<\/span><\/strong><\/p><p><span style=\"font-size: 21px;\">Shiatsu beruhigt \u00fcberschie\u00dfende Stressreaktionen, indem es direkt auf dein autonomes Nervensystem wirkt. Durch tiefen Druck, Dehnungen &amp; den bewussten Einsatz von Akupressurpunkten entsteht eine klare Botschaft im K\u00f6rper: &#8222;Du darfst loslassen &#8211; Kampf, Flucht oder Erstarren ist nicht notwendig.<\/span><\/p><p><strong><span style=\"font-size: 21px;\">Ich arbeite hier besonders mit:<\/span><\/strong><\/p><p><span style=\"font-size: 21px;\">&#8230;. \u00a0Regulation von Sympathikus &amp; Parasympathikus<\/span><\/p><p><span style=\"font-size: 21px;\">&#8230;. \u00a0K\u00f6rperarbeit f\u00fcr Atemraum &amp; Zwerchfell<\/span><\/p><p><span style=\"font-size: 21px;\">&#8230;. \u00a0 Energieleitbahnen (Meridiane) des K\u00f6rpers<\/span><\/p><p><span style=\"font-size: 21px;\">&#8230;. \u00a0R\u00e4umen im Brustkorb, Bauchraum \u00a0&amp; entlang der Wirbels\u00e4ule<\/span><\/p><p><span style=\"font-size: 21px;\">Mein wissenschaftlicher Ansatz flie\u00dft in meine Praxis mit ein. Du erf\u00e4hrst verst\u00e4ndlich &amp; fundiert, warum dein K\u00f6rper gerade so reagiert und wie du ihn im Alltag unterst\u00fctzen kannst.<\/span><\/p><p><span style=\"font-size: 21px;\">\u00a0<\/span><\/p>\t\t\t\t\t\t\t\t<\/div>\n\t\t\t\t<\/div>\n\t\t<div class=\"elementor-element elementor-element-5b116a3 e-flex e-con-boxed e-con e-child\" data-id=\"5b116a3\" data-element_type=\"container\" data-e-type=\"container\" data-settings=\"{&quot;background_background&quot;:&quot;classic&quot;}\">\n\t\t\t\t\t<div class=\"e-con-inner\">\n\t\t\t\t<div class=\"elementor-element elementor-element-3728bab elementor-widget elementor-widget-heading\" data-id=\"3728bab\" data-element_type=\"widget\" data-e-type=\"widget\" data-widget_type=\"heading.default\">\n\t\t\t\t<div class=\"elementor-widget-container\">\n\t\t\t\t\t<h3 class=\"elementor-heading-title elementor-size-default\"><br>Paket STRESS RELEASE<br>\n<\/h3>\t\t\t\t<\/div>\n\t\t\t\t<\/div>\n\t\t\t\t<div class=\"elementor-element elementor-element-d0cbfb3 elementor-widget elementor-widget-text-editor\" data-id=\"d0cbfb3\" data-element_type=\"widget\" data-e-type=\"widget\" data-widget_type=\"text-editor.default\">\n\t\t\t\t<div class=\"elementor-widget-container\">\n\t\t\t\t\t\t\t\t\t<p style=\"text-align: center;\"><span style=\"font-size: 21px;\">Dieses Angebot \u00a0hilft dir innerhalb weniger Wochen \u00a0mehr Ruhe &amp; innere Stabilit\u00e4t zu finden.\u00a0<\/span><\/p><p style=\"text-align: center;\"><span style=\"font-size: 21px;\">Was enthalten ist:<\/span><\/p><p style=\"text-align: center;\"><span style=\"font-size: 21px;\"><strong>&#8211;<\/strong> <strong>\u00a03 Shiatsu Einheiten (je 50 min).\u00a0<\/strong><\/span><\/p><p style=\"text-align: center;\"><span style=\"font-size: 21px;\">\u00a0 \u00a0 Tief beruhigende K\u00f6rperarbeit zur Regulierung des Nervensystems.<\/span><\/p><p style=\"text-align: center;\"><span style=\"font-size: 21px;\"><strong>&#8211;<\/strong> \u00a0<strong>Mini-Coaching &#8222;Stress im K\u00f6rper verstehen&#8220;<\/strong> direkt vor der 1. Behandlung.\u00a0<\/span><\/p><p style=\"text-align: center;\"><span style=\"font-size: 21px;\">\u00a0 \u00a0 Kurz &amp; klar &#8211; damit du verstehst wie dein K\u00f6rper auf Stress reagiert.<\/span><\/p><p style=\"text-align: center;\"><span style=\"font-size: 21px;\"><strong>&#8211; \u00a0K\u00f6rper-\/Atem\u00fcbungen f\u00fcr zuhause zur Nervensystem-Regulation.<\/strong>\u00a0<\/span><\/p><p style=\"text-align: center;\"><span style=\"font-size: 21px;\">\u00a0 \u00a0 Individuell auf dich abgestimmt, e<span style=\"font-style: inherit; text-align: var(--text-align);\">infach, machbar.<\/span><\/span><\/p><p style=\"text-align: center;\"><span style=\"font-size: 21px;\"><strong>&#8211;<\/strong> \u00a0<strong>Kr\u00e4uterempfehlungen die Ausgeglichenheit &amp; Schlaf f\u00f6rdern.\u00a0<\/strong><\/span><\/p><p style=\"text-align: center;\"><span style=\"font-size: 21px;\">\u00a0 \u00a0Wissen aus meiner Kr\u00e4uterwerkstatt alltagstauglich vermittelt.<\/span><\/p>\t\t\t\t\t\t\t\t<\/div>\n\t\t\t\t<\/div>\n\t\t\t\t<div class=\"elementor-element elementor-element-7464245 elementor-widget elementor-widget-text-editor\" data-id=\"7464245\" data-element_type=\"widget\" data-e-type=\"widget\" data-widget_type=\"text-editor.default\">\n\t\t\t\t<div class=\"elementor-widget-container\">\n\t\t\t\t\t\t\t\t\t<p style=\"text-align: center;\"><span style=\"font-size: 21px;\"><strong>Paketpreis* 295\u20ac<\/strong><\/span><\/p>\t\t\t\t\t\t\t\t<\/div>\n\t\t\t\t<\/div>\n\t\t\t\t\t<\/div>\n\t\t\t\t<\/div>\n\t\t\t\t<\/div>\n\t\t<div class=\"elementor-element elementor-element-7e1d216 e-con-full e-flex e-con e-parent\" data-id=\"7e1d216\" data-element_type=\"container\" data-e-type=\"container\">\n\t\t\t\t<div class=\"elementor-element elementor-element-9bc079d elementor-widget elementor-widget-text-editor\" data-id=\"9bc079d\" data-element_type=\"widget\" data-e-type=\"widget\" data-widget_type=\"text-editor.default\">\n\t\t\t\t<div class=\"elementor-widget-container\">\n\t\t\t\t\t\t\t\t\t<p><span style=\"font-size: 21px;\"><strong>&nbsp;<\/strong><\/span><\/p>\n<p><span style=\"font-size: 21px;\"><strong>Was du von diesem Paket erwarten kannst:<\/strong><\/span><\/p>\n<p><span style=\"font-size: 21px;\">Nach dem STRESS RELEASE Paket erleben viele meiner Kund:Innen:&nbsp;<\/span><\/p>\n<p><span style=\"font-size: 21px;\">&#8230;. &nbsp;mehr innere Ruhe &amp; Stabilit\u00e4t<\/span><\/p>\n<p><span style=\"font-size: 21px;\">&#8230;. &nbsp;verbesserte Selbstwahrnehmung<\/span><\/p>\n<p><span style=\"font-size: 21px;\">&#8230;. &nbsp;mehr Resistenz im Alltag<\/span><\/p>\n<p><span style=\"font-size: 21px;\">&#8230;. weniger Gedankenkreisen<\/span><\/p>\n<p><span style=\"font-size: 21px;\">&#8230;. freie, tiefe Atmung<\/span><\/p>\n<p><span style=\"font-size: 21px;\">&#8230;. verbesserter Schlaf<\/span><\/p>\n<p><span style=\"font-size: 21px;\">Du bekommst Werkzeuge in die Hand, die dich auch zwischen den Einheiten unterst\u00fctzen, gelassener deinen Alltag zu managen.&nbsp;<\/span><\/p>\n<p><span style=\"font-size: 21px;\">&nbsp;* WICHTIG: Um sicherzustellen, dass mein Angebot zu deinen Bed\u00fcrfnissen passt und wir gut zusammenarbeiten, buchst du bitte zuerst einen ERSTTERMIN. Danach kannst du das Paket ganz einfach bei mir in der Praxis direkt buchen. Die weiteren Termine vereinbaren wir gemeinsam.<\/span><\/p>\n<p><\/p>\t\t\t\t\t\t\t\t<\/div>\n\t\t\t\t<\/div>\n\t\t\t\t<div class=\"elementor-element elementor-element-f693158 elementor-align-center elementor-widget elementor-widget-button\" data-id=\"f693158\" data-element_type=\"widget\" data-e-type=\"widget\" data-widget_type=\"button.default\">\n\t\t\t\t<div class=\"elementor-widget-container\">\n\t\t\t\t\t\t\t\t\t<div class=\"elementor-button-wrapper\">\n\t\t\t\t\t<a class=\"elementor-button elementor-button-link elementor-size-sm\" href=\"https:\/\/2theroot.at\/?page_id=574\">\n\t\t\t\t\t\t<span class=\"elementor-button-content-wrapper\">\n\t\t\t\t\t\t\t\t\t<span class=\"elementor-button-text\">Jetzt Ersttermin buchen<\/span>\n\t\t\t\t\t<\/span>\n\t\t\t\t\t<\/a>\n\t\t\t\t<\/div>\n\t\t\t\t\t\t\t\t<\/div>\n\t\t\t\t<\/div>\n\t\t\t\t<\/div>\n\t\t\t\t<\/div>\n\t\t","protected":false},"excerpt":{"rendered":"<p>Shiatsu f\u00fcr Dein Nervensystem Dein Weg zu Ruhe &amp; Klarheit. Chronischer Stress h\u00e4lt den K\u00f6rper in einem Dauerzustand der Anspannung. [&hellip;]<\/p>\n","protected":false},"author":1,"featured_media":0,"parent":0,"menu_order":0,"comment_status":"closed","ping_status":"closed","template":"","meta":{"site-sidebar-layout":"no-sidebar","site-content-layout":"","ast-site-content-layout":"full-width-container","site-content-style":"default","site-sidebar-style":"default","ast-global-header-display":"","ast-banner-title-visibility":"","ast-main-header-display":"","ast-hfb-above-header-display":"","ast-hfb-below-header-display":"","ast-hfb-mobile-header-display":"","site-post-title":"disabled","ast-breadcrumbs-content":"","ast-featured-img":"disabled","footer-sml-layout":"","ast-disable-related-posts":"","theme-transparent-header-meta":"","adv-header-id-meta":"","stick-header-meta":"","header-above-stick-meta":"","header-main-stick-meta":"","header-below-stick-meta":"","astra-migrate-meta-layouts":"default","ast-page-background-enabled":"default","ast-page-background-meta":{"desktop":{"background-color":"var(--ast-global-color-5)","background-image":"","background-repeat":"repeat","background-position":"center center","background-size":"auto","background-attachment":"scroll","background-type":"","background-media":"","overlay-type":"","overlay-color":"","overlay-opacity":"","overlay-gradient":""},"tablet":{"background-color":"","background-image":"","background-repeat":"repeat","background-position":"center center","background-size":"auto","background-attachment":"scroll","background-type":"","background-media":"","overlay-type":"","overlay-color":"","overlay-opacity":"","overlay-gradient":""},"mobile":{"background-color":"","background-image":"","background-repeat":"repeat","background-position":"center center","background-size":"auto","background-attachment":"scroll","background-type":"","background-media":"","overlay-type":"","overlay-color":"","overlay-opacity":"","overlay-gradient":""}},"ast-content-background-meta":{"desktop":{"background-color":"var(--ast-global-color-4)","background-image":"","background-repeat":"repeat","background-position":"center center","background-size":"auto","background-attachment":"scroll","background-type":"","background-media":"","overlay-type":"","overlay-color":"","overlay-opacity":"","overlay-gradient":""},"tablet":{"background-color":"var(--ast-global-color-4)","background-image":"","background-repeat":"repeat","background-position":"center center","background-size":"auto","background-attachment":"scroll","background-type":"","background-media":"","overlay-type":"","overlay-color":"","overlay-opacity":"","overlay-gradient":""},"mobile":{"background-color":"var(--ast-global-color-4)","background-image":"","background-repeat":"repeat","background-position":"center center","background-size":"auto","background-attachment":"scroll","background-type":"","background-media":"","overlay-type":"","overlay-color":"","overlay-opacity":"","overlay-gradient":""}},"_kadence_starter_templates_imported_post":false,"footnotes":""},"class_list":["post-1211","page","type-page","status-publish","hentry"],"yoast_head":"<!-- This site is optimized with the Yoast SEO plugin v27.4 - https:\/\/yoast.com\/product\/yoast-seo-wordpress\/ -->\n<title>chronischer Stress und Nervensystem regulieren mit Shiatsu<\/title>\n<meta name=\"description\" content=\"chronischer Stress und Nervensystem regulieren mit Shiatsu. K\u00f6rperorientierte Begleitung bei Stress, Ersch\u00f6pfung &amp; innerer Unruhe\" \/>\n<meta name=\"robots\" content=\"index, follow, max-snippet:-1, max-image-preview:large, max-video-preview:-1\" \/>\n<link rel=\"canonical\" href=\"https:\/\/2theroot.at\/?page_id=1211\" \/>\n<meta property=\"og:locale\" content=\"de_DE\" \/>\n<meta property=\"og:type\" content=\"article\" \/>\n<meta property=\"og:title\" content=\"chronischer Stress und Nervensystem regulieren mit Shiatsu\" \/>\n<meta property=\"og:description\" content=\"chronischer Stress und Nervensystem regulieren mit Shiatsu. K\u00f6rperorientierte Begleitung bei Stress, Ersch\u00f6pfung &amp; innerer Unruhe\" \/>\n<meta property=\"og:url\" content=\"https:\/\/2theroot.at\/?page_id=1211\" \/>\n<meta property=\"article:modified_time\" content=\"2026-02-06T16:16:24+00:00\" \/>\n<meta name=\"twitter:card\" content=\"summary_large_image\" \/>\n<meta name=\"twitter:label1\" content=\"Gesch\u00e4tzte Lesezeit\" \/>\n\t<meta name=\"twitter:data1\" content=\"3\u00a0Minuten\" \/>\n<script type=\"application\/ld+json\" class=\"yoast-schema-graph\">{\"@context\":\"https:\\\/\\\/schema.org\",\"@graph\":[{\"@type\":\"WebPage\",\"@id\":\"https:\\\/\\\/2theroot.at\\\/?page_id=1211\",\"url\":\"https:\\\/\\\/2theroot.at\\\/?page_id=1211\",\"name\":\"chronischer Stress und Nervensystem regulieren mit Shiatsu\",\"isPartOf\":{\"@id\":\"https:\\\/\\\/2theroot.at\\\/#website\"},\"datePublished\":\"2025-12-13T10:45:41+00:00\",\"dateModified\":\"2026-02-06T16:16:24+00:00\",\"description\":\"chronischer Stress und Nervensystem regulieren mit Shiatsu. K\u00f6rperorientierte Begleitung bei Stress, Ersch\u00f6pfung & innerer Unruhe\",\"breadcrumb\":{\"@id\":\"https:\\\/\\\/2theroot.at\\\/?page_id=1211#breadcrumb\"},\"inLanguage\":\"de\",\"potentialAction\":[{\"@type\":\"ReadAction\",\"target\":[\"https:\\\/\\\/2theroot.at\\\/?page_id=1211\"]}]},{\"@type\":\"BreadcrumbList\",\"@id\":\"https:\\\/\\\/2theroot.at\\\/?page_id=1211#breadcrumb\",\"itemListElement\":[{\"@type\":\"ListItem\",\"position\":1,\"name\":\"Startseite\",\"item\":\"https:\\\/\\\/2theroot.at\\\/\"},{\"@type\":\"ListItem\",\"position\":2,\"name\":\"Stress &amp; Nervensystem\"}]},{\"@type\":\"WebSite\",\"@id\":\"https:\\\/\\\/2theroot.at\\\/#website\",\"url\":\"https:\\\/\\\/2theroot.at\\\/\",\"name\":\"\",\"description\":\"Just another WordPress site\",\"potentialAction\":[{\"@type\":\"SearchAction\",\"target\":{\"@type\":\"EntryPoint\",\"urlTemplate\":\"https:\\\/\\\/2theroot.at\\\/?s={search_term_string}\"},\"query-input\":{\"@type\":\"PropertyValueSpecification\",\"valueRequired\":true,\"valueName\":\"search_term_string\"}}],\"inLanguage\":\"de\"}]}<\/script>\n<!-- \/ Yoast SEO plugin. -->","yoast_head_json":{"title":"chronischer Stress und Nervensystem regulieren mit Shiatsu","description":"chronischer Stress und Nervensystem regulieren mit Shiatsu. K\u00f6rperorientierte Begleitung bei Stress, Ersch\u00f6pfung & innerer Unruhe","robots":{"index":"index","follow":"follow","max-snippet":"max-snippet:-1","max-image-preview":"max-image-preview:large","max-video-preview":"max-video-preview:-1"},"canonical":"https:\/\/2theroot.at\/?page_id=1211","og_locale":"de_DE","og_type":"article","og_title":"chronischer Stress und Nervensystem regulieren mit Shiatsu","og_description":"chronischer Stress und Nervensystem regulieren mit Shiatsu. K\u00f6rperorientierte Begleitung bei Stress, Ersch\u00f6pfung & innerer Unruhe","og_url":"https:\/\/2theroot.at\/?page_id=1211","article_modified_time":"2026-02-06T16:16:24+00:00","twitter_card":"summary_large_image","twitter_misc":{"Gesch\u00e4tzte Lesezeit":"3\u00a0Minuten"},"schema":{"@context":"https:\/\/schema.org","@graph":[{"@type":"WebPage","@id":"https:\/\/2theroot.at\/?page_id=1211","url":"https:\/\/2theroot.at\/?page_id=1211","name":"chronischer Stress und Nervensystem regulieren mit Shiatsu","isPartOf":{"@id":"https:\/\/2theroot.at\/#website"},"datePublished":"2025-12-13T10:45:41+00:00","dateModified":"2026-02-06T16:16:24+00:00","description":"chronischer Stress und Nervensystem regulieren mit Shiatsu. K\u00f6rperorientierte Begleitung bei Stress, Ersch\u00f6pfung & innerer Unruhe","breadcrumb":{"@id":"https:\/\/2theroot.at\/?page_id=1211#breadcrumb"},"inLanguage":"de","potentialAction":[{"@type":"ReadAction","target":["https:\/\/2theroot.at\/?page_id=1211"]}]},{"@type":"BreadcrumbList","@id":"https:\/\/2theroot.at\/?page_id=1211#breadcrumb","itemListElement":[{"@type":"ListItem","position":1,"name":"Startseite","item":"https:\/\/2theroot.at\/"},{"@type":"ListItem","position":2,"name":"Stress &amp; Nervensystem"}]},{"@type":"WebSite","@id":"https:\/\/2theroot.at\/#website","url":"https:\/\/2theroot.at\/","name":"","description":"Just another WordPress site","potentialAction":[{"@type":"SearchAction","target":{"@type":"EntryPoint","urlTemplate":"https:\/\/2theroot.at\/?s={search_term_string}"},"query-input":{"@type":"PropertyValueSpecification","valueRequired":true,"valueName":"search_term_string"}}],"inLanguage":"de"}]}},"_links":{"self":[{"href":"https:\/\/2theroot.at\/index.php?rest_route=\/wp\/v2\/pages\/1211","targetHints":{"allow":["GET"]}}],"collection":[{"href":"https:\/\/2theroot.at\/index.php?rest_route=\/wp\/v2\/pages"}],"about":[{"href":"https:\/\/2theroot.at\/index.php?rest_route=\/wp\/v2\/types\/page"}],"author":[{"embeddable":true,"href":"https:\/\/2theroot.at\/index.php?rest_route=\/wp\/v2\/users\/1"}],"replies":[{"embeddable":true,"href":"https:\/\/2theroot.at\/index.php?rest_route=%2Fwp%2Fv2%2Fcomments&post=1211"}],"version-history":[{"count":19,"href":"https:\/\/2theroot.at\/index.php?rest_route=\/wp\/v2\/pages\/1211\/revisions"}],"predecessor-version":[{"id":1830,"href":"https:\/\/2theroot.at\/index.php?rest_route=\/wp\/v2\/pages\/1211\/revisions\/1830"}],"wp:attachment":[{"href":"https:\/\/2theroot.at\/index.php?rest_route=%2Fwp%2Fv2%2Fmedia&parent=1211"}],"curies":[{"name":"wp","href":"https:\/\/api.w.org\/{rel}","templated":true}]}}