{"id":1190,"date":"2025-12-12T14:20:31","date_gmt":"2025-12-12T14:20:31","guid":{"rendered":"https:\/\/2theroot.at\/?page_id=1190"},"modified":"2026-02-06T15:42:20","modified_gmt":"2026-02-06T15:42:20","slug":"was-ist-shiatsu","status":"publish","type":"page","link":"https:\/\/2theroot.at\/?page_id=1190","title":{"rendered":"Was ist Shiatsu?"},"content":{"rendered":"\t\t<div data-elementor-type=\"wp-page\" data-elementor-id=\"1190\" class=\"elementor elementor-1190\">\n\t\t\t\t<div class=\"elementor-element elementor-element-9007f36 e-flex e-con-boxed e-con e-parent\" data-id=\"9007f36\" data-element_type=\"container\" data-e-type=\"container\">\n\t\t\t\t\t<div class=\"e-con-inner\">\n\t\t\t\t<div class=\"elementor-element elementor-element-76f27b2 elementor-widget elementor-widget-spacer\" data-id=\"76f27b2\" data-element_type=\"widget\" data-e-type=\"widget\" data-widget_type=\"spacer.default\">\n\t\t\t\t<div class=\"elementor-widget-container\">\n\t\t\t\t\t\t\t<div class=\"elementor-spacer\">\n\t\t\t<div class=\"elementor-spacer-inner\"><\/div>\n\t\t<\/div>\n\t\t\t\t\t\t<\/div>\n\t\t\t\t<\/div>\n\t\t\t\t\t<\/div>\n\t\t\t\t<\/div>\n\t\t<div class=\"elementor-element elementor-element-c459f90 e-con-full e-flex e-con e-parent\" data-id=\"c459f90\" data-element_type=\"container\" data-e-type=\"container\">\n\t\t\t\t<div class=\"elementor-element elementor-element-72c1592 elementor-widget elementor-widget-heading\" data-id=\"72c1592\" data-element_type=\"widget\" data-e-type=\"widget\" data-widget_type=\"heading.default\">\n\t\t\t\t<div class=\"elementor-widget-container\">\n\t\t\t\t\t<h1 class=\"elementor-heading-title elementor-size-default\">Was ist Shiatsu?<\/h1>\t\t\t\t<\/div>\n\t\t\t\t<\/div>\n\t\t\t\t<\/div>\n\t\t<div class=\"elementor-element elementor-element-4262c6f e-con-full e-flex e-con e-parent\" data-id=\"4262c6f\" data-element_type=\"container\" data-e-type=\"container\">\n\t\t\t\t<div class=\"elementor-element elementor-element-cee66b7 elementor-widget elementor-widget-text-editor\" data-id=\"cee66b7\" data-element_type=\"widget\" data-e-type=\"widget\" data-widget_type=\"text-editor.default\">\n\t\t\t\t<div class=\"elementor-widget-container\">\n\t\t\t\t\t\t\t\t\t<div class=\"elementor-element elementor-element-e981c9f elementor-widget elementor-widget-heading\" data-id=\"e981c9f\" data-element_type=\"widget\" data-widget_type=\"heading.default\">\n<div class=\"elementor-widget-container\"><span style=\"font-size: 21px;\"><span style=\"caret-color: #010101; color: #010101; font-family: sinhala-mn; text-align: var(--text-align);\"><br><\/span><\/span><\/div>\n<div class=\"elementor-widget-container\">\n<p><span style=\"font-size: 21px;\">Shiatsu ist eine fern\u00f6stliche Gesundheitslehre. Sie basiert auf der Jahrtausende alten traditionellen chinesischen Medizin. Im Zentrum steht dabei der Mensch und sein Wohlbefinden &#8211; k\u00f6rperlich wie seelisch. Mit unterschiedlichen Druckqualit\u00e4ten arbeite ich entlang der Energieleitbahnen des K\u00f6rpers, um Blockaden zu l\u00f6sen, die Lebenskraft in harmonischen Fluss und den Menschen in Kontakt mit sich&nbsp;selbst und seinen Bed\u00fcrfnissen zu bringen.<\/span><\/p>\n<\/div>\n<\/div>\n<div class=\"elementor-element elementor-element-b039c05 elementor-widget elementor-widget-text-editor\" data-id=\"b039c05\" data-element_type=\"widget\" data-widget_type=\"text-editor.default\">\n<div class=\"elementor-widget-container\">\n<p><span style=\"font-size: 21px;\">Mit Shiatsu gelingt es in einer vertrauensvollen Atmosph\u00e4re neben der Behandlung k\u00f6rperlicher Beschwerdebilder auch Perspektiven f\u00fcr seelische Fragen aufzuweisen \u2013 der ganzheitliche Ansatz und die allumfassende Sichtweise des Menschen entsprechen meiner Auffassung &nbsp;eines nachhaltig guten und gesunden Lebens.<\/span><\/p>\n<p><span style=\"font-size: 21px;\">Shiatsu wirkt tief \u2013 auf allen Ebenen und kann nachweislich helfen Stress zu reduzieren, Verspannungen zu l\u00f6sen und den Schlaf zu verbessern. Dar\u00fcber hinaus kann diese Form der achtsamen Ber\u00fchrung bei allen chronischen Beschwerdebildern als auch bei Schmerzen des gesamten Bewegungsapparates gut unterst\u00fctzen.<\/span><\/p>\n<p><span style=\"font-size: 21px;\">Die Schwerpunkte meiner Arbeit umfassen:<\/span><\/p>\n<p><span style=\"font-size: 21px;\">&nbsp; &nbsp;&#8211; &nbsp; St\u00e4rkung des Immunsystems &amp; der eigenen Lebenskraft<\/span><\/p>\n<p><span style=\"font-size: 21px;\">&nbsp; &nbsp;&#8211; &nbsp; Ruhelosigkeit, Schlafst\u00f6rungen, Angst- &amp; Ersch\u00f6pfungszust\u00e4nde, Burnout-Prophylaxe und Begleitung<\/span><\/p>\n<p><span style=\"font-size: 21px;\">&nbsp; &nbsp;&#8211; &nbsp; Verspannungen aller Art sowie Kopfschmerzen &amp; Migr\u00e4ne<\/span><\/p>\n<p><span style=\"font-size: 21px;\">&nbsp; &nbsp;&#8211; &nbsp; Rehabilitation nach Verletzungen<\/span><\/p>\n<p><span style=\"font-size: 21px;\">&nbsp; &nbsp;&#8211; &nbsp; Begleitung von Kinderwunsch, Schwangerschaft, Wochenbett sowie Menstruations- &amp; Wechselbeschwerden<\/span><\/p>\n<p><span style=\"font-size: 21px;\">&nbsp; &nbsp;&#8211; &nbsp; Begleitung von Patientinnen mit Endometriose &amp; Myomen<\/span><\/p>\n<p><span style=\"font-size: 21px;\">&nbsp; &nbsp;&#8211; &nbsp; Narbenentst\u00f6rung<\/span><\/p>\n<p><span style=\"font-size: 21px;\">Eine Shiatsu Behandlung dauert in der Regel 50 Minuten. Beim Erstgespr\u00e4ch nehme ich mir gerne etwas l\u00e4nger Zeit. Ich arbeite am Boden, meine Klient:Innen liegen auf einer weichen Matte wobei im Bedarfsfall passende Alternativen gefunden werden k\u00f6nnen.<\/span><\/p>\n<p><span style=\"font-size: 21px;\">Shiatsu wird bekleidet ausge\u00fcbt, ich bitte daher meine Klient:Innen bequeme Kleidung und Socken zu ihrer Behandlung mitzubringen in der sie sich gut bewegen k\u00f6nnen. Im Idealfall 1,5-2h vor der Behandlung nicht essen, ausreichend trinken unterst\u00fctzt den K\u00f6rper jedoch vor und nach einer Shiatsu Behandlung.<\/span><\/p>\n<\/div>\n<\/div>\t\t\t\t\t\t\t\t<\/div>\n\t\t\t\t<\/div>\n\t\t\t\t<\/div>\n\t\t\t\t<\/div>\n\t\t","protected":false},"excerpt":{"rendered":"<p>Was ist Shiatsu? Shiatsu ist eine fern\u00f6stliche Gesundheitslehre. Sie basiert auf der Jahrtausende alten traditionellen chinesischen Medizin. Im Zentrum steht [&hellip;]<\/p>\n","protected":false},"author":1,"featured_media":0,"parent":0,"menu_order":0,"comment_status":"closed","ping_status":"closed","template":"","meta":{"site-sidebar-layout":"no-sidebar","site-content-layout":"","ast-site-content-layout":"full-width-container","site-content-style":"default","site-sidebar-style":"default","ast-global-header-display":"","ast-banner-title-visibility":"","ast-main-header-display":"","ast-hfb-above-header-display":"","ast-hfb-below-header-display":"","ast-hfb-mobile-header-display":"","site-post-title":"disabled","ast-breadcrumbs-content":"","ast-featured-img":"disabled","footer-sml-layout":"","ast-disable-related-posts":"","theme-transparent-header-meta":"","adv-header-id-meta":"","stick-header-meta":"","header-above-stick-meta":"","header-main-stick-meta":"","header-below-stick-meta":"","astra-migrate-meta-layouts":"default","ast-page-background-enabled":"default","ast-page-background-meta":{"desktop":{"background-color":"var(--ast-global-color-5)","background-image":"","background-repeat":"repeat","background-position":"center center","background-size":"auto","background-attachment":"scroll","background-type":"","background-media":"","overlay-type":"","overlay-color":"","overlay-opacity":"","overlay-gradient":""},"tablet":{"background-color":"","background-image":"","background-repeat":"repeat","background-position":"center center","background-size":"auto","background-attachment":"scroll","background-type":"","background-media":"","overlay-type":"","overlay-color":"","overlay-opacity":"","overlay-gradient":""},"mobile":{"background-color":"","background-image":"","background-repeat":"repeat","background-position":"center center","background-size":"auto","background-attachment":"scroll","background-type":"","background-media":"","overlay-type":"","overlay-color":"","overlay-opacity":"","overlay-gradient":""}},"ast-content-background-meta":{"desktop":{"background-color":"var(--ast-global-color-4)","background-image":"","background-repeat":"repeat","background-position":"center center","background-size":"auto","background-attachment":"scroll","background-type":"","background-media":"","overlay-type":"","overlay-color":"","overlay-opacity":"","overlay-gradient":""},"tablet":{"background-color":"var(--ast-global-color-4)","background-image":"","background-repeat":"repeat","background-position":"center center","background-size":"auto","background-attachment":"scroll","background-type":"","background-media":"","overlay-type":"","overlay-color":"","overlay-opacity":"","overlay-gradient":""},"mobile":{"background-color":"var(--ast-global-color-4)","background-image":"","background-repeat":"repeat","background-position":"center center","background-size":"auto","background-attachment":"scroll","background-type":"","background-media":"","overlay-type":"","overlay-color":"","overlay-opacity":"","overlay-gradient":""}},"_kadence_starter_templates_imported_post":false,"footnotes":""},"class_list":["post-1190","page","type-page","status-publish","hentry"],"yoast_head":"<!-- This site is optimized with the Yoast SEO plugin v27.4 - https:\/\/yoast.com\/product\/yoast-seo-wordpress\/ -->\n<title>Was ist Shiatsu? -<\/title>\n<meta name=\"robots\" content=\"index, follow, max-snippet:-1, max-image-preview:large, max-video-preview:-1\" \/>\n<link rel=\"canonical\" href=\"https:\/\/2theroot.at\/?page_id=1190\" \/>\n<meta property=\"og:locale\" content=\"de_DE\" \/>\n<meta property=\"og:type\" content=\"article\" \/>\n<meta property=\"og:title\" content=\"Was ist Shiatsu? -\" \/>\n<meta property=\"og:description\" content=\"Was ist Shiatsu? Shiatsu ist eine fern\u00f6stliche Gesundheitslehre. Sie basiert auf der Jahrtausende alten traditionellen chinesischen Medizin. Im Zentrum steht [&hellip;]\" \/>\n<meta property=\"og:url\" content=\"https:\/\/2theroot.at\/?page_id=1190\" \/>\n<meta property=\"article:modified_time\" content=\"2026-02-06T15:42:20+00:00\" \/>\n<meta name=\"twitter:card\" content=\"summary_large_image\" \/>\n<meta name=\"twitter:label1\" content=\"Gesch\u00e4tzte Lesezeit\" \/>\n\t<meta name=\"twitter:data1\" content=\"3\u00a0Minuten\" \/>\n<script type=\"application\/ld+json\" class=\"yoast-schema-graph\">{\"@context\":\"https:\\\/\\\/schema.org\",\"@graph\":[{\"@type\":\"WebPage\",\"@id\":\"https:\\\/\\\/2theroot.at\\\/?page_id=1190\",\"url\":\"https:\\\/\\\/2theroot.at\\\/?page_id=1190\",\"name\":\"Was ist Shiatsu? -\",\"isPartOf\":{\"@id\":\"https:\\\/\\\/2theroot.at\\\/#website\"},\"datePublished\":\"2025-12-12T14:20:31+00:00\",\"dateModified\":\"2026-02-06T15:42:20+00:00\",\"breadcrumb\":{\"@id\":\"https:\\\/\\\/2theroot.at\\\/?page_id=1190#breadcrumb\"},\"inLanguage\":\"de\",\"potentialAction\":[{\"@type\":\"ReadAction\",\"target\":[\"https:\\\/\\\/2theroot.at\\\/?page_id=1190\"]}]},{\"@type\":\"BreadcrumbList\",\"@id\":\"https:\\\/\\\/2theroot.at\\\/?page_id=1190#breadcrumb\",\"itemListElement\":[{\"@type\":\"ListItem\",\"position\":1,\"name\":\"Startseite\",\"item\":\"https:\\\/\\\/2theroot.at\\\/\"},{\"@type\":\"ListItem\",\"position\":2,\"name\":\"Was ist Shiatsu?\"}]},{\"@type\":\"WebSite\",\"@id\":\"https:\\\/\\\/2theroot.at\\\/#website\",\"url\":\"https:\\\/\\\/2theroot.at\\\/\",\"name\":\"\",\"description\":\"Just another WordPress site\",\"potentialAction\":[{\"@type\":\"SearchAction\",\"target\":{\"@type\":\"EntryPoint\",\"urlTemplate\":\"https:\\\/\\\/2theroot.at\\\/?s={search_term_string}\"},\"query-input\":{\"@type\":\"PropertyValueSpecification\",\"valueRequired\":true,\"valueName\":\"search_term_string\"}}],\"inLanguage\":\"de\"}]}<\/script>\n<!-- \/ Yoast SEO plugin. -->","yoast_head_json":{"title":"Was ist Shiatsu? -","robots":{"index":"index","follow":"follow","max-snippet":"max-snippet:-1","max-image-preview":"max-image-preview:large","max-video-preview":"max-video-preview:-1"},"canonical":"https:\/\/2theroot.at\/?page_id=1190","og_locale":"de_DE","og_type":"article","og_title":"Was ist Shiatsu? -","og_description":"Was ist Shiatsu? Shiatsu ist eine fern\u00f6stliche Gesundheitslehre. Sie basiert auf der Jahrtausende alten traditionellen chinesischen Medizin. Im Zentrum steht [&hellip;]","og_url":"https:\/\/2theroot.at\/?page_id=1190","article_modified_time":"2026-02-06T15:42:20+00:00","twitter_card":"summary_large_image","twitter_misc":{"Gesch\u00e4tzte Lesezeit":"3\u00a0Minuten"},"schema":{"@context":"https:\/\/schema.org","@graph":[{"@type":"WebPage","@id":"https:\/\/2theroot.at\/?page_id=1190","url":"https:\/\/2theroot.at\/?page_id=1190","name":"Was ist Shiatsu? -","isPartOf":{"@id":"https:\/\/2theroot.at\/#website"},"datePublished":"2025-12-12T14:20:31+00:00","dateModified":"2026-02-06T15:42:20+00:00","breadcrumb":{"@id":"https:\/\/2theroot.at\/?page_id=1190#breadcrumb"},"inLanguage":"de","potentialAction":[{"@type":"ReadAction","target":["https:\/\/2theroot.at\/?page_id=1190"]}]},{"@type":"BreadcrumbList","@id":"https:\/\/2theroot.at\/?page_id=1190#breadcrumb","itemListElement":[{"@type":"ListItem","position":1,"name":"Startseite","item":"https:\/\/2theroot.at\/"},{"@type":"ListItem","position":2,"name":"Was ist Shiatsu?"}]},{"@type":"WebSite","@id":"https:\/\/2theroot.at\/#website","url":"https:\/\/2theroot.at\/","name":"","description":"Just another WordPress site","potentialAction":[{"@type":"SearchAction","target":{"@type":"EntryPoint","urlTemplate":"https:\/\/2theroot.at\/?s={search_term_string}"},"query-input":{"@type":"PropertyValueSpecification","valueRequired":true,"valueName":"search_term_string"}}],"inLanguage":"de"}]}},"_links":{"self":[{"href":"https:\/\/2theroot.at\/index.php?rest_route=\/wp\/v2\/pages\/1190","targetHints":{"allow":["GET"]}}],"collection":[{"href":"https:\/\/2theroot.at\/index.php?rest_route=\/wp\/v2\/pages"}],"about":[{"href":"https:\/\/2theroot.at\/index.php?rest_route=\/wp\/v2\/types\/page"}],"author":[{"embeddable":true,"href":"https:\/\/2theroot.at\/index.php?rest_route=\/wp\/v2\/users\/1"}],"replies":[{"embeddable":true,"href":"https:\/\/2theroot.at\/index.php?rest_route=%2Fwp%2Fv2%2Fcomments&post=1190"}],"version-history":[{"count":10,"href":"https:\/\/2theroot.at\/index.php?rest_route=\/wp\/v2\/pages\/1190\/revisions"}],"predecessor-version":[{"id":1776,"href":"https:\/\/2theroot.at\/index.php?rest_route=\/wp\/v2\/pages\/1190\/revisions\/1776"}],"wp:attachment":[{"href":"https:\/\/2theroot.at\/index.php?rest_route=%2Fwp%2Fv2%2Fmedia&parent=1190"}],"curies":[{"name":"wp","href":"https:\/\/api.w.org\/{rel}","templated":true}]}}